{"id":689,"date":"2023-03-03T10:09:16","date_gmt":"2023-03-03T15:09:16","guid":{"rendered":"http:\/\/framework.local.loud\/?page_id=689"},"modified":"2025-04-16T14:42:02","modified_gmt":"2025-04-16T18:42:02","slug":"about","status":"publish","type":"page","link":"https:\/\/phoenixrescuemission.louderstaging.com\/es\/about\/","title":{"rendered":"About"},"content":{"rendered":"<h1>\n\t\tMisi\u00f3n de Rescate de Phoenix\n\t<\/h1>\n\t\tPartnering with you to love our neighbors and transform lives for over XX years.\n\t\t\t\t<img loading=\"lazy\" decoding=\"async\" src=\"https:\/\/phoenixrescuemission.louderstaging.com\/wp-content\/uploads\/2025\/02\/Group-2400.webp\" alt=\"Group 2400\" itemprop=\"image\" height=\"959\" width=\"816\" title=\"Grupo 2400\" onerror=\"this.style.display='none'\"  \/>\n\t\t\t\t<img loading=\"lazy\" decoding=\"async\" src=\"https:\/\/phoenixrescuemission.louderstaging.com\/wp-content\/uploads\/2025\/02\/Group-2400.webp\" alt=\"Group 2400\" itemprop=\"image\" height=\"959\" width=\"816\" title=\"Grupo 2400\" onerror=\"this.style.display='none'\"  \/>\n\t\t\t\t<img loading=\"lazy\" decoding=\"async\" src=\"https:\/\/phoenixrescuemission.louderstaging.com\/wp-content\/uploads\/2025\/02\/Group-2400.webp\" alt=\"Group 2400\" itemprop=\"image\" height=\"959\" width=\"816\" title=\"Grupo 2400\" onerror=\"this.style.display='none'\"  \/>\n<h3>\n\t\tJuntos estamos amando a nuestros vecinos para darles una nueva vida.\n\t<\/h3>\n\t<p>Nadie hace lo que hacemos, c\u00f3mo lo hacemos, en la escala que lo hacemos, con el amor que lo hacemos.<\/p>\n\t\t\t\t<img loading=\"lazy\" decoding=\"async\" src=\"https:\/\/phoenixrescuemission.louderstaging.com\/wp-content\/uploads\/2025\/02\/Group-2473.webp\" alt=\"Group 2473\" itemprop=\"image\" height=\"665\" width=\"779\" title=\"Grupo 2473\" onerror=\"this.style.display='none'\"  \/>\n\t\tNuestra misi\u00f3n\n<h2>\n\t\tAmor. Esperanza. Transformaci\u00f3n.\n\t<\/h2>\n\t<p>Phoenix Rescue Mission exists to share God&#8217;s love, hope, and healing with all who are hurting in the Valley.<\/p>\n<p>Con la ayuda de socios como usted, proporcionamos soluciones inmediatas e integrales centradas en Cristo para nuestros vecinos atrapados en los ciclos del hambre, la falta de vivienda, la adicci\u00f3n y la pobreza.<\/p>\n\t\tAyuda inmediata, completa y duradera\n<h2>\n\t\tGod&#8217;s love is more powerful than homelessness, hunger, poverty or addiction.\n\t<\/h2>\n\t<p>Thanks to the support of partners like you, last year&#8230;<\/p>\n\t\t<!-- Comment to fix spacing issue\n\t-->\n\t\t0K+\n\t<!-- Comment to fix spacing issue\n\t-->\t\n\t<p>Hogares atendidos a trav\u00e9s de nuestro banco de alimentos y despensas m\u00f3viles.<\/p>\n\t\t<!-- Comment to fix spacing issue\n\t-->\n\t\t0\n\t<!-- Comment to fix spacing issue\n\t-->\t\n\t<p>La gente fue rescatada de las calles.<\/p>\n\t\t<!-- Comment to fix spacing issue\n\t-->\n\t\t0\n\t<!-- Comment to fix spacing issue\n\t-->\t\n\t<p>La gente se uni\u00f3 a nuestro programa de recuperaci\u00f3n de un a\u00f1o.<\/p>\n<h2>\n\t\tOur Values\n\t<\/h2>\n\t\t\t\t<img loading=\"lazy\" decoding=\"async\" src=\"https:\/\/phoenixrescuemission.louderstaging.com\/wp-content\/uploads\/2025\/02\/We-Follow-Jesus.png\" alt=\"We Follow Jesus\" itemprop=\"image\" height=\"150\" width=\"150\" title=\"Seguimos a Jes\u00fas\" onerror=\"this.style.display='none'\"  \/>\n<h3>\n\t\tSeguimos a Jes\u00fas\n\t<\/h3>\n\t<p>En Phoenix Rescue Mission, la gente continuamente da gloria y gracias a Dios. Vivimos nuestra fe pasando tiempo en la Palabra, compartiendo la Buena Nueva, orando unos con otros y adorando en comunidad. Servimos a nuestros vecinos necesitados como las manos y los pies de Jes\u00fas.<\/p>\n\t\t\t\t<img loading=\"lazy\" decoding=\"async\" src=\"https:\/\/phoenixrescuemission.louderstaging.com\/wp-content\/uploads\/2025\/04\/We-Go-the-Extra-Mile.png\" alt=\"We Go the Extra Mile\" itemprop=\"image\" height=\"150\" width=\"150\" title=\"Vamos m\u00e1s all\u00e1\" onerror=\"this.style.display='none'\"  \/>\n<h3>\n\t\tVamos m\u00e1s all\u00e1\n\t<\/h3>\n\t<p>At Phoenix Rescue Mission, we don&#8217;t settle for good enough. We go above and beyond. We take initiative. We communicate and collaborate well. We persevere. We love. We serve. We forgive.<\/p>\n\t\t\t\t<img loading=\"lazy\" decoding=\"async\" src=\"https:\/\/phoenixrescuemission.louderstaging.com\/wp-content\/uploads\/2025\/02\/We-Love-and-Respect-One-Another.png\" alt=\"We Love and Respect One Another\" itemprop=\"image\" height=\"150\" width=\"150\" title=\"Nos queremos y nos respetamos\" onerror=\"this.style.display='none'\"  \/>\n<h3>\n\t\tWe Love &#038; Respect One Another\n\t<\/h3>\n\t<p>At Phoenix Rescue Mission, we believe that relationship is the best way to share God&#8217;s love. We put people first, have servant&#8217;s hearts, and are committed to brave, direct, and loving communication. We bravely and gently engage with each other when delivering or receiving difficult feedback and seek to restore strained relationships.<\/p>\n\t\t\t\t<img loading=\"lazy\" decoding=\"async\" src=\"https:\/\/phoenixrescuemission.louderstaging.com\/wp-content\/uploads\/2025\/02\/We-Steward-Everything-Wisely.png\" alt=\"We Steward Everything Wisely\" itemprop=\"image\" height=\"150\" width=\"150\" title=\"Administramos todo con sabidur\u00eda\" onerror=\"this.style.display='none'\"  \/>\n<h3>\n\t\tAdministramos todo con sabidur\u00eda\n\t<\/h3>\n\t<p>En Phoenix Rescue Mission, creemos que todos nuestros recursos provienen del Se\u00f1or y deben ser valorados y cuidados. Gastamos sabiamente, usamos el tiempo eficazmente, invertimos en nuestro desarrollo personal y compartimos libremente nuestros conocimientos y experiencia. Nuestro objetivo es servir a la gente hoy, ma\u00f1ana y mientras Dios lo permita.<\/p>\n<h2>\n\t\tTake a Virtual Tour\n\t<\/h2>\n\t<p>Eche un vistazo a los milagros que ocurren cada d\u00eda en la Misi\u00f3n.<\/p>\n\t\t<a href=\"https:\/\/www.youtube.com\/watch?v=A7ZkZazfvao\" data-fancybox>\n\t\t\t<img decoding=\"async\" src=\"https:\/\/phoenixrescuemission.louderstaging.com\/wp-content\/uploads\/2024\/07\/n0h5oqzinsu.jpg\" alt=\"\"\/>\n\t\t\t\tReproducir v\u00eddeo\n\t\t<\/a>\n\t\t\t\t<img loading=\"lazy\" decoding=\"async\" src=\"https:\/\/phoenixrescuemission.louderstaging.com\/wp-content\/uploads\/2025\/02\/Group-2400.webp\" alt=\"Group 2400\" itemprop=\"image\" height=\"959\" width=\"816\" title=\"Grupo 2400\" onerror=\"this.style.display='none'\"  \/>\n<h3>\n\t\tQui\u00e9nes somos\n\t<\/h3>\n\t<p>Ponga cara a un nombre.<\/p>\n\t\t\t<a href=\"\/es\/about\/\/team\/\" target=\"_self\">\n\t\t\t\t\t\t\tConoce a nuestro equipo\n\t\t\t\t\t<\/a>\n\t\t\t\t<img loading=\"lazy\" decoding=\"async\" src=\"https:\/\/phoenixrescuemission.louderstaging.com\/wp-content\/uploads\/2025\/02\/Group-2400.webp\" alt=\"Group 2400\" itemprop=\"image\" height=\"959\" width=\"816\" title=\"Grupo 2400\" onerror=\"this.style.display='none'\"  \/>\n<h3>\n\t\tResponsabilidad financiera\n\t<\/h3>\n\t<p>Phoenix Rescue Mission est\u00e1 comprometida con los m\u00e1s altos est\u00e1ndares de administraci\u00f3n financiera, responsabilidad y transparencia, y nuestras calificaciones reflejan esa dedicaci\u00f3n.<\/p>\n\t\t\t<a href=\"\/es\/about\/impact\/\" target=\"_self\">\n\t\t\t\t\t\t\tConsulte nuestros informes financieros\n\t\t\t\t\t<\/a>\n\t\t\t\t<img loading=\"lazy\" decoding=\"async\" src=\"https:\/\/phoenixrescuemission.louderstaging.com\/wp-content\/uploads\/2025\/02\/Group-2400.webp\" alt=\"Group 2400\" itemprop=\"image\" height=\"959\" width=\"816\" title=\"Grupo 2400\" onerror=\"this.style.display='none'\"  \/>\n<h3>\n\t\tCarreras profesionales\n\t<\/h3>\n\t<p>\u00bfQuieres amar a tu pr\u00f3jimo y honrar a Dios a trav\u00e9s de tu trabajo? \u00a1Considera unirte a nuestro equipo!<\/p>\n\t\t\t<a href=\"\/es\/about\/careers\/\" target=\"_self\">\n\t\t\t\t\t\t\tVer puestos vacantes\n\t\t\t\t\t<\/a>\n<h2>\n\t\tNuestra Historia\n\t<\/h2>\n\t<p>Where we&#8217;ve been has made us <strong>que eran son<\/strong>.<\/p>\n\t\t\t\t\t\t\t\t\t\t\t\t\t\t\t\t\t\t\t\t\t\t\t<img decoding=\"async\" src=\"https:\/\/phoenixrescuemission.louderstaging.com\/wp-content\/uploads\/2024\/07\/l5v44ufjvye.jpg\" alt=\"\"\/>\n\t\t\t\t\t\t\t\t\t\t\t\t\t\t\t\t\t\t\t<h3>1952-1969<\/h3>\n\t\t\t\t\t\t\t\t\t<p>After quick initial growth, the original Phoenix Gospel Mission settles in a building on Jackson and S. 3rd St., the current site of Chase Field. The Mission serves 40 meals a day and holds a nightly chapel service.In 1969, Phoenix Gospel Mission moves to the Utah Hotel on 4th Ave. and Washington, currently the site of Arizona Federal Theatre.The Operating Budget printed in the Dec. 1963 newsletter shows total expenses of $137.53.<\/p>\t\t\t\t\t\t\t\t\n\t\t\t\t\t\t\t\t\t\t\t\t\t\t\t\t\t\t\t\t\t\t\t<img decoding=\"async\" src=\"https:\/\/phoenixrescuemission.louderstaging.com\/wp-content\/uploads\/2024\/07\/l5v44ufjvye.jpg\" alt=\"\"\/>\n\t\t\t\t\t\t\t\t\t\t\t\t\t\t\t\t\t\t\t<h3>1970-1994<\/h3>\n\t\t\t\t\t\t\t\t\t<p>Carl Spacone serves as the first Executive Director of the Mission until his death in 1993. His wife, Dorothy, who served as bookkeeper and women&#8217;s counselor, takes over her husband&#8217;s role as Executive Director for the next year. She and Carl raised seven children.The Dial-A-Worker program gains recognition from President Ronald Reagan.<\/p>\t\t\t\t\t\t\t\t\n\t\t\t\t\t\t\t\t\t\t\t\t\t\t\t\t\t\t\t\t\t\t\t<img decoding=\"async\" src=\"https:\/\/phoenixrescuemission.louderstaging.com\/wp-content\/uploads\/2024\/07\/l5v44ufjvye.jpg\" alt=\"\"\/>\n\t\t\t\t\t\t\t\t\t\t\t\t\t\t\t\t\t\t\t<h3>1991-1996<\/h3>\n\t\t\t\t\t\t\t\t\t<p>In 1991, eminent domain requires the Mission to move again. Phoenix Gospel Mission is moved to the current Transforming Lives Center location at 1801 S. 35th Ave.Don Johnson becomes the next Executive Director in 1994 and the Mission continues to grow.<\/p>\t\t\t\t\t\t\t\t\n\t\t\t\t\t\t\t\t\t\t\t\t\t\t\t\t\t\t\t\t\t\t\t<img decoding=\"async\" src=\"https:\/\/phoenixrescuemission.louderstaging.com\/wp-content\/uploads\/2024\/07\/l5v44ufjvye.jpg\" alt=\"\"\/>\n\t\t\t\t\t\t\t\t\t\t\t\t\t\t\t\t\t\t\t<h3>1996-1999<\/h3>\n\t\t\t\t\t\t\t\t\t<p>Phoenix Gospel Mission changes its name to Phoenix Rescue Mission.Jerry Sandvig joins the Mission staff as Executive Director in 1999. During Jerry&#8217;s tenure the number of employees grows from 9 to 50 as programs expand to meet the need.<\/p>\t\t\t\t\t\t\t\t\n\t\t\t\t\t\t\t\t\t\t\t\t\t\t\t\t\t\t\t\t\t\t\t<img decoding=\"async\" src=\"https:\/\/phoenixrescuemission.louderstaging.com\/wp-content\/uploads\/2024\/07\/l5v44ufjvye.jpg\" alt=\"\"\/>\n\t\t\t\t\t\t\t\t\t\t\t\t\t\t\t\t\t\t\t<h3>2000-2012<\/h3>\n\t\t\t\t\t\t\t\t\t<p>The Changing Lives Center, PRM&#8217;s dream to serve the needs of women and children, takes shape.The Hope Coach begins serving the needs of those living on the street.The Changing Lives Center for Women and Children opens in August 2011.Jay Cory joins the Mission team as President and CEO in 2011, bringing with him extensive solutions-based program experience and an expanding vision for serving our community in new and innovative ways.In 2012, Arizona Governor Jan Brewer recognizes PRM for 60 years of service.<\/p>\t\t\t\t\t\t\t\t\n\t\t\t\t\t\t\t\t\t\t\t\t\t\t\t\t\t\t\t\t\t\t\t<img decoding=\"async\" src=\"https:\/\/phoenixrescuemission.louderstaging.com\/wp-content\/uploads\/2024\/07\/l5v44ufjvye.jpg\" alt=\"\"\/>\n\t\t\t\t\t\t\t\t\t\t\t\t\t\t\t\t\t\t\t<h3>2013-Presente<\/h3>\n\t\t\t\t\t\t\t\t\t<p>Hope For Hunger Food Bank, the largest food bank in Glendale, is acquired by Phoenix Rescue Mission to serve low-income families in the area every weekday.PRM partners with City of Glendale to launch the &#8220;Glendale Works&#8221; program to assist individuals faced with insurmountable, life-controlling problems by offering them the opportunity to earn real wages and connect with services.Phoenix Rescue Mission grows to over 100 employees.Bringing 25 years of executive leadership experience, Ken Brissa joined PRM as CEO in February 2020.Ground is broken for the new Life Recovery Building that would hold 360 men in the Transformations Recovery Program, and construction is completed late summer 2021.Phoenix Rescue Mission celebrates 70 years of life-transforming change across the Valley.<\/p>\t\t\t\t\t\t\t\t\n<h2>\n\t\tParticipa\n\t<\/h2>\n\t<p>La transformaci\u00f3n duradera pasa por amar al pr\u00f3jimo en lo que m\u00e1s necesita<\/p>\n\t\t\t\t<img loading=\"lazy\" decoding=\"async\" src=\"https:\/\/phoenixrescuemission.louderstaging.com\/wp-content\/uploads\/2025\/02\/Give.png\" alt=\"Give\" itemprop=\"image\" height=\"150\" width=\"150\" title=\"Danos\" onerror=\"this.style.display='none'\"  \/>\n<h3>\n\t\tDanos\n\t<\/h3>\n\t<p>Su apoyo trae esperanza a hombres, mujeres y ni\u00f1os, proporcionando las necesidades b\u00e1sicas, recursos que cambian la vida, y la atenci\u00f3n esencial centrada en Cristo son la recuperaci\u00f3n. <\/p>\n\t\t\t\t<img loading=\"lazy\" decoding=\"async\" src=\"https:\/\/phoenixrescuemission.louderstaging.com\/wp-content\/uploads\/2025\/02\/Volunteer.png\" alt=\"Volunteer\" itemprop=\"image\" height=\"150\" width=\"150\" title=\"Voluntario\" onerror=\"this.style.display='none'\"  \/>\n<h3>\n\t\tVoluntario\n\t<\/h3>\n\t<p>Establezca relaciones, comparta sus conocimientos y vea c\u00f3mo se transforman vidas. <\/p>\n\t\t\t\t<img loading=\"lazy\" decoding=\"async\" src=\"https:\/\/phoenixrescuemission.louderstaging.com\/wp-content\/uploads\/2025\/02\/Spread-the-word.png\" alt=\"Spread the word\" itemprop=\"image\" height=\"150\" width=\"150\" title=\"Corre la voz\" onerror=\"this.style.display='none'\"  \/>\n<h3>\n\t\tCorre la voz\n\t<\/h3>\n\t<p>Encu\u00e9ntranos en Facebook e Instagram, donde puedes comentar las publicaciones y animar a m\u00e1s gente a amar a sus vecinos. <\/p>\n\t\t\t<a href=\"\/es\/get-involved\/\" target=\"_self\">\n\t\t\t\t\t\t\tM\u00e1s formas de ayudar\n\t\t\t\t\t<\/a>","protected":false},"excerpt":{"rendered":"<p>Phoenix Rescue Mission Partnering with you to love our neighbors and transform lives for over XX years. Together we are loving our neighbors into new lives! No one does what we do, how we do, on the scale we do, with the love we do. Our Mission Love. Hope. Transformation. Phoenix Rescue Mission exists to&hellip;<\/p>","protected":false},"author":7,"featured_media":0,"parent":0,"menu_order":0,"comment_status":"closed","ping_status":"closed","template":"","meta":{"_acf_changed":false,"footnotes":""},"class_list":["post-689","page","type-page","status-publish","hentry"],"acf":[],"yoast_head":"<!-- This site is optimized with the Yoast SEO plugin v25.8 - https:\/\/yoast.com\/wordpress\/plugins\/seo\/ -->\n<title>About - Phoenix Rescue Mission<\/title>\n<meta name=\"robots\" content=\"index, follow, max-snippet:-1, max-image-preview:large, max-video-preview:-1\" \/>\n<link rel=\"canonical\" href=\"https:\/\/phoenixrescuemission.louderstaging.com\/es\/about\/\" \/>\n<meta property=\"og:locale\" content=\"es_MX\" \/>\n<meta property=\"og:type\" content=\"article\" \/>\n<meta property=\"og:title\" content=\"About - Phoenix Rescue Mission\" \/>\n<meta property=\"og:description\" content=\"Phoenix Rescue Mission Partnering with you to love our neighbors and transform lives for over XX years. Together we are loving our neighbors into new lives! No one does what we do, how we do, on the scale we do, with the love we do. Our Mission Love. Hope. Transformation. Phoenix Rescue Mission exists to&hellip;\" \/>\n<meta property=\"og:url\" content=\"https:\/\/phoenixrescuemission.louderstaging.com\/es\/about\/\" \/>\n<meta property=\"og:site_name\" content=\"Phoenix Rescue Mission\" \/>\n<meta property=\"article:modified_time\" content=\"2025-04-16T18:42:02+00:00\" \/>\n<meta property=\"og:image\" content=\"https:\/\/phoenixrescuemission.louderstaging.com\/wp-content\/uploads\/2025\/02\/Group-2400.webp\" \/>\n<meta name=\"twitter:card\" content=\"summary_large_image\" \/>\n<script type=\"application\/ld+json\" class=\"yoast-schema-graph\">{\"@context\":\"https:\/\/schema.org\",\"@graph\":[{\"@type\":\"WebPage\",\"@id\":\"https:\/\/phoenixrescuemission.louderstaging.com\/about\/\",\"url\":\"https:\/\/phoenixrescuemission.louderstaging.com\/about\/\",\"name\":\"About - Phoenix Rescue Mission\",\"isPartOf\":{\"@id\":\"https:\/\/phoenixrescuemission.louderstaging.com\/#website\"},\"primaryImageOfPage\":{\"@id\":\"https:\/\/phoenixrescuemission.louderstaging.com\/about\/#primaryimage\"},\"image\":{\"@id\":\"https:\/\/phoenixrescuemission.louderstaging.com\/about\/#primaryimage\"},\"thumbnailUrl\":\"https:\/\/phoenixrescuemission.louderstaging.com\/wp-content\/uploads\/2025\/02\/Group-2400.webp\",\"datePublished\":\"2023-03-03T15:09:16+00:00\",\"dateModified\":\"2025-04-16T18:42:02+00:00\",\"breadcrumb\":{\"@id\":\"https:\/\/phoenixrescuemission.louderstaging.com\/about\/#breadcrumb\"},\"inLanguage\":\"es\",\"potentialAction\":[{\"@type\":\"ReadAction\",\"target\":[\"https:\/\/phoenixrescuemission.louderstaging.com\/about\/\"]}]},{\"@type\":\"ImageObject\",\"inLanguage\":\"es\",\"@id\":\"https:\/\/phoenixrescuemission.louderstaging.com\/about\/#primaryimage\",\"url\":\"https:\/\/phoenixrescuemission.louderstaging.com\/wp-content\/uploads\/2025\/02\/Group-2400.webp\",\"contentUrl\":\"https:\/\/phoenixrescuemission.louderstaging.com\/wp-content\/uploads\/2025\/02\/Group-2400.webp\"},{\"@type\":\"BreadcrumbList\",\"@id\":\"https:\/\/phoenixrescuemission.louderstaging.com\/about\/#breadcrumb\",\"itemListElement\":[{\"@type\":\"ListItem\",\"position\":1,\"name\":\"Home\",\"item\":\"https:\/\/phoenixrescuemission.louderstaging.com\/\"},{\"@type\":\"ListItem\",\"position\":2,\"name\":\"About\"}]},{\"@type\":\"WebSite\",\"@id\":\"https:\/\/phoenixrescuemission.louderstaging.com\/#website\",\"url\":\"https:\/\/phoenixrescuemission.louderstaging.com\/\",\"name\":\"Phoenix Rescue Mission\",\"description\":\"\",\"potentialAction\":[{\"@type\":\"SearchAction\",\"target\":{\"@type\":\"EntryPoint\",\"urlTemplate\":\"https:\/\/phoenixrescuemission.louderstaging.com\/?s={search_term_string}\"},\"query-input\":{\"@type\":\"PropertyValueSpecification\",\"valueRequired\":true,\"valueName\":\"search_term_string\"}}],\"inLanguage\":\"es\"}]}<\/script>\n<!-- \/ Yoast SEO plugin. -->","yoast_head_json":{"title":"About - Phoenix Rescue Mission","robots":{"index":"index","follow":"follow","max-snippet":"max-snippet:-1","max-image-preview":"max-image-preview:large","max-video-preview":"max-video-preview:-1"},"canonical":"https:\/\/phoenixrescuemission.louderstaging.com\/es\/about\/","og_locale":"es_MX","og_type":"article","og_title":"About - Phoenix Rescue Mission","og_description":"Phoenix Rescue Mission Partnering with you to love our neighbors and transform lives for over XX years. Together we are loving our neighbors into new lives! No one does what we do, how we do, on the scale we do, with the love we do. Our Mission Love. Hope. Transformation. Phoenix Rescue Mission exists to&hellip;","og_url":"https:\/\/phoenixrescuemission.louderstaging.com\/es\/about\/","og_site_name":"Phoenix Rescue Mission","article_modified_time":"2025-04-16T18:42:02+00:00","og_image":[{"url":"https:\/\/phoenixrescuemission.louderstaging.com\/wp-content\/uploads\/2025\/02\/Group-2400.webp","type":"","width":"","height":""}],"twitter_card":"summary_large_image","schema":{"@context":"https:\/\/schema.org","@graph":[{"@type":"WebPage","@id":"https:\/\/phoenixrescuemission.louderstaging.com\/about\/","url":"https:\/\/phoenixrescuemission.louderstaging.com\/about\/","name":"About - Phoenix Rescue Mission","isPartOf":{"@id":"https:\/\/phoenixrescuemission.louderstaging.com\/#website"},"primaryImageOfPage":{"@id":"https:\/\/phoenixrescuemission.louderstaging.com\/about\/#primaryimage"},"image":{"@id":"https:\/\/phoenixrescuemission.louderstaging.com\/about\/#primaryimage"},"thumbnailUrl":"https:\/\/phoenixrescuemission.louderstaging.com\/wp-content\/uploads\/2025\/02\/Group-2400.webp","datePublished":"2023-03-03T15:09:16+00:00","dateModified":"2025-04-16T18:42:02+00:00","breadcrumb":{"@id":"https:\/\/phoenixrescuemission.louderstaging.com\/about\/#breadcrumb"},"inLanguage":"es","potentialAction":[{"@type":"ReadAction","target":["https:\/\/phoenixrescuemission.louderstaging.com\/about\/"]}]},{"@type":"ImageObject","inLanguage":"es","@id":"https:\/\/phoenixrescuemission.louderstaging.com\/about\/#primaryimage","url":"https:\/\/phoenixrescuemission.louderstaging.com\/wp-content\/uploads\/2025\/02\/Group-2400.webp","contentUrl":"https:\/\/phoenixrescuemission.louderstaging.com\/wp-content\/uploads\/2025\/02\/Group-2400.webp"},{"@type":"BreadcrumbList","@id":"https:\/\/phoenixrescuemission.louderstaging.com\/about\/#breadcrumb","itemListElement":[{"@type":"ListItem","position":1,"name":"Home","item":"https:\/\/phoenixrescuemission.louderstaging.com\/"},{"@type":"ListItem","position":2,"name":"About"}]},{"@type":"WebSite","@id":"https:\/\/phoenixrescuemission.louderstaging.com\/#website","url":"https:\/\/phoenixrescuemission.louderstaging.com\/","name":"Misi\u00f3n de Rescate de Phoenix","description":"","potentialAction":[{"@type":"SearchAction","target":{"@type":"EntryPoint","urlTemplate":"https:\/\/phoenixrescuemission.louderstaging.com\/?s={search_term_string}"},"query-input":{"@type":"PropertyValueSpecification","valueRequired":true,"valueName":"search_term_string"}}],"inLanguage":"es"}]}},"_links":{"self":[{"href":"https:\/\/phoenixrescuemission.louderstaging.com\/es\/wp-json\/wp\/v2\/pages\/689","targetHints":{"allow":["GET"]}}],"collection":[{"href":"https:\/\/phoenixrescuemission.louderstaging.com\/es\/wp-json\/wp\/v2\/pages"}],"about":[{"href":"https:\/\/phoenixrescuemission.louderstaging.com\/es\/wp-json\/wp\/v2\/types\/page"}],"author":[{"embeddable":true,"href":"https:\/\/phoenixrescuemission.louderstaging.com\/es\/wp-json\/wp\/v2\/users\/7"}],"replies":[{"embeddable":true,"href":"https:\/\/phoenixrescuemission.louderstaging.com\/es\/wp-json\/wp\/v2\/comments?post=689"}],"version-history":[{"count":21,"href":"https:\/\/phoenixrescuemission.louderstaging.com\/es\/wp-json\/wp\/v2\/pages\/689\/revisions"}],"predecessor-version":[{"id":8805,"href":"https:\/\/phoenixrescuemission.louderstaging.com\/es\/wp-json\/wp\/v2\/pages\/689\/revisions\/8805"}],"wp:attachment":[{"href":"https:\/\/phoenixrescuemission.louderstaging.com\/es\/wp-json\/wp\/v2\/media?parent=689"}],"curies":[{"name":"wp","href":"https:\/\/api.w.org\/{rel}","templated":true}]}}