{"id":6702,"date":"2025-02-13T15:21:23","date_gmt":"2025-02-13T20:21:23","guid":{"rendered":"https:\/\/phoenixrescuemission.louderstaging.com\/about\/logo-brand\/"},"modified":"2025-03-25T17:18:11","modified_gmt":"2025-03-25T21:18:11","slug":"logo-and-brand","status":"publish","type":"page","link":"https:\/\/phoenixrescuemission.louderstaging.com\/es\/about\/logo-and-brand\/","title":{"rendered":"Logotipo y marca"},"content":{"rendered":"<h1>\n\t\tNuestro logotipo y marca\n\t<\/h1>\n\t<p><strong>Gracias por unirse a nosotros para transformar vidas en el Valle del Sol.<\/strong><\/p>\n\t<p>Le invitamos a que descargue y utilice nuestro logotipo en su material si est\u00e1 organizando una colecci\u00f3n, campa\u00f1a, evento, programa o promoci\u00f3n en asociaci\u00f3n con la Misi\u00f3n. Nuestra \u00fanica petici\u00f3n es que se utilice siempre de acuerdo con nuestras directrices de marca, que puede consultar y descargar haciendo clic en el bot\u00f3n siguiente.<\/p>\n<p>Si no est\u00e1 seguro de qu\u00e9 versi\u00f3n del logotipo debe utilizar, normalmente recomendamos la versi\u00f3n <a href=\"https:\/\/phoenixrescuemission.louderstaging.com\/wp-content\/uploads\/2025\/03\/PRM_2line_notag_4C_CMYK-High-Quality.png\" target=\"_blank\" rel=\"noopener\">Versi\u00f3n PNG de 2 l\u00edneas sin eslogan<\/a>.<\/p>\n<p>Our brand guidelines also include &#8220;do&#8217;s and do not&#8217;s&#8221; of logo usage, spacing requirements, and all of our brand colors (PMS, CMYK, RGB, and HEX).<\/p>\n<p>Si necesita una versi\u00f3n alternativa de nuestro logotipo (negro, blanco, rojo u otro), puede <a href=\"https:\/\/phoenixrescuemission.louderstaging.com\/es\/contact\/\">pulse aqu\u00ed para ponerse en contacto con nosotros<\/a>.<\/p>\n\t\t\t<a href=\"https:\/\/phoenixrescuemission.louderstaging.com\/wp-content\/uploads\/2025\/03\/PRM-Brand-Guidelines_2021.pdf\" target=\"_blank\" rel=\"noopener\">\n\t\t\t\t\t\t\tVer las directrices de la marca PRM en PDF\n\t\t\t\t\t<\/a>\n<h2>\n\t\tPhoenix Rescue Mission Logos \n\t<\/h2>\n\t\t\t\t<img loading=\"lazy\" decoding=\"async\" src=\"https:\/\/phoenixrescuemission.louderstaging.com\/wp-content\/uploads\/2025\/03\/PRM_1line_notag_4C_CMYK-High-Quality-1024x335-1.webp\" alt=\"PRM_1line_notag_4C_CMYK-High-Quality-1024x335-1\" itemprop=\"image\" height=\"335\" width=\"1024\" title=\"PRM_1line_notag_4C_CMYK-High-Quality-1024x335-1\" onerror=\"this.style.display='none'\"  \/>\n\t<p><a href=\"https:\/\/phoenixrescuemission.louderstaging.com\/wp-content\/uploads\/2025\/03\/PRM_1line_notag_4C_CMYK-High-Quality.jpg\" target=\"_blank\" rel=\"noopener\">JPEG<\/a> | <a href=\"https:\/\/phoenixrescuemission.louderstaging.com\/wp-content\/uploads\/2025\/03\/PRM_1line_notag_4C_CMYK-High-Quality.png\" target=\"_blank\" rel=\"noopener\">PNG<\/a> | <a href=\"https:\/\/www.dropbox.com\/scl\/fi\/s299pvpri84enp8xdzkn6\/PRM_1line_notag_4C_CMYK.eps?rlkey=e311aqch42m1fo95uw3c6pd13&amp;e=1&amp;dl=0\" target=\"_blank\" rel=\"noopener\">EPS<\/a><\/p>\n\t\t\t\t<img loading=\"lazy\" decoding=\"async\" src=\"https:\/\/phoenixrescuemission.louderstaging.com\/wp-content\/uploads\/2025\/03\/PRM_2line_notag_4C_CMYK-High-Quality-1024x478-1.webp\" alt=\"PRM_2line_notag_4C_CMYK-High-Quality-1024x478-1\" itemprop=\"image\" height=\"478\" width=\"1024\" title=\"PRM_2line_notag_4C_CMYK-High-Quality-1024x478-1\" onerror=\"this.style.display='none'\"  \/>\n\t<p><a href=\"https:\/\/phoenixrescuemission.louderstaging.com\/wp-content\/uploads\/2025\/03\/PRM_2line_notag_4C_CMYK-High-Quality.jpg\" target=\"_blank\" rel=\"noopener\">JPEG<\/a> | <a href=\"https:\/\/phoenixrescuemission.louderstaging.com\/wp-content\/uploads\/2025\/03\/PRM_2line_notag_4C_CMYK-High-Quality-1.png\" target=\"_blank\" rel=\"noopener\">PNG<\/a> | <a href=\"https:\/\/www.dropbox.com\/scl\/fi\/03c6awr2sbqobwp31t486\/PRM_2line_notag_4C_CMYK.eps?rlkey=f4w3ciuze0szlew8ppn6dp1j1&amp;e=1&amp;dl=0\" target=\"_blank\" rel=\"noopener\">EPS<\/a><\/p>\n\t\t\t\t<img loading=\"lazy\" decoding=\"async\" src=\"https:\/\/phoenixrescuemission.louderstaging.com\/wp-content\/uploads\/2025\/03\/PRM_3line_notag_4C_CMYK-High-Quality-1024x950-1.webp\" alt=\"PRM_3line_notag_4C_CMYK-High-Quality-1024x950-1\" itemprop=\"image\" height=\"950\" width=\"1024\" title=\"PRM_3line_notag_4C_CMYK-High-Quality-1024x950-1\" onerror=\"this.style.display='none'\"  \/>\n\t<p><a href=\"https:\/\/phoenixrescuemission.louderstaging.com\/wp-content\/uploads\/2025\/03\/PRM_3line_notag_4C_CMYK-High-Quality.jpg\" target=\"_blank\" rel=\"noopener\">JPEG<\/a> | <a href=\"https:\/\/phoenixrescuemission.louderstaging.com\/wp-content\/uploads\/2025\/03\/PRM_3line_notag_4C_CMYK-High-Quality-1.webp\" target=\"_blank\" rel=\"noopener\">PNG<\/a> | <a href=\"https:\/\/www.dropbox.com\/scl\/fi\/z7xfcy5vxprvxg14a7t5i\/PRM_3line_notag_4C_CMYK.eps?rlkey=5h6vihisyotdzs1cspvzkujxq&amp;e=1&amp;dl=0\" target=\"_blank\" rel=\"noopener\">EPS<\/a><\/p>\n\t\t\t\t<img loading=\"lazy\" decoding=\"async\" src=\"https:\/\/phoenixrescuemission.louderstaging.com\/wp-content\/uploads\/2025\/03\/PRM_1line_RGB-1536x600-1.jpeg\" alt=\"PRM_1line_RGB-1536x600-1\" itemprop=\"image\" height=\"600\" width=\"1536\" title=\"PRM_1line_RGB-1536x600-1\" onerror=\"this.style.display='none'\"  \/>\n\t<p><a href=\"https:\/\/phoenixrescuemission.louderstaging.com\/wp-content\/uploads\/2025\/03\/PRM_1line_RGB.jpg\" target=\"_blank\" rel=\"noopener\">JPEG<\/a> | <a href=\"https:\/\/phoenixrescuemission.louderstaging.com\/wp-content\/uploads\/2025\/03\/PRM_1line_RGB.webp\" target=\"_blank\" rel=\"noopener\">PNG<\/a> | <a href=\"https:\/\/www.dropbox.com\/scl\/fi\/yb7czs6hr8z72l7dxk2v0\/PRM_1line_4C_CMYK.eps?rlkey=qoei6k0lehm3khpxqqgprijvv&amp;e=1&amp;dl=0\" target=\"_blank\" rel=\"noopener\">EPS<\/a><\/p>\n\t\t\t\t<img loading=\"lazy\" decoding=\"async\" src=\"https:\/\/phoenixrescuemission.louderstaging.com\/wp-content\/uploads\/2025\/03\/PRM_2line_RGB-1536x941-1.jpeg\" alt=\"PRM_2line_RGB-1536x941-1\" itemprop=\"image\" height=\"941\" width=\"1536\" title=\"PRM_2line_RGB-1536x941-1\" onerror=\"this.style.display='none'\"  \/>\n\t<p><a href=\"https:\/\/phoenixrescuemission.louderstaging.com\/wp-content\/uploads\/2025\/03\/PRM_2line_RGB.jpg\" target=\"_blank\" rel=\"noopener\">JPEG<\/a> | <a href=\"https:\/\/phoenixrescuemission.louderstaging.com\/wp-content\/uploads\/2025\/03\/PRM_2line_RGB-1.webp\" target=\"_blank\" rel=\"noopener\">PNG<\/a> | <a href=\"https:\/\/www.dropbox.com\/scl\/fi\/6q7w8ioxg1toog58edhan\/PRM_2line_4C_CMYK.eps?rlkey=ids609c6jl3k3m4g8l5zi6gmf&amp;e=1&amp;dl=0\" target=\"_blank\" rel=\"noopener\">EPS<\/a><\/p>\n\t\t\t\t<img loading=\"lazy\" decoding=\"async\" src=\"https:\/\/phoenixrescuemission.louderstaging.com\/wp-content\/uploads\/2025\/03\/PRM_3line_RGB-1369x1536-1.jpeg\" alt=\"PRM_3line_RGB-1369x1536-1\" itemprop=\"image\" height=\"1536\" width=\"1369\" title=\"PRM_3line_RGB-1369x1536-1\" onerror=\"this.style.display='none'\"  \/>\n\t<p><a href=\"https:\/\/phoenixrescuemission.louderstaging.com\/wp-content\/uploads\/2025\/03\/PRM_3line_RGB-scaled-1.jpg\" target=\"_blank\" rel=\"noopener\">JPEG<\/a> | <a href=\"https:\/\/phoenixrescuemission.louderstaging.com\/wp-content\/uploads\/2025\/03\/PRM_3line_RGB.png\" target=\"_blank\" rel=\"noopener\">PNG<\/a> | <a href=\"https:\/\/www.dropbox.com\/scl\/fi\/cbgb7xwkrd0lh4pb0lwlx\/PRM_3line_4C_CMYK.eps?rlkey=a9m0bgyf1jyn04pzx5x6zzvkv&amp;e=1&amp;dl=0\" target=\"_blank\" rel=\"noopener\">EPS<\/a><\/p>\n<h2>\n\t\tSub-Brand &#038; Campaign Logos\n\t<\/h2>\n\t\t\t\t<img loading=\"lazy\" decoding=\"async\" src=\"https:\/\/phoenixrescuemission.louderstaging.com\/wp-content\/uploads\/2025\/03\/Hope-for-Hunger-Food-Bank-CMYK-JPG-2000px.jpg\" alt=\"Hope-for-Hunger-Food-Bank-CMYK-JPG-2000px\" itemprop=\"image\" height=\"1598\" width=\"2000\" title=\"Banco de alimentos Esperanza para el Hambre-CMYK-JPG-2000px\" onerror=\"this.style.display='none'\"  \/>\n\t<p><a href=\"https:\/\/phoenixrescuemission.louderstaging.com\/wp-content\/uploads\/2025\/03\/Hope-for-Hunger-Food-Bank-CMYK-JPG-2000px-1.jpg\" target=\"_blank\" rel=\"noopener\">JPEG<\/a> | <a href=\"https:\/\/phoenixrescuemission.louderstaging.com\/wp-content\/uploads\/2025\/03\/Hope-for-Hunger-Food-Bank-CMYK-PNG-2000px.webp\" target=\"_blank\" rel=\"noopener\">PNG<\/a> | <a href=\"https:\/\/www.dropbox.com\/scl\/fi\/wm29gio9vs9dx569zsz75\/Hope-for-Hunger-Food-Bank-CMYK.eps?rlkey=eng369ubitm7vhxl2zsgab9f1&amp;e=1&amp;dl=0\" target=\"_blank\" rel=\"noopener\">EPS<\/a><\/p>\n\t\t\t\t<img loading=\"lazy\" decoding=\"async\" src=\"https:\/\/phoenixrescuemission.louderstaging.com\/wp-content\/uploads\/2025\/03\/CodeRed-CMYK_tag.webp\" alt=\"CodeRed-CMYK_tag\" itemprop=\"image\" height=\"622\" width=\"2000\" title=\"C\u00f3digoRojo-CMYK_tag\" onerror=\"this.style.display='none'\"  \/>\n\t<p><a href=\"https:\/\/phoenixrescuemission.louderstaging.com\/wp-content\/uploads\/2025\/03\/CodeRed-CMYK_tag.jpg\" target=\"_blank\" rel=\"noopener\">JPEG<\/a> | <a href=\"https:\/\/phoenixrescuemission.louderstaging.com\/wp-content\/uploads\/2025\/03\/CodeRed-CMYK_tag-1.webp\" target=\"_blank\" rel=\"noopener\">PNG<\/a> | <a href=\"https:\/\/www.dropbox.com\/scl\/fi\/pg13ci1ali6jkb3svokx5\/CodeRed-CMYK_tag.eps?rlkey=9u9n0usexz0azpiufoelx4we9&amp;e=1&amp;dl=0\" target=\"_blank\" rel=\"noopener\">EPS<\/a><\/p>","protected":false},"excerpt":{"rendered":"<p>Our Logo and Brand Thank you for joining us in transforming lives in the Valley of the Sun. We welcome you to download and use our logo in your collateral if you are running a collection, campaign, event, program, or promotion in association with the Mission. Our only request is that it is always used&hellip;<\/p>","protected":false},"author":7,"featured_media":0,"parent":689,"menu_order":31,"comment_status":"closed","ping_status":"closed","template":"","meta":{"_acf_changed":false,"footnotes":""},"class_list":["post-6702","page","type-page","status-publish","hentry"],"acf":[],"yoast_head":"<!-- This site is optimized with the Yoast SEO plugin v25.8 - https:\/\/yoast.com\/wordpress\/plugins\/seo\/ -->\n<title>Logo &amp; Brand - Phoenix Rescue Mission<\/title>\n<meta name=\"robots\" content=\"index, follow, max-snippet:-1, max-image-preview:large, max-video-preview:-1\" \/>\n<link rel=\"canonical\" href=\"https:\/\/phoenixrescuemission.louderstaging.com\/es\/about\/logo-and-brand\/\" \/>\n<meta property=\"og:locale\" content=\"es_MX\" \/>\n<meta property=\"og:type\" content=\"article\" \/>\n<meta property=\"og:title\" content=\"Logo &amp; Brand - Phoenix Rescue Mission\" \/>\n<meta property=\"og:description\" content=\"Our Logo and Brand Thank you for joining us in transforming lives in the Valley of the Sun. We welcome you to download and use our logo in your collateral if you are running a collection, campaign, event, program, or promotion in association with the Mission. Our only request is that it is always used&hellip;\" \/>\n<meta property=\"og:url\" content=\"https:\/\/phoenixrescuemission.louderstaging.com\/es\/about\/logo-and-brand\/\" \/>\n<meta property=\"og:site_name\" content=\"Phoenix Rescue Mission\" \/>\n<meta property=\"article:modified_time\" content=\"2025-03-25T21:18:11+00:00\" \/>\n<meta property=\"og:image\" content=\"https:\/\/phoenixrescuemission.louderstaging.com\/wp-content\/uploads\/2025\/03\/PRM_1line_notag_4C_CMYK-High-Quality-1024x335-1.webp\" \/>\n<meta name=\"twitter:card\" content=\"summary_large_image\" \/>\n<meta name=\"twitter:label1\" content=\"Tiempo de lectura\" \/>\n\t<meta name=\"twitter:data1\" content=\"1 minuto\" \/>\n<script type=\"application\/ld+json\" class=\"yoast-schema-graph\">{\"@context\":\"https:\/\/schema.org\",\"@graph\":[{\"@type\":\"WebPage\",\"@id\":\"https:\/\/phoenixrescuemission.louderstaging.com\/about\/logo-and-brand\/\",\"url\":\"https:\/\/phoenixrescuemission.louderstaging.com\/about\/logo-and-brand\/\",\"name\":\"Logo & Brand - Phoenix Rescue Mission\",\"isPartOf\":{\"@id\":\"https:\/\/phoenixrescuemission.louderstaging.com\/#website\"},\"primaryImageOfPage\":{\"@id\":\"https:\/\/phoenixrescuemission.louderstaging.com\/about\/logo-and-brand\/#primaryimage\"},\"image\":{\"@id\":\"https:\/\/phoenixrescuemission.louderstaging.com\/about\/logo-and-brand\/#primaryimage\"},\"thumbnailUrl\":\"https:\/\/phoenixrescuemission.louderstaging.com\/wp-content\/uploads\/2025\/03\/PRM_1line_notag_4C_CMYK-High-Quality-1024x335-1.webp\",\"datePublished\":\"2025-02-13T20:21:23+00:00\",\"dateModified\":\"2025-03-25T21:18:11+00:00\",\"breadcrumb\":{\"@id\":\"https:\/\/phoenixrescuemission.louderstaging.com\/about\/logo-and-brand\/#breadcrumb\"},\"inLanguage\":\"es\",\"potentialAction\":[{\"@type\":\"ReadAction\",\"target\":[\"https:\/\/phoenixrescuemission.louderstaging.com\/about\/logo-and-brand\/\"]}]},{\"@type\":\"ImageObject\",\"inLanguage\":\"es\",\"@id\":\"https:\/\/phoenixrescuemission.louderstaging.com\/about\/logo-and-brand\/#primaryimage\",\"url\":\"https:\/\/phoenixrescuemission.louderstaging.com\/wp-content\/uploads\/2025\/03\/PRM_1line_notag_4C_CMYK-High-Quality-1024x335-1.webp\",\"contentUrl\":\"https:\/\/phoenixrescuemission.louderstaging.com\/wp-content\/uploads\/2025\/03\/PRM_1line_notag_4C_CMYK-High-Quality-1024x335-1.webp\"},{\"@type\":\"BreadcrumbList\",\"@id\":\"https:\/\/phoenixrescuemission.louderstaging.com\/about\/logo-and-brand\/#breadcrumb\",\"itemListElement\":[{\"@type\":\"ListItem\",\"position\":1,\"name\":\"Home\",\"item\":\"https:\/\/phoenixrescuemission.louderstaging.com\/\"},{\"@type\":\"ListItem\",\"position\":2,\"name\":\"About\",\"item\":\"https:\/\/phoenixrescuemission.louderstaging.com\/about\/\"},{\"@type\":\"ListItem\",\"position\":3,\"name\":\"Logo &#038; Brand\"}]},{\"@type\":\"WebSite\",\"@id\":\"https:\/\/phoenixrescuemission.louderstaging.com\/#website\",\"url\":\"https:\/\/phoenixrescuemission.louderstaging.com\/\",\"name\":\"Phoenix Rescue Mission\",\"description\":\"\",\"potentialAction\":[{\"@type\":\"SearchAction\",\"target\":{\"@type\":\"EntryPoint\",\"urlTemplate\":\"https:\/\/phoenixrescuemission.louderstaging.com\/?s={search_term_string}\"},\"query-input\":{\"@type\":\"PropertyValueSpecification\",\"valueRequired\":true,\"valueName\":\"search_term_string\"}}],\"inLanguage\":\"es\"}]}<\/script>\n<!-- \/ Yoast SEO plugin. -->","yoast_head_json":{"title":"Logo & Brand - Phoenix Rescue Mission","robots":{"index":"index","follow":"follow","max-snippet":"max-snippet:-1","max-image-preview":"max-image-preview:large","max-video-preview":"max-video-preview:-1"},"canonical":"https:\/\/phoenixrescuemission.louderstaging.com\/es\/about\/logo-and-brand\/","og_locale":"es_MX","og_type":"article","og_title":"Logo & Brand - Phoenix Rescue Mission","og_description":"Our Logo and Brand Thank you for joining us in transforming lives in the Valley of the Sun. We welcome you to download and use our logo in your collateral if you are running a collection, campaign, event, program, or promotion in association with the Mission. Our only request is that it is always used&hellip;","og_url":"https:\/\/phoenixrescuemission.louderstaging.com\/es\/about\/logo-and-brand\/","og_site_name":"Phoenix Rescue Mission","article_modified_time":"2025-03-25T21:18:11+00:00","og_image":[{"url":"https:\/\/phoenixrescuemission.louderstaging.com\/wp-content\/uploads\/2025\/03\/PRM_1line_notag_4C_CMYK-High-Quality-1024x335-1.webp","type":"","width":"","height":""}],"twitter_card":"summary_large_image","twitter_misc":{"Tiempo de lectura":"1 minuto"},"schema":{"@context":"https:\/\/schema.org","@graph":[{"@type":"WebPage","@id":"https:\/\/phoenixrescuemission.louderstaging.com\/about\/logo-and-brand\/","url":"https:\/\/phoenixrescuemission.louderstaging.com\/about\/logo-and-brand\/","name":"Logo & Brand - Phoenix Rescue Mission","isPartOf":{"@id":"https:\/\/phoenixrescuemission.louderstaging.com\/#website"},"primaryImageOfPage":{"@id":"https:\/\/phoenixrescuemission.louderstaging.com\/about\/logo-and-brand\/#primaryimage"},"image":{"@id":"https:\/\/phoenixrescuemission.louderstaging.com\/about\/logo-and-brand\/#primaryimage"},"thumbnailUrl":"https:\/\/phoenixrescuemission.louderstaging.com\/wp-content\/uploads\/2025\/03\/PRM_1line_notag_4C_CMYK-High-Quality-1024x335-1.webp","datePublished":"2025-02-13T20:21:23+00:00","dateModified":"2025-03-25T21:18:11+00:00","breadcrumb":{"@id":"https:\/\/phoenixrescuemission.louderstaging.com\/about\/logo-and-brand\/#breadcrumb"},"inLanguage":"es","potentialAction":[{"@type":"ReadAction","target":["https:\/\/phoenixrescuemission.louderstaging.com\/about\/logo-and-brand\/"]}]},{"@type":"ImageObject","inLanguage":"es","@id":"https:\/\/phoenixrescuemission.louderstaging.com\/about\/logo-and-brand\/#primaryimage","url":"https:\/\/phoenixrescuemission.louderstaging.com\/wp-content\/uploads\/2025\/03\/PRM_1line_notag_4C_CMYK-High-Quality-1024x335-1.webp","contentUrl":"https:\/\/phoenixrescuemission.louderstaging.com\/wp-content\/uploads\/2025\/03\/PRM_1line_notag_4C_CMYK-High-Quality-1024x335-1.webp"},{"@type":"BreadcrumbList","@id":"https:\/\/phoenixrescuemission.louderstaging.com\/about\/logo-and-brand\/#breadcrumb","itemListElement":[{"@type":"ListItem","position":1,"name":"Home","item":"https:\/\/phoenixrescuemission.louderstaging.com\/"},{"@type":"ListItem","position":2,"name":"About","item":"https:\/\/phoenixrescuemission.louderstaging.com\/about\/"},{"@type":"ListItem","position":3,"name":"Logo &#038; Brand"}]},{"@type":"WebSite","@id":"https:\/\/phoenixrescuemission.louderstaging.com\/#website","url":"https:\/\/phoenixrescuemission.louderstaging.com\/","name":"Misi\u00f3n de Rescate de Phoenix","description":"","potentialAction":[{"@type":"SearchAction","target":{"@type":"EntryPoint","urlTemplate":"https:\/\/phoenixrescuemission.louderstaging.com\/?s={search_term_string}"},"query-input":{"@type":"PropertyValueSpecification","valueRequired":true,"valueName":"search_term_string"}}],"inLanguage":"es"}]}},"_links":{"self":[{"href":"https:\/\/phoenixrescuemission.louderstaging.com\/es\/wp-json\/wp\/v2\/pages\/6702","targetHints":{"allow":["GET"]}}],"collection":[{"href":"https:\/\/phoenixrescuemission.louderstaging.com\/es\/wp-json\/wp\/v2\/pages"}],"about":[{"href":"https:\/\/phoenixrescuemission.louderstaging.com\/es\/wp-json\/wp\/v2\/types\/page"}],"author":[{"embeddable":true,"href":"https:\/\/phoenixrescuemission.louderstaging.com\/es\/wp-json\/wp\/v2\/users\/7"}],"replies":[{"embeddable":true,"href":"https:\/\/phoenixrescuemission.louderstaging.com\/es\/wp-json\/wp\/v2\/comments?post=6702"}],"version-history":[{"count":4,"href":"https:\/\/phoenixrescuemission.louderstaging.com\/es\/wp-json\/wp\/v2\/pages\/6702\/revisions"}],"predecessor-version":[{"id":8457,"href":"https:\/\/phoenixrescuemission.louderstaging.com\/es\/wp-json\/wp\/v2\/pages\/6702\/revisions\/8457"}],"up":[{"embeddable":true,"href":"https:\/\/phoenixrescuemission.louderstaging.com\/es\/wp-json\/wp\/v2\/pages\/689"}],"wp:attachment":[{"href":"https:\/\/phoenixrescuemission.louderstaging.com\/es\/wp-json\/wp\/v2\/media?parent=6702"}],"curies":[{"name":"wp","href":"https:\/\/api.w.org\/{rel}","templated":true}]}}