{"id":6693,"date":"2025-02-13T15:21:23","date_gmt":"2025-02-13T20:21:23","guid":{"rendered":"https:\/\/phoenixrescuemission.louderstaging.com\/get-help\/"},"modified":"2025-03-20T14:37:42","modified_gmt":"2025-03-20T18:37:42","slug":"get-help","status":"publish","type":"page","link":"https:\/\/phoenixrescuemission.louderstaging.com\/es\/get-help\/","title":{"rendered":"Obtener ayuda"},"content":{"rendered":"<img loading=\"lazy\" decoding=\"async\" src=\"https:\/\/phoenixrescuemission.louderstaging.com\/wp-content\/uploads\/2025\/03\/icon-plus.png\" alt=\"icon-plus\" itemprop=\"image\" height=\"80\" width=\"80\" title=\"icon-plus\" onerror=\"this.style.display='none'\"  \/>\n\n\t\tIf this is an emergency please call 911.\n\t\n\t\tGet Help\n<h2>\n\t\t\u00bfListo para la transformaci\u00f3n?\n\t<\/h2>\n\t<p>Si usted o alguien que usted conoce est\u00e1 luchando con la falta de vivienda, la adicci\u00f3n, el trauma, el hambre u otra crisis que controla la vida, Phoenix Rescue Mission est\u00e1 aqu\u00ed para usted.<\/p>\n<p><strong>Si necesita ayuda inmediata, ll\u00e1menos al <a href=\"tel:602-233-3000\" target=\"_blank\" rel=\"noopener\">602-233-3000<\/a><\/strong><\/p>\n\t\t\t<a href=\"#\" target=\"_self\">\n\t\t\t\t\t\t\tInstructions in English\n\t\t\t\t\t<\/a>\n<h2>\n\t\t\u00bfPara qui\u00e9n busca ayuda?\n\t<\/h2>\n<h2>\n\t\tCan&#8217;t Find What You Need?\n\t<\/h2>\n\tSi tiene alguna pregunta, p\u00f3ngase en contacto con la Misi\u00f3n rellenando este formulario.<br \/>\nIf you are on the streets and need help from one of the Mission&#8217;s Hope Coaches, please call 602-346-3361.\n<p>Ll\u00e1manos al <a href=\"tel:602-233-3000\" target=\"_blank\" rel=\"noopener\">602-233-3000<\/a><\/p>\n                <style>#gform_wrapper_11[data-form-index=\"0\"].gform-theme,[data-parent-form=\"11_0\"]{--gf-color-primary: #204ce5;--gf-color-primary-rgb: 32, 76, 229;--gf-color-primary-contrast: #fff;--gf-color-primary-contrast-rgb: 255, 255, 255;--gf-color-primary-darker: #001AB3;--gf-color-primary-lighter: #527EFF;--gf-color-secondary: #fff;--gf-color-secondary-rgb: 255, 255, 255;--gf-color-secondary-contrast: #112337;--gf-color-secondary-contrast-rgb: 17, 35, 55;--gf-color-secondary-darker: #F5F5F5;--gf-color-secondary-lighter: #FFFFFF;--gf-color-out-ctrl-light: rgba(17, 35, 55, 0.1);--gf-color-out-ctrl-light-rgb: 17, 35, 55;--gf-color-out-ctrl-light-darker: rgba(104, 110, 119, 0.35);--gf-color-out-ctrl-light-lighter: #F5F5F5;--gf-color-out-ctrl-dark: #585e6a;--gf-color-out-ctrl-dark-rgb: 88, 94, 106;--gf-color-out-ctrl-dark-darker: #112337;--gf-color-out-ctrl-dark-lighter: rgba(17, 35, 55, 0.65);--gf-color-in-ctrl: #fff;--gf-color-in-ctrl-rgb: 255, 255, 255;--gf-color-in-ctrl-contrast: #112337;--gf-color-in-ctrl-contrast-rgb: 17, 35, 55;--gf-color-in-ctrl-darker: #F5F5F5;--gf-color-in-ctrl-lighter: #FFFFFF;--gf-color-in-ctrl-primary: #204ce5;--gf-color-in-ctrl-primary-rgb: 32, 76, 229;--gf-color-in-ctrl-primary-contrast: #fff;--gf-color-in-ctrl-primary-contrast-rgb: 255, 255, 255;--gf-color-in-ctrl-primary-darker: #001AB3;--gf-color-in-ctrl-primary-lighter: #527EFF;--gf-color-in-ctrl-light: rgba(17, 35, 55, 0.1);--gf-color-in-ctrl-light-rgb: 17, 35, 55;--gf-color-in-ctrl-light-darker: rgba(104, 110, 119, 0.35);--gf-color-in-ctrl-light-lighter: #F5F5F5;--gf-color-in-ctrl-dark: #585e6a;--gf-color-in-ctrl-dark-rgb: 88, 94, 106;--gf-color-in-ctrl-dark-darker: #112337;--gf-color-in-ctrl-dark-lighter: rgba(17, 35, 55, 0.65);--gf-radius: 3px;--gf-font-size-secondary: 14px;--gf-font-size-tertiary: 13px;--gf-icon-ctrl-number: url(\"data:image\/svg+xml,%3Csvg width='8' height='14' viewBox='0 0 8 14' fill='none' xmlns='http:\/\/www.w3.org\/2000\/svg'%3E%3Cpath fill-rule='evenodd' clip-rule='evenodd' d='M4 0C4.26522 5.96046e-08 4.51957 0.105357 4.70711 0.292893L7.70711 3.29289C8.09763 3.68342 8.09763 4.31658 7.70711 4.70711C7.31658 5.09763 6.68342 5.09763 6.29289 4.70711L4 2.41421L1.70711 4.70711C1.31658 5.09763 0.683417 5.09763 0.292893 4.70711C-0.0976311 4.31658 -0.097631 3.68342 0.292893 3.29289L3.29289 0.292893C3.48043 0.105357 3.73478 0 4 0ZM0.292893 9.29289C0.683417 8.90237 1.31658 8.90237 1.70711 9.29289L4 11.5858L6.29289 9.29289C6.68342 8.90237 7.31658 8.90237 7.70711 9.29289C8.09763 9.68342 8.09763 10.3166 7.70711 10.7071L4.70711 13.7071C4.31658 14.0976 3.68342 14.0976 3.29289 13.7071L0.292893 10.7071C-0.0976311 10.3166 -0.0976311 9.68342 0.292893 9.29289Z' fill='rgba(17, 35, 55, 0.65)'\/%3E%3C\/svg%3E\");--gf-icon-ctrl-select: url(\"data:image\/svg+xml,%3Csvg width='10' height='6' viewBox='0 0 10 6' fill='none' xmlns='http:\/\/www.w3.org\/2000\/svg'%3E%3Cpath fill-rule='evenodd' clip-rule='evenodd' d='M0.292893 0.292893C0.683417 -0.097631 1.31658 -0.097631 1.70711 0.292893L5 3.58579L8.29289 0.292893C8.68342 -0.0976311 9.31658 -0.0976311 9.70711 0.292893C10.0976 0.683417 10.0976 1.31658 9.70711 1.70711L5.70711 5.70711C5.31658 6.09763 4.68342 6.09763 4.29289 5.70711L0.292893 1.70711C-0.0976311 1.31658 -0.0976311 0.683418 0.292893 0.292893Z' fill='rgba(17, 35, 55, 0.65)'\/%3E%3C\/svg%3E\");--gf-icon-ctrl-search: url(\"data:image\/svg+xml,%3Csvg version='1.1' xmlns='http:\/\/www.w3.org\/2000\/svg' width='640' height='640'%3E%3Cpath d='M256 128c-70.692 0-128 57.308-128 128 0 70.691 57.308 128 128 128 70.691 0 128-57.309 128-128 0-70.692-57.309-128-128-128zM64 256c0-106.039 85.961-192 192-192s192 85.961 192 192c0 41.466-13.146 79.863-35.498 111.248l154.125 154.125c12.496 12.496 12.496 32.758 0 45.254s-32.758 12.496-45.254 0L367.248 412.502C335.862 434.854 297.467 448 256 448c-106.039 0-192-85.962-192-192z' fill='rgba(17, 35, 55, 0.65)'\/%3E%3C\/svg%3E\");--gf-label-space-y-secondary: var(--gf-label-space-y-md-secondary);--gf-ctrl-border-color: #686e77;--gf-ctrl-size: var(--gf-ctrl-size-md);--gf-ctrl-label-color-primary: #112337;--gf-ctrl-label-color-secondary: #112337;--gf-ctrl-choice-size: var(--gf-ctrl-choice-size-md);--gf-ctrl-checkbox-check-size: var(--gf-ctrl-checkbox-check-size-md);--gf-ctrl-radio-check-size: var(--gf-ctrl-radio-check-size-md);--gf-ctrl-btn-font-size: var(--gf-ctrl-btn-font-size-md);--gf-ctrl-btn-padding-x: var(--gf-ctrl-btn-padding-x-md);--gf-ctrl-btn-size: var(--gf-ctrl-btn-size-md);--gf-ctrl-btn-border-color-secondary: #686e77;--gf-ctrl-file-btn-bg-color-hover: #EBEBEB;--gf-field-img-choice-size: var(--gf-field-img-choice-size-md);--gf-field-img-choice-card-space: var(--gf-field-img-choice-card-space-md);--gf-field-img-choice-check-ind-size: var(--gf-field-img-choice-check-ind-size-md);--gf-field-img-choice-check-ind-icon-size: var(--gf-field-img-choice-check-ind-icon-size-md);--gf-field-pg-steps-number-color: rgba(17, 35, 55, 0.8);}<\/style><form method='post' enctype='multipart\/form-data' target='gform_ajax_frame_11' id='gform_11'  action='\/es\/?page_id=6693&#038;fl_builder#gf_11' data-formid='11' novalidate data-trp-original-action=\"\/?page_id=6693&#038;fl_builder#gf_11\">\n                        <fieldset id=\"field_11_1\"  data-js-reload=\"field_11_1\"><legend class='gfield_label gform-field-label gfield_label_before_complex'>Name(Required)<\/legend>\n                                                    <input type='text' name='input_1.3' id='input_11_1_3' value='' tabindex='201'  aria-required='true'     \/>\n                                                    <label for='input_11_1_3' class='gform-field-label gform-field-label--type-sub'>First<\/label>\n                                                    <input type='text' name='input_1.6' id='input_11_1_6' value='' tabindex='203'  aria-required='true'     \/>\n                                                    <label for='input_11_1_6' class='gform-field-label gform-field-label--type-sub'>Last<\/label>\n                        <\/fieldset><label class='gfield_label gform-field-label' for='input_11_3'>Tel\u00e9fono<\/label><input name='input_3' id='input_11_3' type='tel' value='' class='large' tabindex='205'   aria-invalid=\"false\"   \/><label class='gfield_label gform-field-label' for='input_11_4'>Correo electr\u00f3nico<\/label>\n                            <input name='input_4' id='input_11_4' type='email' value='' class='large' tabindex='206'    aria-invalid=\"false\"  \/>\n                        <label class='gfield_label gform-field-label' for='input_11_5'>How can we help?(Required)<\/label><select name='input_5' id='input_11_5' class='large gfield_select' tabindex='207'   aria-required=\"true\" aria-invalid=\"false\"><option value='Men&#039;s Substance Abuse'>Abuso de sustancias por parte de los hombres<\/option><option value='Women&#039;s Substance Abuse'>Abuso de sustancias por parte de las mujeres<\/option><option value='Food Assistance Programs'>Programas de ayuda alimentaria<\/option><option value='Jobs and Educational Assistance'>Empleo y asistencia educativa<\/option><\/select><label class='gfield_label gform-field-label' for='input_11_6'>Pregunta o comentario<\/label><textarea name='input_6' id='input_11_6' class='textarea large' tabindex='208'     aria-invalid=\"false\"   rows='10' cols='50'><\/textarea>\n         <button type=\"submit\" id=\"gform_submit_button_11\" onclick=\"gform.submission.handleButtonClick(this);\" tabindex=\"209\">Submit<\/button> <input type='hidden' name='gform_ajax' value='form_id=11&amp;title=&amp;description=&amp;tabindex=200&amp;theme=orbital&amp;styles=[]&amp;hash=a23bf6170f0f5eb0d90a80bf5c764f5f' \/>\n            <input type='hidden' class='gform_hidden' name='gform_submission_method' data-js='gform_submission_method_11' value='iframe' \/>\n            <input type='hidden' class='gform_hidden' name='gform_theme' data-js='gform_theme_11' id='gform_theme_11' value='orbital' \/>\n            <input type='hidden' class='gform_hidden' name='gform_style_settings' data-js='gform_style_settings_11' id='gform_style_settings_11' value='[]' \/>\n            <input type='hidden' class='gform_hidden' name='is_submit_11' value='1' \/>\n            <input type='hidden' class='gform_hidden' name='gform_submit' value='11' \/>\n            <input type='hidden' class='gform_hidden' name='gform_unique_id' value='' \/>\n            <input type='hidden' class='gform_hidden' name='state_11' value='WyJ7XCI1XCI6W1wiY2ViNTMxNzQ1ZDQ4YzZjZmUwYTZmOTUzOTk1YTEzZWNcIixcIjIzYTk2ZjM1NjNhMzcyNTgyODJmNzhiOWZkYWJjNWFkXCIsXCI5Y2E3NDZmMWE0MDk2NTk0MTg0YzQ1YWEyZjQ2ZDVhY1wiLFwiMzVkM2Y3YzM0MTJhYWQ5MDljMzdmNjE5NWZiOGJhM2FcIl19IiwiNjk0MGQ2ZjQwZTU0N2ZjZDlkOTgxZDVlYjZkM2M4YmQiXQ==' \/>\n            <input type='hidden' autocomplete='off' class='gform_hidden' name='gform_target_page_number_11' id='gform_target_page_number_11' value='0' \/>\n            <input type='hidden' autocomplete='off' class='gform_hidden' name='gform_source_page_number_11' id='gform_source_page_number_11' value='1' \/>\n            <input type='hidden' name='gform_field_values' value='' \/>\n                        <label>&#916;<textarea name=\"ak_hp_textarea\" cols=\"45\" rows=\"8\" maxlength=\"100\"><\/textarea><\/label><input type=\"hidden\" id=\"ak_js_1\" name=\"ak_js\" value=\"201\"\/><input type=\"hidden\" name=\"trp-form-language\" value=\"es\"\/><\/form>\n\t\t                <iframe style='display:none;width:0px;height:0px;' src='about:blank' name='gform_ajax_frame_11' id='gform_ajax_frame_11' title='This iframe contains the logic required to handle Ajax powered Gravity Forms.'><\/iframe>\n\t\t\t\t<img loading=\"lazy\" decoding=\"async\" src=\"https:\/\/phoenixrescuemission.louderstaging.com\/wp-content\/uploads\/2025\/03\/Group-3162.webp\" alt=\"Group 3162\" itemprop=\"image\" height=\"1041\" width=\"872\" title=\"Grupo 3162\" onerror=\"this.style.display='none'\"  \/>\n\t\tGu\u00eda de recursos de Phoenix\n<h2>\n\t\tEncuentre aqu\u00ed recursos de organizaciones en torno al t\u00edtulo de Phoenix\n\t<\/h2>\n\t<p>Placerat at curae scelerisque vel interdum imperdiet accumsan sed natoque aptent. Nisl facilisi mi nec luctus consectetur habitasse hendrerit iaculis augue consectetuer.<\/p>\n\t\t\t<a href=\"#\" target=\"_self\">\n\t\t\t\t\t\t\tDescargar el PDF\n\t\t\t\t\t<\/a>\n<h2>\n\t\tGet Help Now\n\t<\/h2>\n\t<p>Phoenix Rescue Mission proporciona una atenci\u00f3n integral, centrada en Cristo, que reconstruye vidas y alivia cargas abrumadoras.<\/p>\n<p>The following list of services are professional and provided without judgment or discrimination. Different programs have different requirements. If we can&#8217;t help you, we can usually refer you to an organization that can.<\/p>\n\t\t\t<a href=\"\/es\/contact\/\" target=\"_self\">\n\t\t\t\t\t\t\t\u00bfTiene m\u00e1s preguntas? P\u00f3ngase en contacto con nosotros.\n\t\t\t\t\t<\/a>\n\t\t\t\t\t<a href=\"#\" id=\"fl-accordion--label-0\" tabindex=\"0\" aria-controls=\"fl-accordion--panel-0\">Abuso de sustancias y trauma<\/a>\n\t\t\t\t\t\t\t\t\t\t\t<a href=\"#\" id=\"fl-accordion--icon-0\" tabindex=\"-1\"><i title=\"Ampliar\">Ampliar<\/i><\/a>\n\t\t\t\t\t<p>La adicci\u00f3n tiene un efecto devastador en las familias y las personas. La recuperaci\u00f3n comienza cuando entras por nuestras puertas.<\/p>\n<strong>Asistencia a corto plazo<\/strong><br \/>\nLa primera etapa del viaje de curaci\u00f3n es en nuestro programa Rescue-Assess-Place (RAP). Normalmente, esto implica una breve estancia en nuestra intervenci\u00f3n en crisis residencial y una reuni\u00f3n privada y confidencial con uno de nuestros gestores de casos para determinar qu\u00e9 programas pueden servirle mejor.<br \/>\n<a href=\"#\">M\u00e1s informaci\u00f3n<\/a>\n<strong>Programa de recuperaci\u00f3n<\/strong><br \/>\nNuestro programa Transformations, de un a\u00f1o de duraci\u00f3n, ofrece ayuda hol\u00edstica dise\u00f1ada en funci\u00f3n de las necesidades individuales de nuestros hu\u00e9spedes. Este programa ofrece un camino probado hacia la recuperaci\u00f3n, la plenitud y la liberaci\u00f3n de la adicci\u00f3n.<br \/>\n<a href=\"#\">M\u00e1s informaci\u00f3n<\/a>\n\t\t\t\t\t<a href=\"#\" id=\"fl-accordion--label-1\" tabindex=\"0\" aria-controls=\"fl-accordion--panel-1\">Ayuda a los sin techo<\/a>\n\t\t\t\t\t\t\t\t\t\t\t<a href=\"#\" id=\"fl-accordion--icon-1\" tabindex=\"-1\"><i title=\"Ampliar\">Ampliar<\/i><\/a>\n\t\t\t\t\t<p>Nuestro equipo llega a las personas all\u00ed donde se encuentran con recursos que inspiran esperanza y potencian la recuperaci\u00f3n.<\/p>\n<strong>Entrenadores Hope<\/strong><br \/>\nHope Coach vehicles travel the streets of Maricopa County in search of homeless neighbors to serve. Lifesaving water, basic needs and case management &#8220;on demand&#8221; are only the beginning.<br \/>\n<a href=\"#\">M\u00e1s informaci\u00f3n<\/a>\n<strong>Servicios especializados<\/strong><br \/>\nLos programas de trabajo, la remisi\u00f3n de casos penales y la colocaci\u00f3n en viviendas son algunas de las formas en que acompa\u00f1amos a nuestros vecinos necesitados, ayud\u00e1ndoles a reconstruir sus vidas para siempre.<br \/>\n<a href=\"#\">M\u00e1s informaci\u00f3n<\/a>\n\t\t\t\t\t<a href=\"#\" id=\"fl-accordion--label-2\" tabindex=\"0\" aria-controls=\"fl-accordion--panel-2\">Asistencia alimentaria<\/a>\n\t\t\t\t\t\t\t\t\t\t\t<a href=\"#\" id=\"fl-accordion--icon-2\" tabindex=\"-1\"><i title=\"Ampliar\">Ampliar<\/i><\/a>\n\t\t\t\t\t<p>Proporcionamos alimentos nutritivos a familias y personas con dificultades de nuestra comunidad.<\/p>\n<strong>Banco de alimentos Hope for Hunger<\/strong><br \/>\nSituado cerca del centro de Glendale, nuestro banco de alimentos Hope for Hunger proporciona alimentos de emergencia, gesti\u00f3n de casos y asistencia laboral a m\u00e1s de 200 hogares cada d\u00eda.<br \/>\n<a href=\"\/es\/food-assistance\/\">Ver c\u00f3mo<\/a>\n<strong>Despensas m\u00f3viles<\/strong><br \/>\nTo meet the needs of families and individuals in underserved regions of the Valley known as &#8220;food deserts,&#8221; the Mission&#8217;s mobile food pantries deliver nutritious food and household essentials every week.<br \/>\n<a href=\"#\">M\u00e1s informaci\u00f3n<\/a>\n\t\t\t\t\t<a href=\"#\" id=\"fl-accordion--label-3\" tabindex=\"0\" aria-controls=\"fl-accordion--panel-3\">Desarrollo de la mano de obra<\/a>\n\t\t\t\t\t\t\t\t\t\t\t<a href=\"#\" id=\"fl-accordion--icon-3\" tabindex=\"-1\"><i title=\"Ampliar\">Ampliar<\/i><\/a>\n\t\t\t\t\tOur experienced career coach can help you gain employment, establish a career and secure your financial independence. The Mission&#8217;s workforce development program is open to the public at two locations in Glendale.<br \/>\n<a href=\"#\">M\u00e1s informaci\u00f3n<\/a>\n\t\t\t\t\t<a href=\"#\" id=\"fl-accordion--label-4\" tabindex=\"0\" aria-controls=\"fl-accordion--panel-4\">Recursos adicionales<\/a>\n\t\t\t\t\t\t\t\t\t\t\t<a href=\"#\" id=\"fl-accordion--icon-4\" tabindex=\"-1\"><i title=\"Ampliar\">Ampliar<\/i><\/a>\n\t\t\t\t\tThe Mission&#8217;s team of professionals is continually increasing our resources to help the community better understand problems related to homelessness and trauma. Our goal is to equip and empower you to make life better for our neighbors in need.<br \/>\n<a href=\"#\">Descubre los recursos<\/a>","protected":false},"excerpt":{"rendered":"<p>If this is an emergency please call 911. Get Help Ready for Transformation? If you or someone you know is struggling with homelessness, addiction, trauma, hunger or another life-controlling crisis, Phoenix Rescue Mission is here for you. If you are in need of immediate help call us at 602-233-3000 Instrucciones en Espa\u00f1ol Who are you&hellip;<\/p>","protected":false},"author":7,"featured_media":0,"parent":0,"menu_order":22,"comment_status":"closed","ping_status":"closed","template":"","meta":{"_acf_changed":false,"footnotes":""},"class_list":["post-6693","page","type-page","status-publish","hentry"],"acf":[],"yoast_head":"<!-- This site is optimized with the Yoast SEO plugin v25.8 - https:\/\/yoast.com\/wordpress\/plugins\/seo\/ -->\n<title>Get Help - Phoenix Rescue Mission<\/title>\n<meta name=\"robots\" content=\"index, follow, max-snippet:-1, max-image-preview:large, max-video-preview:-1\" \/>\n<link rel=\"canonical\" href=\"https:\/\/phoenixrescuemission.louderstaging.com\/es\/get-help\/\" \/>\n<meta property=\"og:locale\" content=\"es_MX\" \/>\n<meta property=\"og:type\" content=\"article\" \/>\n<meta property=\"og:title\" content=\"Get Help - Phoenix Rescue Mission\" \/>\n<meta property=\"og:description\" content=\"If this is an emergency please call 911. Get Help Ready for Transformation? If you or someone you know is struggling with homelessness, addiction, trauma, hunger or another life-controlling crisis, Phoenix Rescue Mission is here for you. If you are in need of immediate help call us at 602-233-3000 Instrucciones en Espa\u00f1ol Who are you&hellip;\" \/>\n<meta property=\"og:url\" content=\"https:\/\/phoenixrescuemission.louderstaging.com\/es\/get-help\/\" \/>\n<meta property=\"og:site_name\" content=\"Phoenix Rescue Mission\" \/>\n<meta property=\"article:modified_time\" content=\"2025-03-20T18:37:42+00:00\" \/>\n<meta property=\"og:image\" content=\"https:\/\/phoenixrescuemission.louderstaging.com\/wp-content\/uploads\/2025\/03\/icon-plus.png\" \/>\n<meta name=\"twitter:card\" content=\"summary_large_image\" \/>\n<meta name=\"twitter:label1\" content=\"Tiempo de lectura\" \/>\n\t<meta name=\"twitter:data1\" content=\"3 minutos\" \/>\n<script type=\"application\/ld+json\" class=\"yoast-schema-graph\">{\"@context\":\"https:\/\/schema.org\",\"@graph\":[{\"@type\":\"WebPage\",\"@id\":\"https:\/\/phoenixrescuemission.louderstaging.com\/get-help\/\",\"url\":\"https:\/\/phoenixrescuemission.louderstaging.com\/get-help\/\",\"name\":\"Get Help - Phoenix Rescue Mission\",\"isPartOf\":{\"@id\":\"https:\/\/phoenixrescuemission.louderstaging.com\/#website\"},\"primaryImageOfPage\":{\"@id\":\"https:\/\/phoenixrescuemission.louderstaging.com\/get-help\/#primaryimage\"},\"image\":{\"@id\":\"https:\/\/phoenixrescuemission.louderstaging.com\/get-help\/#primaryimage\"},\"thumbnailUrl\":\"https:\/\/phoenixrescuemission.louderstaging.com\/wp-content\/uploads\/2025\/03\/icon-plus.png\",\"datePublished\":\"2025-02-13T20:21:23+00:00\",\"dateModified\":\"2025-03-20T18:37:42+00:00\",\"breadcrumb\":{\"@id\":\"https:\/\/phoenixrescuemission.louderstaging.com\/get-help\/#breadcrumb\"},\"inLanguage\":\"es\",\"potentialAction\":[{\"@type\":\"ReadAction\",\"target\":[\"https:\/\/phoenixrescuemission.louderstaging.com\/get-help\/\"]}]},{\"@type\":\"ImageObject\",\"inLanguage\":\"es\",\"@id\":\"https:\/\/phoenixrescuemission.louderstaging.com\/get-help\/#primaryimage\",\"url\":\"https:\/\/phoenixrescuemission.louderstaging.com\/wp-content\/uploads\/2025\/03\/icon-plus.png\",\"contentUrl\":\"https:\/\/phoenixrescuemission.louderstaging.com\/wp-content\/uploads\/2025\/03\/icon-plus.png\"},{\"@type\":\"BreadcrumbList\",\"@id\":\"https:\/\/phoenixrescuemission.louderstaging.com\/get-help\/#breadcrumb\",\"itemListElement\":[{\"@type\":\"ListItem\",\"position\":1,\"name\":\"Home\",\"item\":\"https:\/\/phoenixrescuemission.louderstaging.com\/\"},{\"@type\":\"ListItem\",\"position\":2,\"name\":\"Get Help\"}]},{\"@type\":\"WebSite\",\"@id\":\"https:\/\/phoenixrescuemission.louderstaging.com\/#website\",\"url\":\"https:\/\/phoenixrescuemission.louderstaging.com\/\",\"name\":\"Phoenix Rescue Mission\",\"description\":\"\",\"potentialAction\":[{\"@type\":\"SearchAction\",\"target\":{\"@type\":\"EntryPoint\",\"urlTemplate\":\"https:\/\/phoenixrescuemission.louderstaging.com\/?s={search_term_string}\"},\"query-input\":{\"@type\":\"PropertyValueSpecification\",\"valueRequired\":true,\"valueName\":\"search_term_string\"}}],\"inLanguage\":\"es\"}]}<\/script>\n<!-- \/ Yoast SEO plugin. -->","yoast_head_json":{"title":"Get Help - Phoenix Rescue Mission","robots":{"index":"index","follow":"follow","max-snippet":"max-snippet:-1","max-image-preview":"max-image-preview:large","max-video-preview":"max-video-preview:-1"},"canonical":"https:\/\/phoenixrescuemission.louderstaging.com\/es\/get-help\/","og_locale":"es_MX","og_type":"article","og_title":"Get Help - Phoenix Rescue Mission","og_description":"If this is an emergency please call 911. Get Help Ready for Transformation? If you or someone you know is struggling with homelessness, addiction, trauma, hunger or another life-controlling crisis, Phoenix Rescue Mission is here for you. If you are in need of immediate help call us at 602-233-3000 Instrucciones en Espa\u00f1ol Who are you&hellip;","og_url":"https:\/\/phoenixrescuemission.louderstaging.com\/es\/get-help\/","og_site_name":"Phoenix Rescue Mission","article_modified_time":"2025-03-20T18:37:42+00:00","og_image":[{"url":"https:\/\/phoenixrescuemission.louderstaging.com\/wp-content\/uploads\/2025\/03\/icon-plus.png","type":"","width":"","height":""}],"twitter_card":"summary_large_image","twitter_misc":{"Tiempo de lectura":"3 minutos"},"schema":{"@context":"https:\/\/schema.org","@graph":[{"@type":"WebPage","@id":"https:\/\/phoenixrescuemission.louderstaging.com\/get-help\/","url":"https:\/\/phoenixrescuemission.louderstaging.com\/get-help\/","name":"Get Help - Phoenix Rescue Mission","isPartOf":{"@id":"https:\/\/phoenixrescuemission.louderstaging.com\/#website"},"primaryImageOfPage":{"@id":"https:\/\/phoenixrescuemission.louderstaging.com\/get-help\/#primaryimage"},"image":{"@id":"https:\/\/phoenixrescuemission.louderstaging.com\/get-help\/#primaryimage"},"thumbnailUrl":"https:\/\/phoenixrescuemission.louderstaging.com\/wp-content\/uploads\/2025\/03\/icon-plus.png","datePublished":"2025-02-13T20:21:23+00:00","dateModified":"2025-03-20T18:37:42+00:00","breadcrumb":{"@id":"https:\/\/phoenixrescuemission.louderstaging.com\/get-help\/#breadcrumb"},"inLanguage":"es","potentialAction":[{"@type":"ReadAction","target":["https:\/\/phoenixrescuemission.louderstaging.com\/get-help\/"]}]},{"@type":"ImageObject","inLanguage":"es","@id":"https:\/\/phoenixrescuemission.louderstaging.com\/get-help\/#primaryimage","url":"https:\/\/phoenixrescuemission.louderstaging.com\/wp-content\/uploads\/2025\/03\/icon-plus.png","contentUrl":"https:\/\/phoenixrescuemission.louderstaging.com\/wp-content\/uploads\/2025\/03\/icon-plus.png"},{"@type":"BreadcrumbList","@id":"https:\/\/phoenixrescuemission.louderstaging.com\/get-help\/#breadcrumb","itemListElement":[{"@type":"ListItem","position":1,"name":"Home","item":"https:\/\/phoenixrescuemission.louderstaging.com\/"},{"@type":"ListItem","position":2,"name":"Get Help"}]},{"@type":"WebSite","@id":"https:\/\/phoenixrescuemission.louderstaging.com\/#website","url":"https:\/\/phoenixrescuemission.louderstaging.com\/","name":"Misi\u00f3n de Rescate de Phoenix","description":"","potentialAction":[{"@type":"SearchAction","target":{"@type":"EntryPoint","urlTemplate":"https:\/\/phoenixrescuemission.louderstaging.com\/?s={search_term_string}"},"query-input":{"@type":"PropertyValueSpecification","valueRequired":true,"valueName":"search_term_string"}}],"inLanguage":"es"}]}},"_links":{"self":[{"href":"https:\/\/phoenixrescuemission.louderstaging.com\/es\/wp-json\/wp\/v2\/pages\/6693","targetHints":{"allow":["GET"]}}],"collection":[{"href":"https:\/\/phoenixrescuemission.louderstaging.com\/es\/wp-json\/wp\/v2\/pages"}],"about":[{"href":"https:\/\/phoenixrescuemission.louderstaging.com\/es\/wp-json\/wp\/v2\/types\/page"}],"author":[{"embeddable":true,"href":"https:\/\/phoenixrescuemission.louderstaging.com\/es\/wp-json\/wp\/v2\/users\/7"}],"replies":[{"embeddable":true,"href":"https:\/\/phoenixrescuemission.louderstaging.com\/es\/wp-json\/wp\/v2\/comments?post=6693"}],"version-history":[{"count":9,"href":"https:\/\/phoenixrescuemission.louderstaging.com\/es\/wp-json\/wp\/v2\/pages\/6693\/revisions"}],"predecessor-version":[{"id":8192,"href":"https:\/\/phoenixrescuemission.louderstaging.com\/es\/wp-json\/wp\/v2\/pages\/6693\/revisions\/8192"}],"wp:attachment":[{"href":"https:\/\/phoenixrescuemission.louderstaging.com\/es\/wp-json\/wp\/v2\/media?parent=6693"}],"curies":[{"name":"wp","href":"https:\/\/api.w.org\/{rel}","templated":true}]}}