{"id":6692,"date":"2025-02-13T15:21:23","date_gmt":"2025-02-13T20:21:23","guid":{"rendered":"https:\/\/phoenixrescuemission.louderstaging.com\/arizona-tax-credit\/"},"modified":"2025-03-25T14:40:16","modified_gmt":"2025-03-25T18:40:16","slug":"taxcredit","status":"publish","type":"page","link":"https:\/\/phoenixrescuemission.louderstaging.com\/es\/taxcredit\/","title":{"rendered":"Cr\u00e9dito fiscal de Arizona"},"content":{"rendered":"Regala $1, consigue $1\n<h1>\n\t\tArizona Charitable Tax Credit\n\t<\/h1>\n\t<p>Ama a tus vecinos y recibe hasta $938 de cr\u00e9dito fiscal en Arizona<\/p>\n\t\t\t<a href=\"https:\/\/phoenixrescuemission.louderstaging.com\/es\/give\/\" target=\"_self\">\n\t\t\t\t\t\t\tGive Now &#038; Claim Your Credit\n\t\t\t\t\t<\/a>\n\t\t<a href=\"https:\/\/www.youtube.com\/watch?v=A7ZkZazfvao\" data-fancybox>\n\t\t\t<img decoding=\"async\" src=\"https:\/\/phoenixrescuemission.louderstaging.com\/wp-content\/uploads\/2025\/02\/Group-2683.webp\" alt=\"\"\/>\n\t\t\t\tReproducir v\u00eddeo\n\t\t<\/a>\n<h2>\n\t\t\u00bfQu\u00e9 es el cr\u00e9dito fiscal para obras ben\u00e9ficas de Arizona?\n\t<\/h2>\n\t<p>El Cr\u00e9dito Fiscal Caritativo de Arizona es un programa estatal que le permite amar a sus vecinos y transformar vidas \u00a1gratis!<\/p>\n\t\t\t\t<img decoding=\"async\" src=\"https:\/\/phoenixrescuemission.louderstaging.com\/wp-content\/uploads\/2025\/02\/bullet.png\" alt=\"bullet\" title=\"bala\" itemprop=\"image\"\/>\n\t\t\t<h3>Cr\u00e9dito d\u00f3lar por d\u00f3lar<\/h3>\t\t\t\n\t\t\t\t<p>Por cada d\u00f3lar que dones a una organizaci\u00f3n ben\u00e9fica como Phoenix Rescue Mission, te devolver\u00e1n la misma cantidad en tus impuestos del a\u00f1o siguiente ($470 para particulares y $938 para declarantes conjuntos). <\/p>\n\t\t\t\t<img decoding=\"async\" src=\"https:\/\/phoenixrescuemission.louderstaging.com\/wp-content\/uploads\/2025\/02\/bullet.png\" alt=\"bullet\" title=\"bala\" itemprop=\"image\"\/>\n\t\t\t<h3>F\u00e1cil de reclamar<\/h3>\t\t\t\n\t\t\t\t<p>Cuando presente su declaraci\u00f3n de impuestos de Arizona, puede solicitar un cr\u00e9dito fiscal caritativo de Arizona de un d\u00f3lar por d\u00f3lar que reducir\u00e1 su deuda tributaria o aumentar\u00e1 su reembolso.<\/p>\n<h3>\n\t\tVea cu\u00e1nto puede ahorrar\n\t<\/h3>\n        <h3>A\u00f1o fiscal en el que realiza la donaci\u00f3n<\/h3>\n            <select id=\"year-select\">\n                <option value='2024'>A\u00f1o fiscal 2024<\/option><option value='2025'>2025 A\u00f1o fiscal<\/option>            <\/select>\n        <input id='single-credit-2024' type='hidden' value='470' \/><input id='married-joint-credit-2024' type='hidden' value='938' \/><input id='married-separate-credit-2024' type='hidden' value='470' \/><input id='single-credit-2025' type='hidden' value='495' \/><input id='married-joint-credit-2025' type='hidden' value='987' \/><input id='married-separate-credit-2025' type='hidden' value='495' \/>    \n        <h3>What&#8217;s your filing status?<\/h3>\n                <input type=\"radio\" name=\"filing-status\" id=\"filing-status-1\" value=\"single\"\/>\n                <label for=\"filing-status-1\">Soltero \/ cabeza de familia<\/label>\n                <input type=\"radio\" name=\"filing-status\" id=\"filing-status-2\" value=\"married_joint\" checked>\n                <label for=\"filing-status-2\">Casado con declaraci\u00f3n conjunta<\/label>\n                <input type=\"radio\" name=\"filing-status\" id=\"filing-status-3\" value=\"married_separate\"\/>\n                <label for=\"filing-status-3\">Casado con declaraci\u00f3n separada<\/label>\n        Based on your filing status, you can claim a maximum tax credit of up to\n        for your donation to Phoenix Rescue Mission.\n\t\t\t<a href=\"https:\/\/phoenixrescuemission.louderstaging.com\/es\/give\/\" target=\"_self\">\n\t\t\t\t\t\t\tContinuar haciendo una donaci\u00f3n\n\t\t\t\t\t<\/a>\n\t<p>Este cr\u00e9dito es una reducci\u00f3n d\u00f3lar por d\u00f3lar de su impuesto estatal de Arizona, sujeto a ciertos l\u00edmites y requisitos de elegibilidad.<\/p>\n<h2>\n\t\tAseg\u00farate de donar antes de la medianoche del 15 de abril de 2025, para que tu donaci\u00f3n cuente para los impuestos de 2024.\n\t<\/h2>\n\t\t\t<a href=\"\" target=\"_self\">\n\t\t\t\t\t\t\tDonar ahora\n\t\t\t\t\t<\/a>\n<h2>\n\t\tHow to Claim the Arizona Charitable Tax Credit\n\t<\/h2>\n\t<p>It&#8217;s as Easy as 1, 2, 3<\/p>\n    1\n<h3>\n\t\tDONAR a Phoenix Rescue Mission \n\t<\/h3>\n\tTo give by check, please mail to: Phoenix Rescue Mission, PO Box 6708, Phoenix, AZ 85005-6708. Be sure to write &#8216;Tax Credit&#8217; on your check memo line.<br \/>\n<strong>O<\/strong><br \/>\nPara donar por tel\u00e9fono, llame a Donor Care al<a href=\"tel:(602) 346-3336\">(602) 346-3336<\/a>.\n\t\t\t<a href=\"https:\/\/phoenixrescuemission.louderstaging.com\/es\/give\/\" target=\"_self\">\n\t\t\t\t\t\t\tDonar ahora\n\t\t\t\t\t<\/a>\n    2\n<h3>\n\t\tRellene un sencillo formulario \n\t<\/h3>\n\t<p><a href=\"https:\/\/azdor.gov\/forms\/tax-credits-forms\/credit-contributions-qualifying-charitable-organizations\" target=\"_blank\" rel=\"noopener\">Rellene el formulario AZ 321<\/a> and include it when you file your 2024 state taxes. Phoenix Rescue Mission will provide you with a year-end giving summary by April 15, 2025.<\/p>\n    3\n<h3>\n\t\tARCHIVAR el formulario con sus impuestos\n\t<\/h3>\n\t<p>Incluya su Formulario 321 de AZ completado cuando presente sus impuestos estatales. \u00a1Muchos servicios en l\u00ednea le permiten completar este formulario digitalmente mientras hace sus impuestos!<\/p>\n\t<p>To give by check, please mail to: Phoenix Rescue Mission, PO Box 6708, Phoenix, AZ 85005-6708. Be sure to write &#8216;<strong>Cr\u00e9dito fiscal<\/strong>&#8216; on your check memo line. Or to give over the phone, call Donor Care at\u00a0<strong>(602) 346-3336<\/strong>.<\/p>\n<h2>\n\t\tCharitable \u2028Tax Credit FAQ\n\t<\/h2>\n\t<p>Faucibus interdum posuere lorem ipsum dolor. Mauris vitae ultricies leo integer malesuada nunc vel risus commodo.<\/p>\n\t\t\t<a href=\"#\" target=\"_self\">\n\t\t\t\t\t\t\t\u00bfTiene m\u00e1s preguntas? P\u00f3ngase en contacto con nosotros.\n\t\t\t\t\t<\/a>\n\t\t\t\t\t<a href=\"#\" id=\"fl-accordion--label-0\" tabindex=\"0\" aria-controls=\"fl-accordion--panel-0\">Eiusmod sit semper sed porttitor?<\/a>\n\t\t\t\t\t\t\t\t\t\t\t<a href=\"#\" id=\"fl-accordion--icon-0\" tabindex=\"-1\"><i title=\"Ampliar\">Ampliar<\/i><\/a>\n\t\t\t\t\t<p>Eiusmod elit elementum aenean eiusmod nisi leo dolor eiusmod. Porttitor consectetur aenean sed porttitor. Elementum vivamus nisi lorem. Sed ipsum aenean tellus sed nisi tellus sed porttitor. Semper. Aenean leo. Ipsum aenean tellus elementum vivamus. Elit. Aenean elementum ipsum porttitor tellus lorem. Consectetur dolor vendor dolor eiusmod consectetur. Sed porttitor lorem vivamus tellus aenean. Tellus elit. Sed vendor aenean elementum. Consectetur vendor tellus aenean vivamus leo. Lorem sed elementum porttitor semper aenean. Elementum porttitor eiusmod aenean porttitor semper vivamus semper. Vendedor. Sed porttitor sit nisi. Elit dolor semper nisi ipsum sit. Consectetur porttitor elit vendor consectetur ipsum lorem. Consectetur. Sed.<\/p>\n\t\t\t\t\t<a href=\"#\" id=\"fl-accordion--label-1\" tabindex=\"0\" aria-controls=\"fl-accordion--panel-1\">Sed semper aenean vivamus eiusmod?<\/a>\n\t\t\t\t\t\t\t\t\t\t\t<a href=\"#\" id=\"fl-accordion--icon-1\" tabindex=\"-1\"><i title=\"Ampliar\">Ampliar<\/i><\/a>\n\t\t\t\t\t<p>Leo porttitor aenean sed lorem dolor vendor porttitor. Sit ipsum porttitor leo. Porttitor eiusmod. Leo elit leo tellus. Semper dolor vendor dolor porttitor eiusmod nisi tellus consectetur. Eiusmod consectetur eiusmod. Sed tellus elit leo elit. Sed eiusmod vendor sed porttitor. Leo porttitor. Leo aenean nisi vendor elit vivamus. Eiusmod nisi sed dolor tellus vendor dolor elementum. Elit semper vivamus consectetur eiusmod dolor lorem. Ipsum porttitor sit vivamus eiusmod leo eiusmod ipsum porttitor. Lorem elementum vendor tellus elit. Ipsum vendor aenean. Sed tellus nisi vivamus. Eiusmod aenean lorem semper vivamus nisi. Semper aenean semper leo consectetur sed elit sit vendor. Sit.<\/p>\n\t\t\t\t\t<a href=\"#\" id=\"fl-accordion--label-2\" tabindex=\"0\" aria-controls=\"fl-accordion--panel-2\">Consectetur elementum semper elit porttitor?<\/a>\n\t\t\t\t\t\t\t\t\t\t\t<a href=\"#\" id=\"fl-accordion--icon-2\" tabindex=\"-1\"><i title=\"Ampliar\">Ampliar<\/i><\/a>\n\t\t\t\t\t<p>Elementum ipsum eiusmod porttitor ipsum. Porttitor elementum tellus aenean. Sit elementum vendor elit lorem dolor tellus consectetur aenean. Sit ipsum tellus vendor eiusmod semper sit leo porttitor. Semper. Lorem tellus. Aenean vendor sed vivamus lorem. Dolor. Tellus leo porttitor consectetur vivamus vendor. Elementum elit semper. Sit dolor nisi elementum. Elit vivamus eiusmod leo porttitor dolor aenean. Elementum dolor vivamus consectetur. Leo dolor consectetur. Dolor tellus lorem aenean sit sed semper leo tellus. Semper lorem ipsum vendor semper. Sed vivamus porttitor. Leo. Vendedor porttitor ipsum tellus dolor elit porttitor consectetur semper. Sit. Elementum sit tellus leo tellus. Vendor consectetur sit. Elementum.<\/p>\n\t\t\t\t\t<a href=\"#\" id=\"fl-accordion--label-3\" tabindex=\"0\" aria-controls=\"fl-accordion--panel-3\">Porttitor tellus lorem nisi aenean lorem. Aenean sed leo vivamus. Vendor tellus eiusmod vivamus leo?<\/a>\n\t\t\t\t\t\t\t\t\t\t\t<a href=\"#\" id=\"fl-accordion--icon-3\" tabindex=\"-1\"><i title=\"Ampliar\">Ampliar<\/i><\/a>\n\t\t\t\t\t<p>Eiusmod elementum aenean elit semper sed vivamus. Lorem leo aenean vendor lorem sed dolor. Aenean ipsum porttitor elit semper elit leo. Sed elit ipsum. Tellus lorem ipsum nisi tellus dolor vendor sit. Porttitor vendor elementum. Portador. Consectetur sed ipsum nisi sed semper. Consectetur nisi sit sed vivamus leo dolor. Elementum vivamus porttitor elit elementum semper lorem. Eiusmod tellus ipsum tellus dolor consectetur tellus. Sed elementum. Tellus eiusmod aenean nisi semper elit tellus. Dolor nisi elit leo sit nisi tellus sed. Vivamus porttitor aenean tellus. Porttitor sed nisi tellus. Vivamus leo consectetur elit ipsum porttitor vendor aenean. Tellus vivamus elit semper.<\/p>\n\t\t\t\t\t<a href=\"#\" id=\"fl-accordion--label-4\" tabindex=\"0\" aria-controls=\"fl-accordion--panel-4\">Sit leo consectetur sed porttitor?<\/a>\n\t\t\t\t\t\t\t\t\t\t\t<a href=\"#\" id=\"fl-accordion--icon-4\" tabindex=\"-1\"><i title=\"Ampliar\">Ampliar<\/i><\/a>\n\t\t\t\t\t<p>Consectetur vivamus consectetur aenean tellus dolor lorem consectetur. Elit lorem eiusmod vivamus. Aenean nisi sed. Semper eiusmod aenean elit ipsum aenean. Lorem aenean elementum consectetur sed leo. Elit aenean ipsum. Nisi dolor. Lorem porttitor vendor. Lorem vivamus ipsum tellus eiusmod. Aenean lorem porttitor lorem elementum. Leo ipsum elementum. Dolor eiusmod dolor lorem sed vivamus ipsum sed. Consectetur elit semper vendor eiusmod sit aenean. Dolor tellus elit. Porttitor aenean ipsum tellus leo dolor. Leo sed lorem sed tellus. Consectetur. Nisi tellus semper consectetur ipsum porttitor. Semper. Leo tellus elit. Vivamus lorem elementum porttitor vendor lorem consectetur semper. Lorem vendor eiusmod tellus.<\/p>\n\t\t\t\t\t<a href=\"#\" id=\"fl-accordion--label-5\" tabindex=\"0\" aria-controls=\"fl-accordion--panel-5\">Nisi lorem elit dolor leo aenean elit. Semper eiusmod nisi porttitor semper sed lorem. \u00bfPortador?<\/a>\n\t\t\t\t\t\t\t\t\t\t\t<a href=\"#\" id=\"fl-accordion--icon-5\" tabindex=\"-1\"><i title=\"Ampliar\">Ampliar<\/i><\/a>\n\t\t\t\t\t<p>Vendor lorem nisi vendor semper porttitor leo. Sed ipsum. Nisi. Sed elit aenean vendor elit sed consectetur eiusmod. Tellus elementum porttitor lorem aenean vendor. Aenean sed eiusmod leo. Sed ipsum. Lorem consectetur eiusmod sed eiusmod. Lorem. Elit leo elementum consectetur leo sit. Eiusmod ipsum vendor porttitor elit sed. Ipsum sit nisi dolor lorem elementum. Tellus lorem sit elementum elit sit. Lorem nisi sit elit. Tellus elementum lorem elementum ipsum semper. Ipsum vivamus. Nisi consectetur ipsum. Vendor porttitor consectetur nisi lorem. Elementum. Elit leo tellus semper elit lorem dolor. Lorem consectetur. Sit nisi tellus sit elementum consectetur dolor leo elit. Vendedor.<\/p>\n\t\t\t\t<img loading=\"lazy\" decoding=\"async\" src=\"https:\/\/phoenixrescuemission.louderstaging.com\/wp-content\/uploads\/2025\/02\/Group-2486-2.webp\" alt=\"Group 2486\" itemprop=\"image\" height=\"770\" width=\"779\" title=\"Grupo 2486\" onerror=\"this.style.display='none'\"  \/>\n\t\tDonar antes de impuestos\n<h2>\n\t\tAma a tus vecinos y recibe hasta $938 de cr\u00e9dito fiscal de Arizona.\n\t<\/h2>\n\t<p>Las donaciones que se realicen antes del 15 de abril de 2025 podr\u00e1n tenerse en cuenta para los impuestos de 2024.<\/p>\n\t\t\t<a href=\"https:\/\/phoenixrescuemission.louderstaging.com\/es\/give\/\" target=\"_self\">\n\t\t\t\t\t\t\tDonar ahora\n\t\t\t\t\t<\/a>","protected":false},"excerpt":{"rendered":"<p>Give $1, Get $1 Arizona Charitable Tax Credit Love your Neighbors and receive up to $938 Arizona Tax Credit Give Now &#038; Claim Your Credit Play Video What is the Arizona Charitable Tax Credit? The Arizona Charitable Tax Credit is a state program that allows you to love your neighbors and transform lives for free!&hellip;<\/p>","protected":false},"author":7,"featured_media":0,"parent":0,"menu_order":21,"comment_status":"closed","ping_status":"closed","template":"","meta":{"_acf_changed":false,"footnotes":""},"class_list":["post-6692","page","type-page","status-publish","hentry"],"acf":[],"yoast_head":"<!-- This site is optimized with the Yoast SEO plugin v25.8 - https:\/\/yoast.com\/wordpress\/plugins\/seo\/ -->\n<title>Arizona Tax Credit - Phoenix Rescue Mission<\/title>\n<meta name=\"robots\" content=\"index, follow, max-snippet:-1, max-image-preview:large, max-video-preview:-1\" \/>\n<link rel=\"canonical\" href=\"https:\/\/phoenixrescuemission.louderstaging.com\/es\/taxcredit\/\" \/>\n<meta property=\"og:locale\" content=\"es_MX\" \/>\n<meta property=\"og:type\" content=\"article\" \/>\n<meta property=\"og:title\" content=\"Arizona Tax Credit - Phoenix Rescue Mission\" \/>\n<meta property=\"og:description\" content=\"Give $1, Get $1 Arizona Charitable Tax Credit Love your Neighbors and receive up to $938 Arizona Tax Credit Give Now &#038; Claim Your Credit Play Video What is the Arizona Charitable Tax Credit? The Arizona Charitable Tax Credit is a state program that allows you to love your neighbors and transform lives for free!&hellip;\" \/>\n<meta property=\"og:url\" content=\"https:\/\/phoenixrescuemission.louderstaging.com\/es\/taxcredit\/\" \/>\n<meta property=\"og:site_name\" content=\"Phoenix Rescue Mission\" \/>\n<meta property=\"article:modified_time\" content=\"2025-03-25T18:40:16+00:00\" \/>\n<meta property=\"og:image\" content=\"https:\/\/phoenixrescuemission.louderstaging.com\/wp-content\/uploads\/2025\/02\/Group-2683.webp\" \/>\n<meta name=\"twitter:card\" content=\"summary_large_image\" \/>\n<meta name=\"twitter:label1\" content=\"Tiempo de lectura\" \/>\n\t<meta name=\"twitter:data1\" content=\"5 minutos\" \/>\n<script type=\"application\/ld+json\" class=\"yoast-schema-graph\">{\"@context\":\"https:\/\/schema.org\",\"@graph\":[{\"@type\":\"WebPage\",\"@id\":\"https:\/\/phoenixrescuemission.louderstaging.com\/taxcredit\/\",\"url\":\"https:\/\/phoenixrescuemission.louderstaging.com\/taxcredit\/\",\"name\":\"Arizona Tax Credit - Phoenix Rescue Mission\",\"isPartOf\":{\"@id\":\"https:\/\/phoenixrescuemission.louderstaging.com\/#website\"},\"primaryImageOfPage\":{\"@id\":\"https:\/\/phoenixrescuemission.louderstaging.com\/taxcredit\/#primaryimage\"},\"image\":{\"@id\":\"https:\/\/phoenixrescuemission.louderstaging.com\/taxcredit\/#primaryimage\"},\"thumbnailUrl\":\"https:\/\/phoenixrescuemission.louderstaging.com\/wp-content\/uploads\/2025\/02\/Group-2683.webp\",\"datePublished\":\"2025-02-13T20:21:23+00:00\",\"dateModified\":\"2025-03-25T18:40:16+00:00\",\"breadcrumb\":{\"@id\":\"https:\/\/phoenixrescuemission.louderstaging.com\/taxcredit\/#breadcrumb\"},\"inLanguage\":\"es\",\"potentialAction\":[{\"@type\":\"ReadAction\",\"target\":[\"https:\/\/phoenixrescuemission.louderstaging.com\/taxcredit\/\"]}]},{\"@type\":\"ImageObject\",\"inLanguage\":\"es\",\"@id\":\"https:\/\/phoenixrescuemission.louderstaging.com\/taxcredit\/#primaryimage\",\"url\":\"https:\/\/phoenixrescuemission.louderstaging.com\/wp-content\/uploads\/2025\/02\/Group-2683.webp\",\"contentUrl\":\"https:\/\/phoenixrescuemission.louderstaging.com\/wp-content\/uploads\/2025\/02\/Group-2683.webp\"},{\"@type\":\"BreadcrumbList\",\"@id\":\"https:\/\/phoenixrescuemission.louderstaging.com\/taxcredit\/#breadcrumb\",\"itemListElement\":[{\"@type\":\"ListItem\",\"position\":1,\"name\":\"Home\",\"item\":\"https:\/\/phoenixrescuemission.louderstaging.com\/\"},{\"@type\":\"ListItem\",\"position\":2,\"name\":\"Arizona Tax Credit\"}]},{\"@type\":\"WebSite\",\"@id\":\"https:\/\/phoenixrescuemission.louderstaging.com\/#website\",\"url\":\"https:\/\/phoenixrescuemission.louderstaging.com\/\",\"name\":\"Phoenix Rescue Mission\",\"description\":\"\",\"potentialAction\":[{\"@type\":\"SearchAction\",\"target\":{\"@type\":\"EntryPoint\",\"urlTemplate\":\"https:\/\/phoenixrescuemission.louderstaging.com\/?s={search_term_string}\"},\"query-input\":{\"@type\":\"PropertyValueSpecification\",\"valueRequired\":true,\"valueName\":\"search_term_string\"}}],\"inLanguage\":\"es\"}]}<\/script>\n<!-- \/ Yoast SEO plugin. -->","yoast_head_json":{"title":"Arizona Tax Credit - Phoenix Rescue Mission","robots":{"index":"index","follow":"follow","max-snippet":"max-snippet:-1","max-image-preview":"max-image-preview:large","max-video-preview":"max-video-preview:-1"},"canonical":"https:\/\/phoenixrescuemission.louderstaging.com\/es\/taxcredit\/","og_locale":"es_MX","og_type":"article","og_title":"Arizona Tax Credit - Phoenix Rescue Mission","og_description":"Give $1, Get $1 Arizona Charitable Tax Credit Love your Neighbors and receive up to $938 Arizona Tax Credit Give Now &#038; Claim Your Credit Play Video What is the Arizona Charitable Tax Credit? The Arizona Charitable Tax Credit is a state program that allows you to love your neighbors and transform lives for free!&hellip;","og_url":"https:\/\/phoenixrescuemission.louderstaging.com\/es\/taxcredit\/","og_site_name":"Phoenix Rescue Mission","article_modified_time":"2025-03-25T18:40:16+00:00","og_image":[{"url":"https:\/\/phoenixrescuemission.louderstaging.com\/wp-content\/uploads\/2025\/02\/Group-2683.webp","type":"","width":"","height":""}],"twitter_card":"summary_large_image","twitter_misc":{"Tiempo de lectura":"5 minutos"},"schema":{"@context":"https:\/\/schema.org","@graph":[{"@type":"WebPage","@id":"https:\/\/phoenixrescuemission.louderstaging.com\/taxcredit\/","url":"https:\/\/phoenixrescuemission.louderstaging.com\/taxcredit\/","name":"Arizona Tax Credit - Phoenix Rescue Mission","isPartOf":{"@id":"https:\/\/phoenixrescuemission.louderstaging.com\/#website"},"primaryImageOfPage":{"@id":"https:\/\/phoenixrescuemission.louderstaging.com\/taxcredit\/#primaryimage"},"image":{"@id":"https:\/\/phoenixrescuemission.louderstaging.com\/taxcredit\/#primaryimage"},"thumbnailUrl":"https:\/\/phoenixrescuemission.louderstaging.com\/wp-content\/uploads\/2025\/02\/Group-2683.webp","datePublished":"2025-02-13T20:21:23+00:00","dateModified":"2025-03-25T18:40:16+00:00","breadcrumb":{"@id":"https:\/\/phoenixrescuemission.louderstaging.com\/taxcredit\/#breadcrumb"},"inLanguage":"es","potentialAction":[{"@type":"ReadAction","target":["https:\/\/phoenixrescuemission.louderstaging.com\/taxcredit\/"]}]},{"@type":"ImageObject","inLanguage":"es","@id":"https:\/\/phoenixrescuemission.louderstaging.com\/taxcredit\/#primaryimage","url":"https:\/\/phoenixrescuemission.louderstaging.com\/wp-content\/uploads\/2025\/02\/Group-2683.webp","contentUrl":"https:\/\/phoenixrescuemission.louderstaging.com\/wp-content\/uploads\/2025\/02\/Group-2683.webp"},{"@type":"BreadcrumbList","@id":"https:\/\/phoenixrescuemission.louderstaging.com\/taxcredit\/#breadcrumb","itemListElement":[{"@type":"ListItem","position":1,"name":"Home","item":"https:\/\/phoenixrescuemission.louderstaging.com\/"},{"@type":"ListItem","position":2,"name":"Arizona Tax Credit"}]},{"@type":"WebSite","@id":"https:\/\/phoenixrescuemission.louderstaging.com\/#website","url":"https:\/\/phoenixrescuemission.louderstaging.com\/","name":"Misi\u00f3n de Rescate de Phoenix","description":"","potentialAction":[{"@type":"SearchAction","target":{"@type":"EntryPoint","urlTemplate":"https:\/\/phoenixrescuemission.louderstaging.com\/?s={search_term_string}"},"query-input":{"@type":"PropertyValueSpecification","valueRequired":true,"valueName":"search_term_string"}}],"inLanguage":"es"}]}},"_links":{"self":[{"href":"https:\/\/phoenixrescuemission.louderstaging.com\/es\/wp-json\/wp\/v2\/pages\/6692","targetHints":{"allow":["GET"]}}],"collection":[{"href":"https:\/\/phoenixrescuemission.louderstaging.com\/es\/wp-json\/wp\/v2\/pages"}],"about":[{"href":"https:\/\/phoenixrescuemission.louderstaging.com\/es\/wp-json\/wp\/v2\/types\/page"}],"author":[{"embeddable":true,"href":"https:\/\/phoenixrescuemission.louderstaging.com\/es\/wp-json\/wp\/v2\/users\/7"}],"replies":[{"embeddable":true,"href":"https:\/\/phoenixrescuemission.louderstaging.com\/es\/wp-json\/wp\/v2\/comments?post=6692"}],"version-history":[{"count":12,"href":"https:\/\/phoenixrescuemission.louderstaging.com\/es\/wp-json\/wp\/v2\/pages\/6692\/revisions"}],"predecessor-version":[{"id":8375,"href":"https:\/\/phoenixrescuemission.louderstaging.com\/es\/wp-json\/wp\/v2\/pages\/6692\/revisions\/8375"}],"wp:attachment":[{"href":"https:\/\/phoenixrescuemission.louderstaging.com\/es\/wp-json\/wp\/v2\/media?parent=6692"}],"curies":[{"name":"wp","href":"https:\/\/api.w.org\/{rel}","templated":true}]}}