{"id":6691,"date":"2025-02-13T15:21:23","date_gmt":"2025-02-13T20:21:23","guid":{"rendered":"https:\/\/phoenixrescuemission.louderstaging.com\/legacy-giving\/"},"modified":"2025-03-25T13:49:24","modified_gmt":"2025-03-25T17:49:24","slug":"legacy-giving","status":"publish","type":"page","link":"https:\/\/phoenixrescuemission.louderstaging.com\/es\/legacy-giving\/","title":{"rendered":"Legado"},"content":{"rendered":"Legado\n<h1>\n\t\tCrear un legado de esperanza\n\t<\/h1>\n\t<p>La planificaci\u00f3n de donaciones le ayuda a marcar una diferencia duradera y seguir transformando las vidas de hombres, mujeres y ni\u00f1os con el amor y la esperanza de Cristo....<\/p>\n<h2>\n\t\tDescargar una Gu\u00eda de Testamento Gratuito\n\t<\/h2>\n\t<p>\u00bfEst\u00e1 listo para planificar su testamento o fideicomiso? Nuestra gu\u00eda gratuita ofrece informaci\u00f3n \u00fatil para empezar a crear un legado que honre a Dios.<\/p>\n\t\t\t<a href=\"#\" target=\"_self\">\n\t\t\t\t\t\t\tDescargar ahora\n\t\t\t\t\t<\/a>\n\t\t\t\t<img loading=\"lazy\" decoding=\"async\" src=\"https:\/\/phoenixrescuemission.louderstaging.com\/wp-content\/uploads\/2025\/02\/Group-676.webp\" alt=\"Group 676\" itemprop=\"image\" height=\"917\" width=\"1025\" title=\"Grupo 676\" onerror=\"this.style.display='none'\"  \/>\n\t\t\t\t<img loading=\"lazy\" decoding=\"async\" src=\"https:\/\/phoenixrescuemission.louderstaging.com\/wp-content\/uploads\/2025\/03\/willsguide_wide.jpg\" alt=\"willsguide_wide\" itemprop=\"image\" height=\"300\" width=\"600\" title=\"gu\u00eda_de_testamentos\" onerror=\"this.style.display='none'\"  \/>\n<h3>\n\t\tDonar con testamento\n\t<\/h3>\n\t<p>La planificaci\u00f3n del legado suele comenzar con un testamento o fideicomiso. Independientemente de la cantidad de riqueza que tenga, un testamento da instrucciones sobre qu\u00e9 hacer con sus activos y apoyar a los que est\u00e1n a su cuidado. Tambi\u00e9n es una de las maneras m\u00e1s populares y flexibles que usted puede apoyar Phoenix Rescue Mission y otros.<\/p>\n\t\t\t\t<img loading=\"lazy\" decoding=\"async\" src=\"https:\/\/phoenixrescuemission.louderstaging.com\/wp-content\/uploads\/2025\/03\/bd_wide-small.jpg\" alt=\"bd_wide-small\" itemprop=\"image\" height=\"300\" width=\"600\" title=\"bd_ancho-peque\u00f1o\" onerror=\"this.style.display='none'\"  \/>\n<h3>\n\t\tDesignaci\u00f3n de beneficiarios\n\t<\/h3>\n\t<p>Designar un beneficiario de su jubilaci\u00f3n, cuenta bancaria o de inversi\u00f3n, o p\u00f3liza de seguro de vida es una forma sencilla y asequible de apoyar las causas que le importan.<\/p>\n\t\t\t\t<img loading=\"lazy\" decoding=\"async\" src=\"https:\/\/phoenixrescuemission.louderstaging.com\/wp-content\/uploads\/2025\/03\/Explore_wide.jpg\" alt=\"Explore_wide\" itemprop=\"image\" height=\"300\" width=\"600\" title=\"Explorar_todo\" onerror=\"this.style.display='none'\"  \/>\n<h3>\n\t\tDescubra Smart Giving\n\t<\/h3>\n\t<p>Muchos donantes han descubierto que hacer ahora una donaci\u00f3n que proporcione ingresos de por vida o ventajas fiscales especiales es la mejor manera de planificar su legado.<\/p>\n\t\t\u00bfYa est\u00e1 en sus planes?\n<h2>\n\t\tWhile you don&#8217;t have to inform us of your legacy gift ahead of time, letting us know helps us plan better for the future, show you our appreciation, and share the stories of lives that are being transformed by gifts just like yours.\n\t<\/h2>\n\t\t\t<a href=\"https:\/\/phoenixrescuemission.louderstaging.com\/es\/contact\/\" target=\"_self\">\n\t\t\t\t\t\t\tContacte con nosotros\n\t\t\t\t\t<\/a>","protected":false},"excerpt":{"rendered":"<p>Legacy Giving Create a Legacy of Hope Gift planning helps you make a lasting difference and continue transforming the lives of men, women, and children with the love and hope of Christ.. Download a Free Will Guide Ready to plan your Will or Trust? Our free guide provides helpful information to get started on creating&hellip;<\/p>","protected":false},"author":7,"featured_media":0,"parent":0,"menu_order":20,"comment_status":"closed","ping_status":"closed","template":"","meta":{"_acf_changed":false,"footnotes":""},"class_list":["post-6691","page","type-page","status-publish","hentry"],"acf":[],"yoast_head":"<!-- This site is optimized with the Yoast SEO plugin v25.8 - https:\/\/yoast.com\/wordpress\/plugins\/seo\/ -->\n<title>Legacy Giving - Phoenix Rescue Mission<\/title>\n<meta name=\"robots\" content=\"index, follow, max-snippet:-1, max-image-preview:large, max-video-preview:-1\" \/>\n<link rel=\"canonical\" href=\"https:\/\/phoenixrescuemission.louderstaging.com\/es\/legacy-giving\/\" \/>\n<meta property=\"og:locale\" content=\"es_MX\" \/>\n<meta property=\"og:type\" content=\"article\" \/>\n<meta property=\"og:title\" content=\"Legacy Giving - Phoenix Rescue Mission\" \/>\n<meta property=\"og:description\" content=\"Legacy Giving Create a Legacy of Hope Gift planning helps you make a lasting difference and continue transforming the lives of men, women, and children with the love and hope of Christ.. Download a Free Will Guide Ready to plan your Will or Trust? Our free guide provides helpful information to get started on creating&hellip;\" \/>\n<meta property=\"og:url\" content=\"https:\/\/phoenixrescuemission.louderstaging.com\/es\/legacy-giving\/\" \/>\n<meta property=\"og:site_name\" content=\"Phoenix Rescue Mission\" \/>\n<meta property=\"article:modified_time\" content=\"2025-03-25T17:49:24+00:00\" \/>\n<meta property=\"og:image\" content=\"https:\/\/phoenixrescuemission.louderstaging.com\/wp-content\/uploads\/2025\/02\/Group-676.webp\" \/>\n<meta name=\"twitter:card\" content=\"summary_large_image\" \/>\n<meta name=\"twitter:label1\" content=\"Tiempo de lectura\" \/>\n\t<meta name=\"twitter:data1\" content=\"1 minuto\" \/>\n<script type=\"application\/ld+json\" class=\"yoast-schema-graph\">{\"@context\":\"https:\/\/schema.org\",\"@graph\":[{\"@type\":\"WebPage\",\"@id\":\"https:\/\/phoenixrescuemission.louderstaging.com\/legacy-giving\/\",\"url\":\"https:\/\/phoenixrescuemission.louderstaging.com\/legacy-giving\/\",\"name\":\"Legacy Giving - Phoenix Rescue Mission\",\"isPartOf\":{\"@id\":\"https:\/\/phoenixrescuemission.louderstaging.com\/#website\"},\"primaryImageOfPage\":{\"@id\":\"https:\/\/phoenixrescuemission.louderstaging.com\/legacy-giving\/#primaryimage\"},\"image\":{\"@id\":\"https:\/\/phoenixrescuemission.louderstaging.com\/legacy-giving\/#primaryimage\"},\"thumbnailUrl\":\"https:\/\/phoenixrescuemission.louderstaging.com\/wp-content\/uploads\/2025\/02\/Group-676.webp\",\"datePublished\":\"2025-02-13T20:21:23+00:00\",\"dateModified\":\"2025-03-25T17:49:24+00:00\",\"breadcrumb\":{\"@id\":\"https:\/\/phoenixrescuemission.louderstaging.com\/legacy-giving\/#breadcrumb\"},\"inLanguage\":\"es\",\"potentialAction\":[{\"@type\":\"ReadAction\",\"target\":[\"https:\/\/phoenixrescuemission.louderstaging.com\/legacy-giving\/\"]}]},{\"@type\":\"ImageObject\",\"inLanguage\":\"es\",\"@id\":\"https:\/\/phoenixrescuemission.louderstaging.com\/legacy-giving\/#primaryimage\",\"url\":\"https:\/\/phoenixrescuemission.louderstaging.com\/wp-content\/uploads\/2025\/02\/Group-676.webp\",\"contentUrl\":\"https:\/\/phoenixrescuemission.louderstaging.com\/wp-content\/uploads\/2025\/02\/Group-676.webp\"},{\"@type\":\"BreadcrumbList\",\"@id\":\"https:\/\/phoenixrescuemission.louderstaging.com\/legacy-giving\/#breadcrumb\",\"itemListElement\":[{\"@type\":\"ListItem\",\"position\":1,\"name\":\"Home\",\"item\":\"https:\/\/phoenixrescuemission.louderstaging.com\/\"},{\"@type\":\"ListItem\",\"position\":2,\"name\":\"Legacy Giving\"}]},{\"@type\":\"WebSite\",\"@id\":\"https:\/\/phoenixrescuemission.louderstaging.com\/#website\",\"url\":\"https:\/\/phoenixrescuemission.louderstaging.com\/\",\"name\":\"Phoenix Rescue Mission\",\"description\":\"\",\"potentialAction\":[{\"@type\":\"SearchAction\",\"target\":{\"@type\":\"EntryPoint\",\"urlTemplate\":\"https:\/\/phoenixrescuemission.louderstaging.com\/?s={search_term_string}\"},\"query-input\":{\"@type\":\"PropertyValueSpecification\",\"valueRequired\":true,\"valueName\":\"search_term_string\"}}],\"inLanguage\":\"es\"}]}<\/script>\n<!-- \/ Yoast SEO plugin. -->","yoast_head_json":{"title":"Legacy Giving - Phoenix Rescue Mission","robots":{"index":"index","follow":"follow","max-snippet":"max-snippet:-1","max-image-preview":"max-image-preview:large","max-video-preview":"max-video-preview:-1"},"canonical":"https:\/\/phoenixrescuemission.louderstaging.com\/es\/legacy-giving\/","og_locale":"es_MX","og_type":"article","og_title":"Legacy Giving - Phoenix Rescue Mission","og_description":"Legacy Giving Create a Legacy of Hope Gift planning helps you make a lasting difference and continue transforming the lives of men, women, and children with the love and hope of Christ.. Download a Free Will Guide Ready to plan your Will or Trust? Our free guide provides helpful information to get started on creating&hellip;","og_url":"https:\/\/phoenixrescuemission.louderstaging.com\/es\/legacy-giving\/","og_site_name":"Phoenix Rescue Mission","article_modified_time":"2025-03-25T17:49:24+00:00","og_image":[{"url":"https:\/\/phoenixrescuemission.louderstaging.com\/wp-content\/uploads\/2025\/02\/Group-676.webp","type":"","width":"","height":""}],"twitter_card":"summary_large_image","twitter_misc":{"Tiempo de lectura":"1 minuto"},"schema":{"@context":"https:\/\/schema.org","@graph":[{"@type":"WebPage","@id":"https:\/\/phoenixrescuemission.louderstaging.com\/legacy-giving\/","url":"https:\/\/phoenixrescuemission.louderstaging.com\/legacy-giving\/","name":"Legacy Giving - Phoenix Rescue Mission","isPartOf":{"@id":"https:\/\/phoenixrescuemission.louderstaging.com\/#website"},"primaryImageOfPage":{"@id":"https:\/\/phoenixrescuemission.louderstaging.com\/legacy-giving\/#primaryimage"},"image":{"@id":"https:\/\/phoenixrescuemission.louderstaging.com\/legacy-giving\/#primaryimage"},"thumbnailUrl":"https:\/\/phoenixrescuemission.louderstaging.com\/wp-content\/uploads\/2025\/02\/Group-676.webp","datePublished":"2025-02-13T20:21:23+00:00","dateModified":"2025-03-25T17:49:24+00:00","breadcrumb":{"@id":"https:\/\/phoenixrescuemission.louderstaging.com\/legacy-giving\/#breadcrumb"},"inLanguage":"es","potentialAction":[{"@type":"ReadAction","target":["https:\/\/phoenixrescuemission.louderstaging.com\/legacy-giving\/"]}]},{"@type":"ImageObject","inLanguage":"es","@id":"https:\/\/phoenixrescuemission.louderstaging.com\/legacy-giving\/#primaryimage","url":"https:\/\/phoenixrescuemission.louderstaging.com\/wp-content\/uploads\/2025\/02\/Group-676.webp","contentUrl":"https:\/\/phoenixrescuemission.louderstaging.com\/wp-content\/uploads\/2025\/02\/Group-676.webp"},{"@type":"BreadcrumbList","@id":"https:\/\/phoenixrescuemission.louderstaging.com\/legacy-giving\/#breadcrumb","itemListElement":[{"@type":"ListItem","position":1,"name":"Home","item":"https:\/\/phoenixrescuemission.louderstaging.com\/"},{"@type":"ListItem","position":2,"name":"Legacy Giving"}]},{"@type":"WebSite","@id":"https:\/\/phoenixrescuemission.louderstaging.com\/#website","url":"https:\/\/phoenixrescuemission.louderstaging.com\/","name":"Misi\u00f3n de Rescate de Phoenix","description":"","potentialAction":[{"@type":"SearchAction","target":{"@type":"EntryPoint","urlTemplate":"https:\/\/phoenixrescuemission.louderstaging.com\/?s={search_term_string}"},"query-input":{"@type":"PropertyValueSpecification","valueRequired":true,"valueName":"search_term_string"}}],"inLanguage":"es"}]}},"_links":{"self":[{"href":"https:\/\/phoenixrescuemission.louderstaging.com\/es\/wp-json\/wp\/v2\/pages\/6691","targetHints":{"allow":["GET"]}}],"collection":[{"href":"https:\/\/phoenixrescuemission.louderstaging.com\/es\/wp-json\/wp\/v2\/pages"}],"about":[{"href":"https:\/\/phoenixrescuemission.louderstaging.com\/es\/wp-json\/wp\/v2\/types\/page"}],"author":[{"embeddable":true,"href":"https:\/\/phoenixrescuemission.louderstaging.com\/es\/wp-json\/wp\/v2\/users\/7"}],"replies":[{"embeddable":true,"href":"https:\/\/phoenixrescuemission.louderstaging.com\/es\/wp-json\/wp\/v2\/comments?post=6691"}],"version-history":[{"count":1,"href":"https:\/\/phoenixrescuemission.louderstaging.com\/es\/wp-json\/wp\/v2\/pages\/6691\/revisions"}],"predecessor-version":[{"id":8372,"href":"https:\/\/phoenixrescuemission.louderstaging.com\/es\/wp-json\/wp\/v2\/pages\/6691\/revisions\/8372"}],"wp:attachment":[{"href":"https:\/\/phoenixrescuemission.louderstaging.com\/es\/wp-json\/wp\/v2\/media?parent=6691"}],"curies":[{"name":"wp","href":"https:\/\/api.w.org\/{rel}","templated":true}]}}