{"id":6689,"date":"2025-02-13T15:21:23","date_gmt":"2025-02-13T20:21:23","guid":{"rendered":"https:\/\/phoenixrescuemission.louderstaging.com\/monthly-gift\/"},"modified":"2025-04-05T16:52:40","modified_gmt":"2025-04-05T20:52:40","slug":"give-monthly","status":"publish","type":"page","link":"https:\/\/phoenixrescuemission.louderstaging.com\/es\/give-monthly\/","title":{"rendered":"Regalo mensual"},"content":{"rendered":"<img loading=\"lazy\" decoding=\"async\" src=\"https:\/\/phoenixrescuemission.louderstaging.com\/wp-content\/uploads\/2025\/03\/52168957709_4e55e0a563_k-1.webp\" alt=\"52168957709_4e55e0a563_k 1\" itemprop=\"image\" height=\"1421\" width=\"1068\" title=\"52168957709_4e55e0a563_k 1\" onerror=\"this.style.display='none'\"  \/>\n\t\tHazte donante mensual\n<h2>\n\t\tUsted puede ayudar a vecinos como Kenneth a transformar sus vidas. Hazte donante mensual.\n\t<\/h2>\n\t<p>Para las personas que se preocupan por los hombres, mujeres y ni\u00f1os que est\u00e1n perdidos, hambrientos y sin hogar en el condado de Maricopa, los Monthly Givers lideran el camino proporcionando un regalo asequible cada mes que ayuda a ofrecer soluciones transformadoras que salvan vidas en Phoenix Rescue Mission.<\/p>\n<h2>\n\t\tHazte donante mensual\n\t<\/h2>\n\t<p>Bibendum tellus quisque cubilia enim sem viverra. Elementum sapien nisi massa euismod felis dictumst augue feugiat rutrum commodo. Fringilla efficitur sit enim ultricies quisque consequat tempus.<\/p>\n\t\t<ul>\n\t\t\t\t\t<li>\n\t\t\t\t\t\t\t\t\t\t\t<img loading=\"lazy\" decoding=\"async\" src=\"https:\/\/phoenixrescuemission.louderstaging.com\/wp-content\/uploads\/2025\/02\/bullet.png\" alt=\"bullet\" width=\"54\" height=\"34\" \/>\n\t\t\t\t\n\t\t<p>Curabitur arcu erat, accumsan id imperdiet<\/p>\t\t\t\n\t\t\t<\/li>\n\t\t\t\t\t<li>\n\t\t\t\t\t\t\t\t\t\t\t<img loading=\"lazy\" decoding=\"async\" src=\"https:\/\/phoenixrescuemission.louderstaging.com\/wp-content\/uploads\/2025\/02\/bullet.png\" alt=\"bullet\" width=\"54\" height=\"34\" \/>\n\t\t\t\t\n\t\t<p>Placerat at curae scelerisque<\/p>\t\t\t\n\t\t\t<\/li>\n\t\t\t\t\t<li>\n\t\t\t\t\t\t\t\t\t\t\t<img loading=\"lazy\" decoding=\"async\" src=\"https:\/\/phoenixrescuemission.louderstaging.com\/wp-content\/uploads\/2025\/02\/bullet.png\" alt=\"bullet\" width=\"54\" height=\"34\" \/>\n\t\t\t\t\n\t\t<p>Vel interdum imperdiet accumsan sed natoque<\/p>\t\t\t\n\t\t\t<\/li>\n\t\t\t\t\t<li>\n\t\t\t\t\t\t\t\t\t\t\t<img loading=\"lazy\" decoding=\"async\" src=\"https:\/\/phoenixrescuemission.louderstaging.com\/wp-content\/uploads\/2025\/02\/bullet.png\" alt=\"bullet\" width=\"54\" height=\"34\" \/>\n\t\t\t\t\n\t\t<p>Nisl facilisi mi nec luctus consectetur habitasse<\/p>\t\t\t\n\t\t\t<\/li>\n\t\t\t\t<\/ul>\n\t\t\t\t<img loading=\"lazy\" decoding=\"async\" src=\"https:\/\/phoenixrescuemission.louderstaging.com\/wp-content\/uploads\/2025\/03\/Group-2473.webp\" alt=\"Group 2473\" itemprop=\"image\" height=\"1102\" width=\"1038\" title=\"Grupo 2473\" onerror=\"this.style.display='none'\"  \/>\n\t\t<!-- Comment to fix spacing issue\n\t-->\n\t\t$0\n\t<!-- Comment to fix spacing issue\n\t-->\t\n\t<p>Placerat at curae scelerisque vel interdum imper diet natoque.<\/p>\n\t\t<!-- Comment to fix spacing issue\n\t-->\n\t\t$0\n\t<!-- Comment to fix spacing issue\n\t-->\t\n\t<p>Placerat at curae scelerisque vel interdum imper diet natoque.<\/p>\n\t\t<!-- Comment to fix spacing issue\n\t-->\n\t\t$0\n\t<!-- Comment to fix spacing issue\n\t-->\t\n\t<p>Placerat at curae scelerisque vel interdum imper diet natoque.<\/p>\n<h2>\n\t\tBenefits of Being a Monthly   Giver \n\t<\/h2>\n\t<p>As a Monthly Giver, you&#8217;ll get an inside look at news from around the Mission and invitations to special events. Best of all, you&#8217;ll know that every month you&#8217;re providing a light of hope and life-changing care to people in need.<\/p>\n<p>Hazte Donante Mensual. Salva vidas todos los d\u00edas. Con un regalo asequible cada mes, est\u00e1s ayudando a Phoenix Rescue Mission a centrarse m\u00e1s en salvar vidas.<\/p>\n\t\t\t\t<img loading=\"lazy\" decoding=\"async\" src=\"https:\/\/phoenixrescuemission.louderstaging.com\/wp-content\/uploads\/2025\/03\/Screenshot-2025-02-21-at-4.45.09\u202fPM-1.webp\" alt=\"Screenshot 2025-02-21 at 4.45.09\u202fPM 1\" itemprop=\"image\" height=\"998\" width=\"1038\" title=\"Captura de pantalla 2025-02-21 a las 16.45.09 1\" onerror=\"this.style.display='none'\"  \/>\n<h2>\n\t\tQu\u00e9 significa ser un donante mensual para Phoenix Rescue Mission:\n\t<\/h2>\n\t\t\t\t<img decoding=\"async\" src=\"https:\/\/phoenixrescuemission.louderstaging.com\/wp-content\/uploads\/2025\/02\/bullet.png\" alt=\"bullet\" title=\"bala\" itemprop=\"image\"\/>\n\t\t\t<h3>Fuente de ingresos previsible para mantener programas vitales durante todo el a\u00f1o.<\/h3>\t\t\t\n\t\t\t\t<p>Placerat at curae scelerisque vel interdum imperdiet accumsan sed natoque aptent.<\/p>\n\t\t\t\t<img decoding=\"async\" src=\"https:\/\/phoenixrescuemission.louderstaging.com\/wp-content\/uploads\/2025\/02\/bullet.png\" alt=\"bullet\" title=\"bala\" itemprop=\"image\"\/>\n\t\t\t<h3>Mejor uso de los recursos<\/h3>\t\t\t\n\t\t\t\t<p>Placerat at curae scelerisque vel interdum imperdiet accumsan sed natoque aptent.<\/p>\n\t\t\t\t<img decoding=\"async\" src=\"https:\/\/phoenixrescuemission.louderstaging.com\/wp-content\/uploads\/2025\/02\/bullet.png\" alt=\"bullet\" title=\"bala\" itemprop=\"image\"\/>\n\t\t\t<h3>Ahorro de gastos de tarjeta de cr\u00e9dito si nos permite cargar el importe en su cuenta bancaria en lugar de utilizar una tarjeta de cr\u00e9dito.<\/h3>\t\t\t\n\t\t\t\t<p>Placerat at curae scelerisque vel interdum imperdiet accumsan sed natoque aptent.<\/p>\n<h2>\n\t\tJoin 650+ Monthly donors title here&#8230;\n\t<\/h2>\n\t\t\t\t<p>\"Lorem ipsum dolor sit amet, consectetur adipiscing elit. <strong>Sed velit risus, cursus vel nibh quis, tempor tristique dolor<\/strong>. Mais vel tellus vel erat suscipit auctor. Faucibus etu interdum lorem ipsum dolor\".<\/p>\n\t\t\t\t<img width=\"886\" height=\"960\" src=\"https:\/\/phoenixrescuemission.louderstaging.com\/wp-content\/uploads\/2025\/02\/story-2.webp\" alt=\"\" decoding=\"async\" loading=\"lazy\" srcset=\"https:\/\/phoenixrescuemission.louderstaging.com\/wp-content\/uploads\/2025\/02\/story-2.webp 886w, https:\/\/phoenixrescuemission.louderstaging.com\/wp-content\/uploads\/2025\/02\/story-2-277x300.webp 277w, https:\/\/phoenixrescuemission.louderstaging.com\/wp-content\/uploads\/2025\/02\/story-2-768x832.webp 768w\" sizes=\"auto, (max-width: 886px) 100vw, 886px\" \/>\t\t\t\n\t\t\t\t\t\t\t\t\t\t\t\t\t\t\t\t\tRoy L.\n\t\t\t\t\t\t\t\t\t\t\t\t\t\t\t\t\t\t\t\t\t\t\t\t\tVolunteer\n\t\t\t\t\t\t\t <!-- .louder_testimonial -->\n\t\t\t\t<p>\"Lorem ipsum dolor sit amet, consectetur adipiscing elit. <strong>Sed velit risus, cursus vel nibh quis, tempor tristique dolor<\/strong>. Mais vel tellus vel erat suscipit auctor. Faucibus etu interdum lorem ipsum dolor\".<\/p>\n\t\t\t\t<img width=\"800\" height=\"1200\" src=\"https:\/\/phoenixrescuemission.louderstaging.com\/wp-content\/uploads\/2024\/07\/sjvdxw0azqw.jpg\" alt=\"woman on focus photography\" decoding=\"async\" loading=\"lazy\" srcset=\"https:\/\/phoenixrescuemission.louderstaging.com\/wp-content\/uploads\/2024\/07\/sjvdxw0azqw.jpg 800w, https:\/\/phoenixrescuemission.louderstaging.com\/wp-content\/uploads\/2024\/07\/sjvdxw0azqw-200x300.jpg 200w, https:\/\/phoenixrescuemission.louderstaging.com\/wp-content\/uploads\/2024\/07\/sjvdxw0azqw-683x1024.jpg 683w, https:\/\/phoenixrescuemission.louderstaging.com\/wp-content\/uploads\/2024\/07\/sjvdxw0azqw-768x1152.jpg 768w\" sizes=\"auto, (max-width: 800px) 100vw, 800px\" \/>\t\t\t\n\t\t\t\t\t\t\t\t\t\t\t\t\t\t\t\t\tConnie R.\n\t\t\t\t\t\t\t\t\t\t\t\t\t\t\t\t\t\t\t\t\t\t\t\t\tFirst Citizens Bank\n\t\t\t\t\t\t\t <!-- .louder_testimonial -->\n\t<h2>\n\t\tA partner you can trust title here\n\t<\/h2>\n                                                    <img decoding=\"async\" src=\"https:\/\/phoenixrescuemission.louderstaging.com\/wp-content\/uploads\/2024\/01\/logo-candid.png\" alt=\"\"\/>\n                                                    <img decoding=\"async\" src=\"https:\/\/phoenixrescuemission.louderstaging.com\/wp-content\/uploads\/2025\/03\/citygate-logo-color.webp\" alt=\"\"\/>\n                                                    <img decoding=\"async\" src=\"https:\/\/phoenixrescuemission.louderstaging.com\/wp-content\/uploads\/2024\/01\/logo-ecfa.png\" alt=\"\"\/>\n                                                    <img decoding=\"async\" src=\"https:\/\/phoenixrescuemission.louderstaging.com\/wp-content\/uploads\/2025\/03\/logo-bbb.png\" alt=\"\"\/>\n                                                    <img decoding=\"async\" src=\"https:\/\/phoenixrescuemission.louderstaging.com\/wp-content\/uploads\/2025\/03\/logo-excellence-in-giving.png\" alt=\"\"\/>\n\t\t\t\t<img loading=\"lazy\" decoding=\"async\" src=\"https:\/\/phoenixrescuemission.louderstaging.com\/wp-content\/uploads\/2025\/03\/Group-2473-2.webp\" alt=\"Group 2473-2\" itemprop=\"image\" height=\"1012\" width=\"1038\" title=\"Grupo 2473-2\" onerror=\"this.style.display='none'\"  \/>\n\t\tHazte donante mensual\n<h2>\n\t\t\u00daltimo llamamiento para convertirse en patrocinador mensual\n\t<\/h2>\n\t<p>Placerat at curae scelerisque vel interdum imper diet accumsan sed natoque aptent. Nisl facilisi mi nec luctus consectetur habitasse hendrerit iaculis augue duis.<\/p>\n\t\t\t<a href=\"https:\/\/phoenixrescuemission.louderstaging.com\/es\/give\/\" target=\"_self\">\n\t\t\t\t\t\t\tDonar ahora\n\t\t\t\t\t<\/a>","protected":false},"excerpt":{"rendered":"<p>Become a Monthly Giver You can help neighbors like Kenneth transform their lives. Become a Monthly Giver. For people who care about the men, women, and children who are lost, hungry, and homeless in Maricopa County, Monthly Givers lead the way by providing an affordable gift each month that helps offer life-transforming solutions which save&hellip;<\/p>","protected":false},"author":7,"featured_media":0,"parent":0,"menu_order":18,"comment_status":"closed","ping_status":"closed","template":"","meta":{"_acf_changed":false,"footnotes":""},"class_list":["post-6689","page","type-page","status-publish","hentry"],"acf":[],"yoast_head":"<!-- This site is optimized with the Yoast SEO plugin v25.8 - https:\/\/yoast.com\/wordpress\/plugins\/seo\/ -->\n<title>Monthly Gift - Phoenix Rescue Mission<\/title>\n<meta name=\"robots\" content=\"index, follow, max-snippet:-1, max-image-preview:large, max-video-preview:-1\" \/>\n<link rel=\"canonical\" href=\"https:\/\/phoenixrescuemission.louderstaging.com\/es\/give-monthly\/\" \/>\n<meta property=\"og:locale\" content=\"es_MX\" \/>\n<meta property=\"og:type\" content=\"article\" \/>\n<meta property=\"og:title\" content=\"Monthly Gift - Phoenix Rescue Mission\" \/>\n<meta property=\"og:description\" content=\"Become a Monthly Giver You can help neighbors like Kenneth transform their lives. Become a Monthly Giver. For people who care about the men, women, and children who are lost, hungry, and homeless in Maricopa County, Monthly Givers lead the way by providing an affordable gift each month that helps offer life-transforming solutions which save&hellip;\" \/>\n<meta property=\"og:url\" content=\"https:\/\/phoenixrescuemission.louderstaging.com\/es\/give-monthly\/\" \/>\n<meta property=\"og:site_name\" content=\"Phoenix Rescue Mission\" \/>\n<meta property=\"article:modified_time\" content=\"2025-04-05T20:52:40+00:00\" \/>\n<meta property=\"og:image\" content=\"https:\/\/phoenixrescuemission.louderstaging.com\/wp-content\/uploads\/2025\/03\/52168957709_4e55e0a563_k-1.webp\" \/>\n<meta name=\"twitter:card\" content=\"summary_large_image\" \/>\n<meta name=\"twitter:label1\" content=\"Tiempo de lectura\" \/>\n\t<meta name=\"twitter:data1\" content=\"2 minutos\" \/>\n<script type=\"application\/ld+json\" class=\"yoast-schema-graph\">{\"@context\":\"https:\/\/schema.org\",\"@graph\":[{\"@type\":\"WebPage\",\"@id\":\"https:\/\/phoenixrescuemission.louderstaging.com\/give-monthly\/\",\"url\":\"https:\/\/phoenixrescuemission.louderstaging.com\/give-monthly\/\",\"name\":\"Monthly Gift - Phoenix Rescue Mission\",\"isPartOf\":{\"@id\":\"https:\/\/phoenixrescuemission.louderstaging.com\/#website\"},\"primaryImageOfPage\":{\"@id\":\"https:\/\/phoenixrescuemission.louderstaging.com\/give-monthly\/#primaryimage\"},\"image\":{\"@id\":\"https:\/\/phoenixrescuemission.louderstaging.com\/give-monthly\/#primaryimage\"},\"thumbnailUrl\":\"https:\/\/phoenixrescuemission.louderstaging.com\/wp-content\/uploads\/2025\/03\/52168957709_4e55e0a563_k-1.webp\",\"datePublished\":\"2025-02-13T20:21:23+00:00\",\"dateModified\":\"2025-04-05T20:52:40+00:00\",\"breadcrumb\":{\"@id\":\"https:\/\/phoenixrescuemission.louderstaging.com\/give-monthly\/#breadcrumb\"},\"inLanguage\":\"es\",\"potentialAction\":[{\"@type\":\"ReadAction\",\"target\":[\"https:\/\/phoenixrescuemission.louderstaging.com\/give-monthly\/\"]}]},{\"@type\":\"ImageObject\",\"inLanguage\":\"es\",\"@id\":\"https:\/\/phoenixrescuemission.louderstaging.com\/give-monthly\/#primaryimage\",\"url\":\"https:\/\/phoenixrescuemission.louderstaging.com\/wp-content\/uploads\/2025\/03\/52168957709_4e55e0a563_k-1.webp\",\"contentUrl\":\"https:\/\/phoenixrescuemission.louderstaging.com\/wp-content\/uploads\/2025\/03\/52168957709_4e55e0a563_k-1.webp\"},{\"@type\":\"BreadcrumbList\",\"@id\":\"https:\/\/phoenixrescuemission.louderstaging.com\/give-monthly\/#breadcrumb\",\"itemListElement\":[{\"@type\":\"ListItem\",\"position\":1,\"name\":\"Home\",\"item\":\"https:\/\/phoenixrescuemission.louderstaging.com\/\"},{\"@type\":\"ListItem\",\"position\":2,\"name\":\"Monthly Gift\"}]},{\"@type\":\"WebSite\",\"@id\":\"https:\/\/phoenixrescuemission.louderstaging.com\/#website\",\"url\":\"https:\/\/phoenixrescuemission.louderstaging.com\/\",\"name\":\"Phoenix Rescue Mission\",\"description\":\"\",\"potentialAction\":[{\"@type\":\"SearchAction\",\"target\":{\"@type\":\"EntryPoint\",\"urlTemplate\":\"https:\/\/phoenixrescuemission.louderstaging.com\/?s={search_term_string}\"},\"query-input\":{\"@type\":\"PropertyValueSpecification\",\"valueRequired\":true,\"valueName\":\"search_term_string\"}}],\"inLanguage\":\"es\"}]}<\/script>\n<!-- \/ Yoast SEO plugin. -->","yoast_head_json":{"title":"Monthly Gift - Phoenix Rescue Mission","robots":{"index":"index","follow":"follow","max-snippet":"max-snippet:-1","max-image-preview":"max-image-preview:large","max-video-preview":"max-video-preview:-1"},"canonical":"https:\/\/phoenixrescuemission.louderstaging.com\/es\/give-monthly\/","og_locale":"es_MX","og_type":"article","og_title":"Monthly Gift - Phoenix Rescue Mission","og_description":"Become a Monthly Giver You can help neighbors like Kenneth transform their lives. Become a Monthly Giver. For people who care about the men, women, and children who are lost, hungry, and homeless in Maricopa County, Monthly Givers lead the way by providing an affordable gift each month that helps offer life-transforming solutions which save&hellip;","og_url":"https:\/\/phoenixrescuemission.louderstaging.com\/es\/give-monthly\/","og_site_name":"Phoenix Rescue Mission","article_modified_time":"2025-04-05T20:52:40+00:00","og_image":[{"url":"https:\/\/phoenixrescuemission.louderstaging.com\/wp-content\/uploads\/2025\/03\/52168957709_4e55e0a563_k-1.webp","type":"","width":"","height":""}],"twitter_card":"summary_large_image","twitter_misc":{"Tiempo de lectura":"2 minutos"},"schema":{"@context":"https:\/\/schema.org","@graph":[{"@type":"WebPage","@id":"https:\/\/phoenixrescuemission.louderstaging.com\/give-monthly\/","url":"https:\/\/phoenixrescuemission.louderstaging.com\/give-monthly\/","name":"Monthly Gift - Phoenix Rescue Mission","isPartOf":{"@id":"https:\/\/phoenixrescuemission.louderstaging.com\/#website"},"primaryImageOfPage":{"@id":"https:\/\/phoenixrescuemission.louderstaging.com\/give-monthly\/#primaryimage"},"image":{"@id":"https:\/\/phoenixrescuemission.louderstaging.com\/give-monthly\/#primaryimage"},"thumbnailUrl":"https:\/\/phoenixrescuemission.louderstaging.com\/wp-content\/uploads\/2025\/03\/52168957709_4e55e0a563_k-1.webp","datePublished":"2025-02-13T20:21:23+00:00","dateModified":"2025-04-05T20:52:40+00:00","breadcrumb":{"@id":"https:\/\/phoenixrescuemission.louderstaging.com\/give-monthly\/#breadcrumb"},"inLanguage":"es","potentialAction":[{"@type":"ReadAction","target":["https:\/\/phoenixrescuemission.louderstaging.com\/give-monthly\/"]}]},{"@type":"ImageObject","inLanguage":"es","@id":"https:\/\/phoenixrescuemission.louderstaging.com\/give-monthly\/#primaryimage","url":"https:\/\/phoenixrescuemission.louderstaging.com\/wp-content\/uploads\/2025\/03\/52168957709_4e55e0a563_k-1.webp","contentUrl":"https:\/\/phoenixrescuemission.louderstaging.com\/wp-content\/uploads\/2025\/03\/52168957709_4e55e0a563_k-1.webp"},{"@type":"BreadcrumbList","@id":"https:\/\/phoenixrescuemission.louderstaging.com\/give-monthly\/#breadcrumb","itemListElement":[{"@type":"ListItem","position":1,"name":"Home","item":"https:\/\/phoenixrescuemission.louderstaging.com\/"},{"@type":"ListItem","position":2,"name":"Monthly Gift"}]},{"@type":"WebSite","@id":"https:\/\/phoenixrescuemission.louderstaging.com\/#website","url":"https:\/\/phoenixrescuemission.louderstaging.com\/","name":"Misi\u00f3n de Rescate de Phoenix","description":"","potentialAction":[{"@type":"SearchAction","target":{"@type":"EntryPoint","urlTemplate":"https:\/\/phoenixrescuemission.louderstaging.com\/?s={search_term_string}"},"query-input":{"@type":"PropertyValueSpecification","valueRequired":true,"valueName":"search_term_string"}}],"inLanguage":"es"}]}},"_links":{"self":[{"href":"https:\/\/phoenixrescuemission.louderstaging.com\/es\/wp-json\/wp\/v2\/pages\/6689","targetHints":{"allow":["GET"]}}],"collection":[{"href":"https:\/\/phoenixrescuemission.louderstaging.com\/es\/wp-json\/wp\/v2\/pages"}],"about":[{"href":"https:\/\/phoenixrescuemission.louderstaging.com\/es\/wp-json\/wp\/v2\/types\/page"}],"author":[{"embeddable":true,"href":"https:\/\/phoenixrescuemission.louderstaging.com\/es\/wp-json\/wp\/v2\/users\/7"}],"replies":[{"embeddable":true,"href":"https:\/\/phoenixrescuemission.louderstaging.com\/es\/wp-json\/wp\/v2\/comments?post=6689"}],"version-history":[{"count":8,"href":"https:\/\/phoenixrescuemission.louderstaging.com\/es\/wp-json\/wp\/v2\/pages\/6689\/revisions"}],"predecessor-version":[{"id":8583,"href":"https:\/\/phoenixrescuemission.louderstaging.com\/es\/wp-json\/wp\/v2\/pages\/6689\/revisions\/8583"}],"wp:attachment":[{"href":"https:\/\/phoenixrescuemission.louderstaging.com\/es\/wp-json\/wp\/v2\/media?parent=6689"}],"curies":[{"name":"wp","href":"https:\/\/api.w.org\/{rel}","templated":true}]}}