{"id":6683,"date":"2025-02-13T15:21:23","date_gmt":"2025-02-13T20:21:23","guid":{"rendered":"https:\/\/phoenixrescuemission.louderstaging.com\/volunteer\/"},"modified":"2025-04-05T15:49:05","modified_gmt":"2025-04-05T19:49:05","slug":"volunteer","status":"publish","type":"page","link":"https:\/\/phoenixrescuemission.louderstaging.com\/es\/volunteer\/","title":{"rendered":"Voluntario"},"content":{"rendered":"Voluntario\n<h1>\n\t\t\u00a1Vea vidas transformadas con sus propios ojos!\n\t<\/h1>\n\t<p>No hay mejor manera de vivir la fe que amando al pr\u00f3jimo.<\/p>\n<p>Venga y marque una diferencia que transforme vidas en el Valle - hoy, y por la eternidad.<\/p>\n\t\tAma a tu pr\u00f3jimo\n<h2>\n\t\t\u00a1Tu tiempo puede marcar la diferencia!\n\t<\/h2>\n\t<p> Construye relaciones, comparte tus habilidades y prep\u00e1rate para ver vidas transformadas. Cuando seas voluntario en la Misi\u00f3n, \u00a1marcar\u00e1s una diferencia que durar\u00e1 toda la eternidad! <\/p>\n<h3>\n\t\tInscr\u00edbase y explore oportunidades concretas. Le llevar\u00e1 menos de 5 minutos.\n\t<\/h3>\n\t\t\t<a href=\"\/es\/get-involved\/\" target=\"_self\">\n\t\t\t\t\t\t\tInscr\u00edbete como voluntario\n\t\t\t\t\t<\/a>\n\t\t\t<a href=\"#\" target=\"_self\">\n\t\t\t\t\t\t\tPortal de voluntarios\n\t\t\t\t\t<\/a>\n<h3>\n\t\tLos voluntarios son una parte esencial de nuestro ministerio. Contamos con la ayuda de:\n\t<\/h3>\n\t\t<ul>\n\t\t\t\t\t<li>\n\t\t\t\t\t\t\t\t\t\t\t<img loading=\"lazy\" decoding=\"async\" src=\"https:\/\/phoenixrescuemission.louderstaging.com\/wp-content\/uploads\/2025\/02\/bullet.png\" alt=\"bullet\" width=\"54\" height=\"34\" \/>\n\t\t\t\t\n\t\t<p>Particulares<\/p>\t\t\t\n\t\t\t<\/li>\n\t\t\t\t\t<li>\n\t\t\t\t\t\t\t\t\t\t\t<img loading=\"lazy\" decoding=\"async\" src=\"https:\/\/phoenixrescuemission.louderstaging.com\/wp-content\/uploads\/2025\/02\/bullet.png\" alt=\"bullet\" width=\"54\" height=\"34\" \/>\n\t\t\t\t\n\t\t<p>Familias<\/p>\t\t\t\n\t\t\t<\/li>\n\t\t\t\t\t<li>\n\t\t\t\t\t\t\t\t\t\t\t<img loading=\"lazy\" decoding=\"async\" src=\"https:\/\/phoenixrescuemission.louderstaging.com\/wp-content\/uploads\/2025\/02\/bullet.png\" alt=\"bullet\" width=\"54\" height=\"34\" \/>\n\t\t\t\t\n\t\t<p>Grupos religiosos<\/p>\t\t\t\n\t\t\t<\/li>\n\t\t\t\t\t<li>\n\t\t\t\t\t\t\t\t\t\t\t<img loading=\"lazy\" decoding=\"async\" src=\"https:\/\/phoenixrescuemission.louderstaging.com\/wp-content\/uploads\/2025\/02\/bullet.png\" alt=\"bullet\" width=\"54\" height=\"34\" \/>\n\t\t\t\t\n\t\t<p>Empresas<\/p>\t\t\t\n\t\t\t<\/li>\n\t\t\t\t\t<li>\n\t\t\t\t\t\t\t\t\t\t\t<img loading=\"lazy\" decoding=\"async\" src=\"https:\/\/phoenixrescuemission.louderstaging.com\/wp-content\/uploads\/2025\/02\/bullet.png\" alt=\"bullet\" width=\"54\" height=\"34\" \/>\n\t\t\t\t\n\t\t<p>Organismos p\u00fablicos<\/p>\t\t\t\n\t\t\t<\/li>\n\t\t\t\t\t<li>\n\t\t\t\t\t\t\t\t\t\t\t<img loading=\"lazy\" decoding=\"async\" src=\"https:\/\/phoenixrescuemission.louderstaging.com\/wp-content\/uploads\/2025\/02\/bullet.png\" alt=\"bullet\" width=\"54\" height=\"34\" \/>\n\t\t\t\t\n\t\t<p>Escuelas<\/p>\t\t\t\n\t\t\t<\/li>\n\t\t\t\t<\/ul>\n<h2>\n\t\tAlgunas formas de voluntariado\n\t<\/h2>\n\t<p>La funci\u00f3n de voluntariado m\u00e1s habitual es trabajar en nuestro banco de alimentos Hope for Hunger de Glendale, pero hay muchas otras oportunidades flexibles.<\/p>\n\t\t\t\t<img loading=\"lazy\" decoding=\"async\" src=\"https:\/\/phoenixrescuemission.louderstaging.com\/wp-content\/uploads\/2025\/02\/Group-2912.webp\" alt=\"Group 2912\" itemprop=\"image\" height=\"771\" width=\"1050\" title=\"Grupo 2912\" onerror=\"this.style.display='none'\"  \/>\n<h3>\n\t\tServir en nuestro Banco de Alimentos\n\t<\/h3>\n\t<p>Empaquetar cajas de comida, clasificar donaciones de alimentos o llevar la compra a los coches de los clientes son s\u00f3lo algunas opciones.<\/p>\n\t\t\t\t<img loading=\"lazy\" decoding=\"async\" src=\"https:\/\/phoenixrescuemission.louderstaging.com\/wp-content\/uploads\/2025\/02\/Group-2587.webp\" alt=\"Group 2587\" itemprop=\"image\" height=\"771\" width=\"1050\" title=\"Grupo 2587\" onerror=\"this.style.display='none'\"  \/>\n<h3>\n\t\tApoyar la recuperaci\u00f3n\n\t<\/h3>\n\t<p>Marque una diferencia duradera sirviendo comida a personas que se recuperan de la falta de hogar, la adicci\u00f3n o un trauma.<\/p>\n\t\t\t\t<img loading=\"lazy\" decoding=\"async\" src=\"https:\/\/phoenixrescuemission.louderstaging.com\/wp-content\/uploads\/2025\/02\/Group-2913.webp\" alt=\"Group 2913\" itemprop=\"image\" height=\"771\" width=\"1050\" title=\"Grupo 2913\" onerror=\"this.style.display='none'\"  \/>\n<h3>\n\t\tServir en actos de divulgaci\u00f3n\n\t<\/h3>\n\t<p>Ayude a servir a las familias necesitadas en nuestros eventos estacionales de ayuda a la comunidad durante todo el a\u00f1o.<\/p>\n\t\t\t\t<img loading=\"lazy\" decoding=\"async\" src=\"https:\/\/phoenixrescuemission.louderstaging.com\/wp-content\/uploads\/2025\/02\/Group-2906.webp\" alt=\"Group 2906\" itemprop=\"image\" height=\"771\" width=\"1051\" title=\"Grupo 2906\" onerror=\"this.style.display='none'\"  \/>\n<h3>\n\t\tSirve en nuestras despensas m\u00f3viles\n\t<\/h3>\n\t<p>Ayude a servir a cientos de familias en nuestras despensas m\u00f3viles y eventos de extensi\u00f3n comunitaria.<\/p>\n\t\t\t\t<img loading=\"lazy\" decoding=\"async\" src=\"https:\/\/phoenixrescuemission.louderstaging.com\/wp-content\/uploads\/2025\/02\/Group-2907-1.webp\" alt=\"Group 2907\" itemprop=\"image\" height=\"771\" width=\"1050\" title=\"Grupo 2907\" onerror=\"this.style.display='none'\"  \/>\n<h3>\n\t\tLimpiar y organizar\n\t<\/h3>\n\t<p>Curabitur arcu erat, accumsan id imperdiet et, porttitor at sem. Vivamus magna justo, lacinia eget.<\/p>\n\t\t\t\t<img loading=\"lazy\" decoding=\"async\" src=\"https:\/\/phoenixrescuemission.louderstaging.com\/wp-content\/uploads\/2025\/02\/Group-2908.webp\" alt=\"Group 2908\" itemprop=\"image\" height=\"771\" width=\"1050\" title=\"Grupo 2908\" onerror=\"this.style.display='none'\"  \/>\n<h3>\n\t\tOtra oportunidad espec\u00edfica\n\t<\/h3>\n\t<p>Lorem ipsum dolor sit amet, consectetur adipiscing elit. Sed velit risus, cursus vel nibh quis, tempor.<\/p>\n\t\t\t\t<img loading=\"lazy\" decoding=\"async\" src=\"https:\/\/phoenixrescuemission.louderstaging.com\/wp-content\/uploads\/2025\/02\/Group-2909.webp\" alt=\"Group 2909\" itemprop=\"image\" height=\"771\" width=\"1050\" title=\"Grupo 2909\" onerror=\"this.style.display='none'\"  \/>\n<h3>\n\t\tOtra oportunidad espec\u00edfica\n\t<\/h3>\n\t<p>Curabitur arcu erat, accumsan id imperdiet et, porttitor at sem. Vivamus magna justo, lacinia eget.<\/p>\n\t\t\t\t<img loading=\"lazy\" decoding=\"async\" src=\"https:\/\/phoenixrescuemission.louderstaging.com\/wp-content\/uploads\/2025\/02\/Group-2910.webp\" alt=\"Group 2910\" itemprop=\"image\" height=\"771\" width=\"1050\" title=\"Grupo 2910\" onerror=\"this.style.display='none'\"  \/>\n<h3>\n\t\tOtra oportunidad espec\u00edfica\n\t<\/h3>\n\t<p>Lorem ipsum dolor sit amet, consectetur adipiscing elit. Sed velit risus, cursus vel nibh quis, tempor.<\/p>\n\t\t\t\t<img loading=\"lazy\" decoding=\"async\" src=\"https:\/\/phoenixrescuemission.louderstaging.com\/wp-content\/uploads\/2025\/02\/Group-2911.webp\" alt=\"Group 2911\" itemprop=\"image\" height=\"771\" width=\"1050\" title=\"Grupo 2911\" onerror=\"this.style.display='none'\"  \/>\n<h3>\n\t\tOtra oportunidad espec\u00edfica\n\t<\/h3>\n\t<p>Curabitur arcu erat, accumsan id imperdiet et, porttitor at sem. Vivamus magna justo, lacinia eget.<\/p>\n\t\t\t\t<img loading=\"lazy\" decoding=\"async\" src=\"https:\/\/phoenixrescuemission.louderstaging.com\/wp-content\/uploads\/2025\/02\/Group-2649.webp\" alt=\"Group 2649\" itemprop=\"image\" height=\"793\" width=\"1000\" title=\"Grupo 2649\" onerror=\"this.style.display='none'\"  \/>\n\t\tEl voluntariado, \u00a1mejor juntos!\n<h2>\n\t\tAmar al pr\u00f3jimo y fortalecer las relaciones\n\t<\/h2>\n\t<p>Servir en grupo es una excelente manera de fortalecer las relaciones personales. Re\u00fane a algunos amigos de la iglesia, del trabajo, de tu escuela o del grupo de madres y \u00a1venid a servir juntos!<\/p>\n\t\t\t<a href=\"#\" target=\"_self\">\n\t\t\t\t\t\t\tInscriba ahora a su grupo\n\t\t\t\t\t<\/a>\n\t\t\t\t<p>\"Creo que es muy gratificante venir aqu\u00ed y ayudar a la gente. La Misi\u00f3n es tan cari\u00f1osa y atenta. Cuando veo la gratitud en las caras de estas personas y lo felices que est\u00e1n de recibir ayuda . . saber que he marcado la diferencia, es una bendici\u00f3n\".<\/p>\n\t\t\t\t\t\t\t\t\t\t\t\t\t\t\t\t\tJudy\n\t\t\t\t\t\t\t\t\t\t\t\t\t\t\t\t\t\t\t\t\t\t\t\t\tVoluntaria del Banco de Alimentos\n\t\t\t\t\t\t\t <!-- .louder_testimonial -->\n\t\t\t\t<p>\"Lorem ipsum dolor sit amet, consectetur adipiscing elit. <strong>Sed velit risus, cursus vel nibh quis, tempor tristique dolor<\/strong>. Mais vel tellus vel erat suscipit auctor. Faucibus etu interdum lorem ipsum dolor\".<\/p>\n\t\t\t\t<img width=\"800\" height=\"1200\" src=\"https:\/\/phoenixrescuemission.louderstaging.com\/wp-content\/uploads\/2024\/07\/sjvdxw0azqw.jpg\" alt=\"woman on focus photography\" decoding=\"async\" loading=\"lazy\" srcset=\"https:\/\/phoenixrescuemission.louderstaging.com\/wp-content\/uploads\/2024\/07\/sjvdxw0azqw.jpg 800w, https:\/\/phoenixrescuemission.louderstaging.com\/wp-content\/uploads\/2024\/07\/sjvdxw0azqw-200x300.jpg 200w, https:\/\/phoenixrescuemission.louderstaging.com\/wp-content\/uploads\/2024\/07\/sjvdxw0azqw-683x1024.jpg 683w, https:\/\/phoenixrescuemission.louderstaging.com\/wp-content\/uploads\/2024\/07\/sjvdxw0azqw-768x1152.jpg 768w\" sizes=\"auto, (max-width: 800px) 100vw, 800px\" \/>\t\t\t\n\t\t\t\t\t\t\t\t\t\t\t\t\t\t\t\t\tConnie R.\n\t\t\t\t\t\t\t\t\t\t\t\t\t\t\t\t\t\t\t\t\t\t\t\t\tFirst Citizens Bank\n\t\t\t\t\t\t\t <!-- .louder_testimonial -->\n\t<h2>\n\t\tPreguntas frecuentes\n\t<\/h2>\n<h3>\n\t\tM\u00e1s preguntas\n\t<\/h3>\n\t<p>P\u00f3ngase en contacto con [Nombre del Coordinador], nuestra Coordinadora de Voluntarios, y ella le ayudar\u00e1 a empezar y le informar\u00e1 de oportunidades espec\u00edficas.<\/p>\n\t\t\t<a href=\"\/es\/contact\/\" target=\"_self\">\n\t\t\t\t\t\t\tP\u00f3ngase en contacto con nosotros.\n\t\t\t\t\t<\/a>\n\t\t\t\t\t<a href=\"#\" id=\"fl-accordion--label-0\" tabindex=\"0\" aria-controls=\"fl-accordion--panel-0\">\u00bfC\u00f3mo puedo iniciar el proceso para hacerme voluntario?<\/a>\n\t\t\t\t\t\t\t\t\t\t\t<a href=\"#\" id=\"fl-accordion--icon-0\" tabindex=\"-1\"><i title=\"Ampliar\">Ampliar<\/i><\/a>\n\t\t\t\t\t<p>El primer paso es ir a <a href=\"http:\/\/prm.volunteerhub.com\" target=\"_blank\" rel=\"noopener\">prm.volunteerhub.com<\/a> y cree una cuenta. A continuaci\u00f3n, podr\u00e1 inscribirse en las oportunidades disponibles.<\/p>\n\t\t\t\t\t<a href=\"#\" id=\"fl-accordion--label-1\" tabindex=\"0\" aria-controls=\"fl-accordion--panel-1\">\u00bfCu\u00e1l es la edad m\u00ednima para ser voluntario?<\/a>\n\t\t\t\t\t\t\t\t\t\t\t<a href=\"#\" id=\"fl-accordion--icon-1\" tabindex=\"-1\"><i title=\"Ampliar\">Ampliar<\/i><\/a>\n\t\t\t\t\t<p>Todos los menores de 18 a\u00f1os deben tener una Autorizaci\u00f3n de Voluntario Juvenil y Liberaci\u00f3n de Responsabilidad completada y estar acompa\u00f1ados por un adulto. La edad m\u00ednima requerida para el servicio en el Banco de Alimentos Hope For Hunger es de 12 a\u00f1os y para cualquier tipo de servicio de alimentos los ni\u00f1os deben tener 14 a\u00f1os de edad. Los padres pueden traer ni\u00f1os de cualquier edad a nuestros eventos de Participaci\u00f3n Comunitaria y son totalmente responsables de la participaci\u00f3n y asistencia de sus hijos. Por favor, aseg\u00farese de crear una cuenta para cada menor que sea voluntario en <a href=\"http:\/\/prm.volunteerhub.com\" target=\"_blank\" rel=\"noopener\">prm.volunteerhub.com<\/a><\/p>\n\t\t\t\t\t<a href=\"#\" id=\"fl-accordion--label-2\" tabindex=\"0\" aria-controls=\"fl-accordion--panel-2\">\u00bfC\u00f3mo puedo hacer un seguimiento de mis horas de voluntariado de servicio comunitario escolar?<\/a>\n\t\t\t\t\t\t\t\t\t\t\t<a href=\"#\" id=\"fl-accordion--icon-2\" tabindex=\"-1\"><i title=\"Ampliar\">Ampliar<\/i><\/a>\n\t\t\t\t\t<p>Los j\u00f3venes que necesiten verificar sus horas de servicio voluntario escolar deben crear sus propias cuentas en <a href=\"\/es\/prm.volulnteerhub.com\/\" target=\"_blank\" rel=\"noopener\">prm.volulnteerhub.com<\/a>. Despu\u00e9s de servir, ve a MI CUENTA, MIS HORAS para ver e imprimir tus horas de voluntariado.<\/p>\n\t\t\t\t\t<a href=\"#\" id=\"fl-accordion--label-3\" tabindex=\"0\" aria-controls=\"fl-accordion--panel-3\">\u00bfEn qu\u00e9 lugares se puede trabajar como voluntario?<\/a>\n\t\t\t\t\t\t\t\t\t\t\t<a href=\"#\" id=\"fl-accordion--icon-3\" tabindex=\"-1\"><i title=\"Ampliar\">Ampliar<\/i><\/a>\n\t\t\t\t\t<p>Hay oportunidades en toda la Misi\u00f3n en el Centro Transformando Vidas, el Centro Cambiando Vidas, el Centro de Apoyo a la Misi\u00f3n, el Banco de Alimentos Esperanza para el Hambre y con nuestros Eventos de Compromiso Comunitario.<\/p>\n\t\t\t\t\t<a href=\"#\" id=\"fl-accordion--label-4\" tabindex=\"0\" aria-controls=\"fl-accordion--panel-4\">\u00bfC\u00f3mo programo una actividad de grupo para una empresa, iglesia o grupo comunitario?<\/a>\n\t\t\t\t\t\t\t\t\t\t\t<a href=\"#\" id=\"fl-accordion--icon-4\" tabindex=\"-1\"><i title=\"Ampliar\">Ampliar<\/i><\/a>\n\t\t\t\t\t<p>En prm.volunteerhub.com figuran varias actividades de grupo. Despu\u00e9s de revisar las posibles oportunidades, p\u00f3ngase en contacto con Volunteer Engagement, <a href=\"mailto:volunteer@phxmission.org\" target=\"_blank\" rel=\"noopener\">volunteer@phxmission.org<\/a>, <a href=\"tel:6023463363\" target=\"_blank\" rel=\"noopener\">(602) 346-3363<\/a> para reservar el n\u00famero de plazas necesarias para su grupo o para explorar otras oportunidades que no figuren en la lista.<\/p>\n\t\t\t\t\t<a href=\"#\" id=\"fl-accordion--label-5\" tabindex=\"0\" aria-controls=\"fl-accordion--panel-5\">\u00bfQu\u00e9 oportunidades tiene disponibles para servir?<\/a>\n\t\t\t\t\t\t\t\t\t\t\t<a href=\"#\" id=\"fl-accordion--icon-5\" tabindex=\"-1\"><i title=\"Ampliar\">Ampliar<\/i><\/a>\n\t\t\t\t\t<p>Nuestros Servicios Generales est\u00e1n a disposici\u00f3n de todos los voluntarios que hayan creado una cuenta en <a href=\"http:\/\/prm.volunteerhub.com\" target=\"_blank\" rel=\"noopener\">prm.volunteerhub.com<\/a>. Incluyen actividades como ayudar en nuestro banco de alimentos Hope for Hunger, servir una comida en uno de nuestros centros y participar en nuestros actos de compromiso con la comunidad.<\/p>\n\t\t\t\t\t<a href=\"#\" id=\"fl-accordion--label-6\" tabindex=\"0\" aria-controls=\"fl-accordion--panel-6\">\u00bfNecesito programar con antelaci\u00f3n para servir o puedo presentarme sin m\u00e1s?<\/a>\n\t\t\t\t\t\t\t\t\t\t\t<a href=\"#\" id=\"fl-accordion--icon-6\" tabindex=\"-1\"><i title=\"Ampliar\">Ampliar<\/i><\/a>\n\t\t\t\t\t<p>Exigimos a todos los voluntarios (incluidos los menores) que creen una cuenta en <a href=\"http:\/\/prm.volunteerhub.com\" target=\"_blank\" rel=\"noopener\">prm.volunteerhub.com<\/a> y programar con antelaci\u00f3n. Esto nos permite planificar y dotar de personal adecuado nuestros eventos.<\/p>\n\t\t\t\t\t<a href=\"#\" id=\"fl-accordion--label-7\" tabindex=\"0\" aria-controls=\"fl-accordion--panel-7\">\u00bfPuedo servir en Phoenix Rescue Mission si tengo antecedentes penales?<\/a>\n\t\t\t\t\t\t\t\t\t\t\t<a href=\"#\" id=\"fl-accordion--icon-7\" tabindex=\"-1\"><i title=\"Ampliar\">Ampliar<\/i><\/a>\n\t\t\t\t\t<p>Tener antecedentes penales no le impide necesariamente poder prestar servicio. Ind\u00edquelo al crear su cuenta en <a href=\"http:\/\/prm.volunteerhub.com\" target=\"_blank\" rel=\"noopener\">prm.volunteerhub.com<\/a> para que podamos ponernos en contacto con usted y seguir hablando de su servicio.<\/p>\n\t\t\t\t\t<a href=\"#\" id=\"fl-accordion--label-8\" tabindex=\"0\" aria-controls=\"fl-accordion--panel-8\">\u00bfQu\u00e9 me pongo?<\/a>\n\t\t\t\t\t\t\t\t\t\t\t<a href=\"#\" id=\"fl-accordion--icon-8\" tabindex=\"-1\"><i title=\"Ampliar\">Ampliar<\/i><\/a>\n\t\t\t\t\t<p>Por favor, v\u00edstase adecuadamente para las condiciones y el desempe\u00f1o de sus funciones de voluntario. Los voluntarios deben llevar un atuendo modesto, SIN camisetas sin mangas ni tirantes de espagueti. Por razones de seguridad, los zapatos cerrados deben ser advertidos para todos los servicios de alimentos, banco de alimentos y actividades de participaci\u00f3n de la comunidad. PRM se reserva el derecho de pedir a los voluntarios que se cambien o abandonen la propiedad si la ropa es inapropiada.<\/p>\n\t\t\t\t\t<a href=\"#\" id=\"fl-accordion--label-9\" tabindex=\"0\" aria-controls=\"fl-accordion--panel-9\">\u00bfPuedo completar mi servicio comunitario ordenado por la corte en Phoenix Rescue Mission?<\/a>\n\t\t\t\t\t\t\t\t\t\t\t<a href=\"#\" id=\"fl-accordion--icon-9\" tabindex=\"-1\"><i title=\"Ampliar\">Ampliar<\/i><\/a>\n\t\t\t\t\t<p>En este momento Phoenix Rescue Mission no tiene un programa de servicio comunitario por orden judicial.<\/p>\n<h2>\n\t\tEmpezar a trabajar como voluntario es f\u00e1cil\n\t<\/h2>\n\t<p>Nulla porttitor accumsan tincidunt. Lorem ipsum dolor sit amet.<\/p>\n    1\n<h3>\n\t\tSolicitud de voluntariado\n\t<\/h3>\n\t<p>Curabitur arcu erat, accumsan id imperdiet et, porttitor at sem.<\/p>\n    2\n<h3>\n\t\tPaso siguiente\n\t<\/h3>\n\t<p>Curabitur arcu erat accumsan id impert et porttitor at sem.<\/p>\n    3\n<h3>\n\t\tMarcar la diferencia\n\t<\/h3>\n\t<p>Curabitur arcu erat, accumsan id imperdiet et, porttitor at sem.<\/p>\n\t\t\t<a href=\"#\" target=\"_self\">\n\t\t\t\t\t\t\tInscr\u00edbete como voluntario\n\t\t\t\t\t<\/a>\n\t\t\t<a href=\"#\" target=\"_self\">\n\t\t\t\t\t\t\tPortal de voluntarios\n\t\t\t\t\t<\/a>","protected":false},"excerpt":{"rendered":"<p>Voluntario \u00a1Vea vidas transformadas con sus propios ojos! No hay mejor manera de vivir su fe que amando a su pr\u00f3jimo. Venga y haga una diferencia que transforme vidas en el Valle - hoy, y por la eternidad. Ama a tu pr\u00f3jimo \u00a1Tu tiempo puede marcar la diferencia! Construye relaciones, comparte tus habilidades y prep\u00e1rate...<\/p>","protected":false},"author":7,"featured_media":0,"parent":0,"menu_order":12,"comment_status":"closed","ping_status":"closed","template":"","meta":{"_acf_changed":false,"footnotes":""},"class_list":["post-6683","page","type-page","status-publish","hentry"],"acf":[],"yoast_head":"<!-- This site is optimized with the Yoast SEO plugin v25.8 - https:\/\/yoast.com\/wordpress\/plugins\/seo\/ -->\n<title>Volunteer - Phoenix Rescue Mission<\/title>\n<meta name=\"robots\" content=\"index, follow, max-snippet:-1, max-image-preview:large, max-video-preview:-1\" \/>\n<link rel=\"canonical\" href=\"https:\/\/phoenixrescuemission.louderstaging.com\/es\/volunteer\/\" \/>\n<meta property=\"og:locale\" content=\"es_MX\" \/>\n<meta property=\"og:type\" content=\"article\" \/>\n<meta property=\"og:title\" content=\"Volunteer - Phoenix Rescue Mission\" \/>\n<meta property=\"og:description\" content=\"Volunteer See Lives Transformed with Your Own Eyes! There is no better way to live your faith than by loving your neighbor. Come and make a difference that transforms lives in the Valley &#8211; today, and for eternity. Love Your Neighbor Your time can make a difference! Build relationships, share your skills, and get ready&hellip;\" \/>\n<meta property=\"og:url\" content=\"https:\/\/phoenixrescuemission.louderstaging.com\/es\/volunteer\/\" \/>\n<meta property=\"og:site_name\" content=\"Phoenix Rescue Mission\" \/>\n<meta property=\"article:modified_time\" content=\"2025-04-05T19:49:05+00:00\" \/>\n<meta property=\"og:image\" content=\"https:\/\/phoenixrescuemission.louderstaging.com\/wp-content\/uploads\/2025\/02\/bullet.png\" \/>\n<meta name=\"twitter:card\" content=\"summary_large_image\" \/>\n<meta name=\"twitter:label1\" content=\"Tiempo de lectura\" \/>\n\t<meta name=\"twitter:data1\" content=\"5 minutos\" \/>\n<script type=\"application\/ld+json\" class=\"yoast-schema-graph\">{\"@context\":\"https:\/\/schema.org\",\"@graph\":[{\"@type\":\"WebPage\",\"@id\":\"https:\/\/phoenixrescuemission.louderstaging.com\/volunteer\/\",\"url\":\"https:\/\/phoenixrescuemission.louderstaging.com\/volunteer\/\",\"name\":\"Volunteer - Phoenix Rescue Mission\",\"isPartOf\":{\"@id\":\"https:\/\/phoenixrescuemission.louderstaging.com\/#website\"},\"primaryImageOfPage\":{\"@id\":\"https:\/\/phoenixrescuemission.louderstaging.com\/volunteer\/#primaryimage\"},\"image\":{\"@id\":\"https:\/\/phoenixrescuemission.louderstaging.com\/volunteer\/#primaryimage\"},\"thumbnailUrl\":\"https:\/\/phoenixrescuemission.louderstaging.com\/wp-content\/uploads\/2025\/02\/bullet.png\",\"datePublished\":\"2025-02-13T20:21:23+00:00\",\"dateModified\":\"2025-04-05T19:49:05+00:00\",\"breadcrumb\":{\"@id\":\"https:\/\/phoenixrescuemission.louderstaging.com\/volunteer\/#breadcrumb\"},\"inLanguage\":\"es\",\"potentialAction\":[{\"@type\":\"ReadAction\",\"target\":[\"https:\/\/phoenixrescuemission.louderstaging.com\/volunteer\/\"]}]},{\"@type\":\"ImageObject\",\"inLanguage\":\"es\",\"@id\":\"https:\/\/phoenixrescuemission.louderstaging.com\/volunteer\/#primaryimage\",\"url\":\"https:\/\/phoenixrescuemission.louderstaging.com\/wp-content\/uploads\/2025\/02\/bullet.png\",\"contentUrl\":\"https:\/\/phoenixrescuemission.louderstaging.com\/wp-content\/uploads\/2025\/02\/bullet.png\"},{\"@type\":\"BreadcrumbList\",\"@id\":\"https:\/\/phoenixrescuemission.louderstaging.com\/volunteer\/#breadcrumb\",\"itemListElement\":[{\"@type\":\"ListItem\",\"position\":1,\"name\":\"Home\",\"item\":\"https:\/\/phoenixrescuemission.louderstaging.com\/\"},{\"@type\":\"ListItem\",\"position\":2,\"name\":\"Volunteer\"}]},{\"@type\":\"WebSite\",\"@id\":\"https:\/\/phoenixrescuemission.louderstaging.com\/#website\",\"url\":\"https:\/\/phoenixrescuemission.louderstaging.com\/\",\"name\":\"Phoenix Rescue Mission\",\"description\":\"\",\"potentialAction\":[{\"@type\":\"SearchAction\",\"target\":{\"@type\":\"EntryPoint\",\"urlTemplate\":\"https:\/\/phoenixrescuemission.louderstaging.com\/?s={search_term_string}\"},\"query-input\":{\"@type\":\"PropertyValueSpecification\",\"valueRequired\":true,\"valueName\":\"search_term_string\"}}],\"inLanguage\":\"es\"}]}<\/script>\n<!-- \/ Yoast SEO plugin. -->","yoast_head_json":{"title":"Volunteer - Phoenix Rescue Mission","robots":{"index":"index","follow":"follow","max-snippet":"max-snippet:-1","max-image-preview":"max-image-preview:large","max-video-preview":"max-video-preview:-1"},"canonical":"https:\/\/phoenixrescuemission.louderstaging.com\/es\/volunteer\/","og_locale":"es_MX","og_type":"article","og_title":"Volunteer - Phoenix Rescue Mission","og_description":"Volunteer See Lives Transformed with Your Own Eyes! There is no better way to live your faith than by loving your neighbor. Come and make a difference that transforms lives in the Valley &#8211; today, and for eternity. Love Your Neighbor Your time can make a difference! Build relationships, share your skills, and get ready&hellip;","og_url":"https:\/\/phoenixrescuemission.louderstaging.com\/es\/volunteer\/","og_site_name":"Phoenix Rescue Mission","article_modified_time":"2025-04-05T19:49:05+00:00","og_image":[{"url":"https:\/\/phoenixrescuemission.louderstaging.com\/wp-content\/uploads\/2025\/02\/bullet.png","type":"","width":"","height":""}],"twitter_card":"summary_large_image","twitter_misc":{"Tiempo de lectura":"5 minutos"},"schema":{"@context":"https:\/\/schema.org","@graph":[{"@type":"WebPage","@id":"https:\/\/phoenixrescuemission.louderstaging.com\/volunteer\/","url":"https:\/\/phoenixrescuemission.louderstaging.com\/volunteer\/","name":"Volunteer - Phoenix Rescue Mission","isPartOf":{"@id":"https:\/\/phoenixrescuemission.louderstaging.com\/#website"},"primaryImageOfPage":{"@id":"https:\/\/phoenixrescuemission.louderstaging.com\/volunteer\/#primaryimage"},"image":{"@id":"https:\/\/phoenixrescuemission.louderstaging.com\/volunteer\/#primaryimage"},"thumbnailUrl":"https:\/\/phoenixrescuemission.louderstaging.com\/wp-content\/uploads\/2025\/02\/bullet.png","datePublished":"2025-02-13T20:21:23+00:00","dateModified":"2025-04-05T19:49:05+00:00","breadcrumb":{"@id":"https:\/\/phoenixrescuemission.louderstaging.com\/volunteer\/#breadcrumb"},"inLanguage":"es","potentialAction":[{"@type":"ReadAction","target":["https:\/\/phoenixrescuemission.louderstaging.com\/volunteer\/"]}]},{"@type":"ImageObject","inLanguage":"es","@id":"https:\/\/phoenixrescuemission.louderstaging.com\/volunteer\/#primaryimage","url":"https:\/\/phoenixrescuemission.louderstaging.com\/wp-content\/uploads\/2025\/02\/bullet.png","contentUrl":"https:\/\/phoenixrescuemission.louderstaging.com\/wp-content\/uploads\/2025\/02\/bullet.png"},{"@type":"BreadcrumbList","@id":"https:\/\/phoenixrescuemission.louderstaging.com\/volunteer\/#breadcrumb","itemListElement":[{"@type":"ListItem","position":1,"name":"Home","item":"https:\/\/phoenixrescuemission.louderstaging.com\/"},{"@type":"ListItem","position":2,"name":"Volunteer"}]},{"@type":"WebSite","@id":"https:\/\/phoenixrescuemission.louderstaging.com\/#website","url":"https:\/\/phoenixrescuemission.louderstaging.com\/","name":"Misi\u00f3n de Rescate de Phoenix","description":"","potentialAction":[{"@type":"SearchAction","target":{"@type":"EntryPoint","urlTemplate":"https:\/\/phoenixrescuemission.louderstaging.com\/?s={search_term_string}"},"query-input":{"@type":"PropertyValueSpecification","valueRequired":true,"valueName":"search_term_string"}}],"inLanguage":"es"}]}},"_links":{"self":[{"href":"https:\/\/phoenixrescuemission.louderstaging.com\/es\/wp-json\/wp\/v2\/pages\/6683","targetHints":{"allow":["GET"]}}],"collection":[{"href":"https:\/\/phoenixrescuemission.louderstaging.com\/es\/wp-json\/wp\/v2\/pages"}],"about":[{"href":"https:\/\/phoenixrescuemission.louderstaging.com\/es\/wp-json\/wp\/v2\/types\/page"}],"author":[{"embeddable":true,"href":"https:\/\/phoenixrescuemission.louderstaging.com\/es\/wp-json\/wp\/v2\/users\/7"}],"replies":[{"embeddable":true,"href":"https:\/\/phoenixrescuemission.louderstaging.com\/es\/wp-json\/wp\/v2\/comments?post=6683"}],"version-history":[{"count":21,"href":"https:\/\/phoenixrescuemission.louderstaging.com\/es\/wp-json\/wp\/v2\/pages\/6683\/revisions"}],"predecessor-version":[{"id":8557,"href":"https:\/\/phoenixrescuemission.louderstaging.com\/es\/wp-json\/wp\/v2\/pages\/6683\/revisions\/8557"}],"wp:attachment":[{"href":"https:\/\/phoenixrescuemission.louderstaging.com\/es\/wp-json\/wp\/v2\/media?parent=6683"}],"curies":[{"name":"wp","href":"https:\/\/api.w.org\/{rel}","templated":true}]}}