{"id":6682,"date":"2025-02-13T15:21:23","date_gmt":"2025-02-13T20:21:23","guid":{"rendered":"https:\/\/phoenixrescuemission.louderstaging.com\/get-involved\/"},"modified":"2025-03-25T15:30:45","modified_gmt":"2025-03-25T19:30:45","slug":"get-involved","status":"publish","type":"page","link":"https:\/\/phoenixrescuemission.louderstaging.com\/es\/get-involved\/","title":{"rendered":"Participa"},"content":{"rendered":"Participa\n<h2>\n\t\tMake a Lasting Difference in the Valley\n\t<\/h2>\n\t<p>&#8220;For the body does not consist of one member but of many.&#8221; 1 Corinthians 12:14<\/p>\n<p>Phoenix Rescue Mission is a vibrant, faith-based community of people who are passionate about helping our neighbors enduring hunger, homelessness, addiction and trauma. If you&#8217;re ready to inspire transformation in the Valley, we&#8217;d love to have you join us.<\/p>\n<p>Hay muchas maneras de participar.<\/p>\n                    <a title=\"Haz una donaci\u00f3n que cambie la vida\" href=\"\/es\/give\/\" target=\"_self\">\n\t\t\t\t<img decoding=\"async\" src=\"https:\/\/phoenixrescuemission.louderstaging.com\/wp-content\/uploads\/2025\/02\/Group-2400-2.webp\" alt=\"\"\/>\n\t\t\t<h3>Haz una donaci\u00f3n que cambie la vida<\/h3>\n\t\t\t\t\t<p>Tu apoyo financiero proporciona recursos vitales para nuestros vecinos sin hogar y con dificultades, incluyendo agua fresca y alimentos nutritivos; refugio del sol y las calles; y servicios de restauraci\u00f3n integral, incluyendo recuperaci\u00f3n de adicciones, desarrollo espiritual y educativo, vivienda, preparaci\u00f3n para el empleo y m\u00e1s.<\/p>\n\t\t\t\t <!-- .loud_hover_box_content_inner -->\n\t\t\t <!-- .loud_hover_box_content_wrap -->\n\t\t <!-- .loud_hover_box_content_container -->\n\t <!-- .loud_hover_box_content -->\n\t\t\t\t\t<\/a> <!-- .loud_hover_box_link -->\n     <!-- .loud_hover_box -->\n                    <a title=\"Encuentra maneras de servir\" href=\"\/es\/volunteer\/\" target=\"_self\">\n\t\t\t\t<img decoding=\"async\" src=\"https:\/\/phoenixrescuemission.louderstaging.com\/wp-content\/uploads\/2025\/02\/Group-2400.webp\" alt=\"\"\/>\n\t\t\t<h3>Encuentra maneras de servir<\/h3>\n\t\t\t\t\t<p>The Mission relies on individuals and groups alike to serve our community. Volunteers carry out a wide variety of meaningful responsibilities, and there are roles for every skillset and commitment level. We&#8217;re eager to work with you or your group to find the opportunity that fits best.<\/p>\n\t\t\t\t <!-- .loud_hover_box_content_inner -->\n\t\t\t <!-- .loud_hover_box_content_wrap -->\n\t\t <!-- .loud_hover_box_content_container -->\n\t <!-- .loud_hover_box_content -->\n\t\t\t\t\t<\/a> <!-- .loud_hover_box_link -->\n     <!-- .loud_hover_box -->\n                    <a title=\"Alianzas Corporativas y Comunitarias\" href=\"\/es\/corporate-partnership\/\" target=\"_self\">\n\t\t\t\t<img decoding=\"async\" src=\"https:\/\/phoenixrescuemission.louderstaging.com\/wp-content\/uploads\/2025\/02\/Group-2400-1.webp\" alt=\"\"\/>\n\t\t\t<h3>Alianzas Corporativas y Comunitarias<\/h3>\n\t\t\t\t\t<p>Estamos profundamente agradecidos con nuestros socios comunitarios y negocios locales que retribuyen para ayudar a los vecinos en necesidad urgente. Existen muchas formas de involucrar a su empresa y empleados para marcar una diferencia importante.<\/p>\n\t\t\t\t <!-- .loud_hover_box_content_inner -->\n\t\t\t <!-- .loud_hover_box_content_wrap -->\n\t\t <!-- .loud_hover_box_content_container -->\n\t <!-- .loud_hover_box_content -->\n\t\t\t\t\t<\/a> <!-- .loud_hover_box_link -->\n     <!-- .loud_hover_box -->\n                    <a title=\"Asociaciones eclesi\u00e1sticas\" href=\"\/es\/church-partnership\/\" target=\"_self\">\n\t\t\t\t<img decoding=\"async\" src=\"https:\/\/phoenixrescuemission.louderstaging.com\/wp-content\/uploads\/2025\/02\/Group-2400-2.webp\" alt=\"\"\/>\n\t\t\t<h3>Asociaciones eclesi\u00e1sticas<\/h3>\n\t\t\t\t\t<p>As a Christian ministry, Phoenix Rescue Mission works closely with local churches to advance the Gospel among the &#8220;least of these&#8221; (Matthew 25:40).<\/p>\n<p>We desire to deepen our relationship with existing church partners, and to engage new church partners in the Valley who are determined to change lives &#8211; now, and for eternity.<\/p>\n\t\t\t\t <!-- .loud_hover_box_content_inner -->\n\t\t\t <!-- .loud_hover_box_content_wrap -->\n\t\t <!-- .loud_hover_box_content_container -->\n\t <!-- .loud_hover_box_content -->\n\t\t\t\t\t<\/a> <!-- .loud_hover_box_link -->\n     <!-- .loud_hover_box -->\n                    <a title=\"La esperanza impulsa\" href=\"https:\/\/phoenixrescuemission.louderstaging.com\/es\/hope-totes\/\" target=\"_self\">\n\t\t\t\t<img decoding=\"async\" src=\"https:\/\/phoenixrescuemission.louderstaging.com\/wp-content\/uploads\/2025\/02\/Group-2400.webp\" alt=\"\"\/>\n\t\t\t<h3>La esperanza impulsa<\/h3>\n\t\t\t\t\t<p>Inspire your friends, coworkers or church community to work together to collect critical goods and funds for our neighbors in need. Drives can include digital fundraisers or collections of goods for drop-off at the Mission. Both are great ways to make a meaningful difference in our community, and to introduce the Mission&#8217;s life-transforming work to new audiences.<\/p>\n\t\t\t\t <!-- .loud_hover_box_content_inner -->\n\t\t\t <!-- .loud_hover_box_content_wrap -->\n\t\t <!-- .loud_hover_box_content_container -->\n\t <!-- .loud_hover_box_content -->\n\t\t\t\t\t<\/a> <!-- .loud_hover_box_link -->\n     <!-- .loud_hover_box -->\n                    <a title=\"Donar bienes\" href=\"\/es\/give-goods\/\" target=\"_self\">\n\t\t\t\t<img decoding=\"async\" src=\"https:\/\/phoenixrescuemission.louderstaging.com\/wp-content\/uploads\/2025\/02\/Group-2400-1.webp\" alt=\"\"\/>\n\t\t\t<h3>Donar bienes<\/h3>\n\t\t\t\t\t<p>Tambi\u00e9n puedes ofrecer recursos pr\u00e1cticos para hombres, mujeres y ni\u00f1os en dificultades en el Valle. Agua, alimentos no perecederos, calcetines y zapatos, art\u00edculos de tocador y otros art\u00edculos cotidianos marcan una diferencia incre\u00edble.<\/p>\n\t\t\t\t <!-- .loud_hover_box_content_inner -->\n\t\t\t <!-- .loud_hover_box_content_wrap -->\n\t\t <!-- .loud_hover_box_content_container -->\n\t <!-- .loud_hover_box_content -->\n\t\t\t\t\t<\/a> <!-- .loud_hover_box_link -->\n     <!-- .loud_hover_box -->","protected":false},"excerpt":{"rendered":"<p>Get Involved Make a Lasting Difference in the Valley &#8220;For the body does not consist of one member but of many.&#8221; 1 Corinthians 12:14 Phoenix Rescue Mission is a vibrant, faith-based community of people who are passionate about helping our neighbors enduring hunger, homelessness, addiction and trauma. If you&#8217;re ready to inspire transformation in the&hellip;<\/p>","protected":false},"author":7,"featured_media":0,"parent":0,"menu_order":11,"comment_status":"closed","ping_status":"closed","template":"","meta":{"_acf_changed":false,"footnotes":""},"class_list":["post-6682","page","type-page","status-publish","hentry"],"acf":[],"yoast_head":"<!-- This site is optimized with the Yoast SEO plugin v25.8 - https:\/\/yoast.com\/wordpress\/plugins\/seo\/ -->\n<title>Get Involved - Phoenix Rescue Mission<\/title>\n<meta name=\"robots\" content=\"index, follow, max-snippet:-1, max-image-preview:large, max-video-preview:-1\" \/>\n<link rel=\"canonical\" href=\"https:\/\/phoenixrescuemission.louderstaging.com\/es\/get-involved\/\" \/>\n<meta property=\"og:locale\" content=\"es_MX\" \/>\n<meta property=\"og:type\" content=\"article\" \/>\n<meta property=\"og:title\" content=\"Get Involved - Phoenix Rescue Mission\" \/>\n<meta property=\"og:description\" content=\"Get Involved Make a Lasting Difference in the Valley &#8220;For the body does not consist of one member but of many.&#8221; 1 Corinthians 12:14 Phoenix Rescue Mission is a vibrant, faith-based community of people who are passionate about helping our neighbors enduring hunger, homelessness, addiction and trauma. If you&#8217;re ready to inspire transformation in the&hellip;\" \/>\n<meta property=\"og:url\" content=\"https:\/\/phoenixrescuemission.louderstaging.com\/es\/get-involved\/\" \/>\n<meta property=\"og:site_name\" content=\"Phoenix Rescue Mission\" \/>\n<meta property=\"article:modified_time\" content=\"2025-03-25T19:30:45+00:00\" \/>\n<meta property=\"og:image\" content=\"https:\/\/phoenixrescuemission.louderstaging.com\/wp-content\/uploads\/2025\/02\/Group-2400-2.webp\" \/>\n<meta name=\"twitter:card\" content=\"summary_large_image\" \/>\n<meta name=\"twitter:label1\" content=\"Tiempo de lectura\" \/>\n\t<meta name=\"twitter:data1\" content=\"2 minutos\" \/>\n<script type=\"application\/ld+json\" class=\"yoast-schema-graph\">{\"@context\":\"https:\/\/schema.org\",\"@graph\":[{\"@type\":\"WebPage\",\"@id\":\"https:\/\/phoenixrescuemission.louderstaging.com\/get-involved\/\",\"url\":\"https:\/\/phoenixrescuemission.louderstaging.com\/get-involved\/\",\"name\":\"Get Involved - Phoenix Rescue Mission\",\"isPartOf\":{\"@id\":\"https:\/\/phoenixrescuemission.louderstaging.com\/#website\"},\"primaryImageOfPage\":{\"@id\":\"https:\/\/phoenixrescuemission.louderstaging.com\/get-involved\/#primaryimage\"},\"image\":{\"@id\":\"https:\/\/phoenixrescuemission.louderstaging.com\/get-involved\/#primaryimage\"},\"thumbnailUrl\":\"https:\/\/phoenixrescuemission.louderstaging.com\/wp-content\/uploads\/2025\/02\/Group-2400-2.webp\",\"datePublished\":\"2025-02-13T20:21:23+00:00\",\"dateModified\":\"2025-03-25T19:30:45+00:00\",\"breadcrumb\":{\"@id\":\"https:\/\/phoenixrescuemission.louderstaging.com\/get-involved\/#breadcrumb\"},\"inLanguage\":\"es\",\"potentialAction\":[{\"@type\":\"ReadAction\",\"target\":[\"https:\/\/phoenixrescuemission.louderstaging.com\/get-involved\/\"]}]},{\"@type\":\"ImageObject\",\"inLanguage\":\"es\",\"@id\":\"https:\/\/phoenixrescuemission.louderstaging.com\/get-involved\/#primaryimage\",\"url\":\"https:\/\/phoenixrescuemission.louderstaging.com\/wp-content\/uploads\/2025\/02\/Group-2400-2.webp\",\"contentUrl\":\"https:\/\/phoenixrescuemission.louderstaging.com\/wp-content\/uploads\/2025\/02\/Group-2400-2.webp\"},{\"@type\":\"BreadcrumbList\",\"@id\":\"https:\/\/phoenixrescuemission.louderstaging.com\/get-involved\/#breadcrumb\",\"itemListElement\":[{\"@type\":\"ListItem\",\"position\":1,\"name\":\"Home\",\"item\":\"https:\/\/phoenixrescuemission.louderstaging.com\/\"},{\"@type\":\"ListItem\",\"position\":2,\"name\":\"Get Involved\"}]},{\"@type\":\"WebSite\",\"@id\":\"https:\/\/phoenixrescuemission.louderstaging.com\/#website\",\"url\":\"https:\/\/phoenixrescuemission.louderstaging.com\/\",\"name\":\"Phoenix Rescue Mission\",\"description\":\"\",\"potentialAction\":[{\"@type\":\"SearchAction\",\"target\":{\"@type\":\"EntryPoint\",\"urlTemplate\":\"https:\/\/phoenixrescuemission.louderstaging.com\/?s={search_term_string}\"},\"query-input\":{\"@type\":\"PropertyValueSpecification\",\"valueRequired\":true,\"valueName\":\"search_term_string\"}}],\"inLanguage\":\"es\"}]}<\/script>\n<!-- \/ Yoast SEO plugin. -->","yoast_head_json":{"title":"Get Involved - Phoenix Rescue Mission","robots":{"index":"index","follow":"follow","max-snippet":"max-snippet:-1","max-image-preview":"max-image-preview:large","max-video-preview":"max-video-preview:-1"},"canonical":"https:\/\/phoenixrescuemission.louderstaging.com\/es\/get-involved\/","og_locale":"es_MX","og_type":"article","og_title":"Get Involved - Phoenix Rescue Mission","og_description":"Get Involved Make a Lasting Difference in the Valley &#8220;For the body does not consist of one member but of many.&#8221; 1 Corinthians 12:14 Phoenix Rescue Mission is a vibrant, faith-based community of people who are passionate about helping our neighbors enduring hunger, homelessness, addiction and trauma. If you&#8217;re ready to inspire transformation in the&hellip;","og_url":"https:\/\/phoenixrescuemission.louderstaging.com\/es\/get-involved\/","og_site_name":"Phoenix Rescue Mission","article_modified_time":"2025-03-25T19:30:45+00:00","og_image":[{"url":"https:\/\/phoenixrescuemission.louderstaging.com\/wp-content\/uploads\/2025\/02\/Group-2400-2.webp","type":"","width":"","height":""}],"twitter_card":"summary_large_image","twitter_misc":{"Tiempo de lectura":"2 minutos"},"schema":{"@context":"https:\/\/schema.org","@graph":[{"@type":"WebPage","@id":"https:\/\/phoenixrescuemission.louderstaging.com\/get-involved\/","url":"https:\/\/phoenixrescuemission.louderstaging.com\/get-involved\/","name":"Get Involved - Phoenix Rescue Mission","isPartOf":{"@id":"https:\/\/phoenixrescuemission.louderstaging.com\/#website"},"primaryImageOfPage":{"@id":"https:\/\/phoenixrescuemission.louderstaging.com\/get-involved\/#primaryimage"},"image":{"@id":"https:\/\/phoenixrescuemission.louderstaging.com\/get-involved\/#primaryimage"},"thumbnailUrl":"https:\/\/phoenixrescuemission.louderstaging.com\/wp-content\/uploads\/2025\/02\/Group-2400-2.webp","datePublished":"2025-02-13T20:21:23+00:00","dateModified":"2025-03-25T19:30:45+00:00","breadcrumb":{"@id":"https:\/\/phoenixrescuemission.louderstaging.com\/get-involved\/#breadcrumb"},"inLanguage":"es","potentialAction":[{"@type":"ReadAction","target":["https:\/\/phoenixrescuemission.louderstaging.com\/get-involved\/"]}]},{"@type":"ImageObject","inLanguage":"es","@id":"https:\/\/phoenixrescuemission.louderstaging.com\/get-involved\/#primaryimage","url":"https:\/\/phoenixrescuemission.louderstaging.com\/wp-content\/uploads\/2025\/02\/Group-2400-2.webp","contentUrl":"https:\/\/phoenixrescuemission.louderstaging.com\/wp-content\/uploads\/2025\/02\/Group-2400-2.webp"},{"@type":"BreadcrumbList","@id":"https:\/\/phoenixrescuemission.louderstaging.com\/get-involved\/#breadcrumb","itemListElement":[{"@type":"ListItem","position":1,"name":"Home","item":"https:\/\/phoenixrescuemission.louderstaging.com\/"},{"@type":"ListItem","position":2,"name":"Get Involved"}]},{"@type":"WebSite","@id":"https:\/\/phoenixrescuemission.louderstaging.com\/#website","url":"https:\/\/phoenixrescuemission.louderstaging.com\/","name":"Misi\u00f3n de Rescate de Phoenix","description":"","potentialAction":[{"@type":"SearchAction","target":{"@type":"EntryPoint","urlTemplate":"https:\/\/phoenixrescuemission.louderstaging.com\/?s={search_term_string}"},"query-input":{"@type":"PropertyValueSpecification","valueRequired":true,"valueName":"search_term_string"}}],"inLanguage":"es"}]}},"_links":{"self":[{"href":"https:\/\/phoenixrescuemission.louderstaging.com\/es\/wp-json\/wp\/v2\/pages\/6682","targetHints":{"allow":["GET"]}}],"collection":[{"href":"https:\/\/phoenixrescuemission.louderstaging.com\/es\/wp-json\/wp\/v2\/pages"}],"about":[{"href":"https:\/\/phoenixrescuemission.louderstaging.com\/es\/wp-json\/wp\/v2\/types\/page"}],"author":[{"embeddable":true,"href":"https:\/\/phoenixrescuemission.louderstaging.com\/es\/wp-json\/wp\/v2\/users\/7"}],"replies":[{"embeddable":true,"href":"https:\/\/phoenixrescuemission.louderstaging.com\/es\/wp-json\/wp\/v2\/comments?post=6682"}],"version-history":[{"count":6,"href":"https:\/\/phoenixrescuemission.louderstaging.com\/es\/wp-json\/wp\/v2\/pages\/6682\/revisions"}],"predecessor-version":[{"id":8379,"href":"https:\/\/phoenixrescuemission.louderstaging.com\/es\/wp-json\/wp\/v2\/pages\/6682\/revisions\/8379"}],"wp:attachment":[{"href":"https:\/\/phoenixrescuemission.louderstaging.com\/es\/wp-json\/wp\/v2\/media?parent=6682"}],"curies":[{"name":"wp","href":"https:\/\/api.w.org\/{rel}","templated":true}]}}