{"id":6680,"date":"2025-02-13T15:21:23","date_gmt":"2025-02-13T20:21:23","guid":{"rendered":"https:\/\/phoenixrescuemission.louderstaging.com\/street-outreach\/"},"modified":"2025-04-05T16:08:31","modified_gmt":"2025-04-05T20:08:31","slug":"street-outreach","status":"publish","type":"page","link":"https:\/\/phoenixrescuemission.louderstaging.com\/es\/street-outreach\/","title":{"rendered":"Divulgaci\u00f3n en la calle"},"content":{"rendered":"Divulgaci\u00f3n en la calle\n<h1>\n\t\tLa gente de la calle es nuestro pr\u00f3jimo\n\t<\/h1>\n\t<p>When people in need can&#8217;t get to us, we go to them.<\/p>\n<h2>\n\t\t<a href=\"tel:6023463361\" title=\"Si necesitas ayuda de uno de los entrenadores Hope de la Misi\u00f3n, llama al 602-346-3361.\"  target=\"_self\">\n\t\tIf you need help from one of the Mission&#8217;s Hope Coaches, <br \/>llame al 602-346-3361.\n\t\t<\/a>\n\t<\/h2>\n\t\tAma a tus vecinos\n<h2>\n\t\tB\u00fasqueda y rescate\n\t<\/h2>\n\t<p>Right now, there are more than 9,000 men, women, and children experiencing homelessness across Maricopa County. They want to move off the streets and change their lives, but they don&#8217;t know where to start.<\/p>\n<p>Without the ability to travel or search online for resources, they can&#8217;t always get to us, so we go to them.<\/p>\n\t\t\t\t<img decoding=\"async\" src=\"https:\/\/phoenixrescuemission.louderstaging.com\/wp-content\/uploads\/2025\/02\/bullet.png\" alt=\"bullet\" title=\"bala\" itemprop=\"image\"\/>\n\t\t\t<h3>Ayuda y esperanza para todo el valle<\/h3>\t\t\t\n\t\t\t\t<p>Phoenix Rescue Mission cuenta con m\u00e1s de 50 gestores de casos que se ocupan de las personas sin hogar en la calle y ofrecen servicios de rescate los 7 d\u00edas de la semana.<\/p>\n<p>La mayor\u00eda de las personas que viven en la calle ya no tienen documentos de identidad ni otros documentos importantes necesarios para solicitar trabajo o alquilar un apartamento. Nuestros gestores de casos est\u00e1n formados para ayudarles a iniciar ese proceso y ponerles en contacto con otros recursos que les ayudar\u00e1n a empezar a salir de la calle.<\/p>\n\t\t\t\t<img decoding=\"async\" src=\"https:\/\/phoenixrescuemission.louderstaging.com\/wp-content\/uploads\/2025\/02\/bullet.png\" alt=\"bullet\" title=\"bala\" itemprop=\"image\"\/>\n\t\t\t<h3>Crear confianza y relaciones<\/h3>\t\t\t\n\t\t\t\t<p>A veces, una persona est\u00e1 preparada para recibir una ayuda que le cambie la vida desde el primer contacto. Otras veces, un gestor de casos puede volver al mismo lugar durante semanas o incluso meses, atendiendo a una persona y compartiendo sus necesidades b\u00e1sicas al tiempo que establece relaciones y confianza.<\/p>\n<p>Sea cual sea el caso, nuestro objetivo es ayudarles a comprender que Dios les ama, que existe la esperanza y que la vida puede ser diferente de sus circunstancias actuales.<\/p>\n\t\t\t\t<img decoding=\"async\" src=\"https:\/\/phoenixrescuemission.louderstaging.com\/wp-content\/uploads\/2025\/02\/bullet.png\" alt=\"bullet\" title=\"bala\" itemprop=\"image\"\/>\n\t\t\t<h3>Miles de personas reciben ayuda cada a\u00f1o<\/h3>\t\t\t\n\t\t\t\t<p>Each year, the Mission&#8217;s Homeless Street Outreach team engages thousands of men and women on the streets and places hundreds of them in housing or recovery programs.<\/p>\n\t\t<a href=\"https:\/\/www.youtube.com\/watch?v=A7ZkZazfvao\" data-fancybox>\n\t\t\t<img decoding=\"async\" src=\"https:\/\/phoenixrescuemission.louderstaging.com\/wp-content\/uploads\/2025\/02\/Group-2683-1.webp\" alt=\"\"\/>\n\t\t\t\tReproducir v\u00eddeo\n\t\t<\/a>\n\t\tEl enfoque de la difusi\u00f3n m\u00f3vil\n<h2>\n\t\tBeing the Hands and Feet of Jesus\n\t<\/h2>\n\t\t\t\t\t\t\t\t<a href=\"#\" id=\"fl-tabs--label-0\" data-index=\"0\" aria-selected=\"true\" aria-controls=\"fl-tabs--panel-0\" aria-expanded=\"true\" role=\"tab\" tabindex=\"0\">\t\t\t\tEncuentro\t\t\t\t<\/a>\n\t\t\t\t\t\t\t\t<a href=\"#\" id=\"fl-tabs--label-1\" data-index=\"1\" aria-selected=\"false\" aria-controls=\"fl-tabs--panel-1\" aria-expanded=\"false\" role=\"tab\" tabindex=\"0\">\t\t\t\tEvaluar las necesidades\t\t\t\t<\/a>\n\t\t\t\t\t\t\t\t<a href=\"#\" id=\"fl-tabs--label-2\" data-index=\"2\" aria-selected=\"false\" aria-controls=\"fl-tabs--panel-2\" aria-expanded=\"false\" role=\"tab\" tabindex=\"0\">\t\t\t\tProporcionar recursos\t\t\t\t<\/a>\n\t\t\t\t\t\t\t\t<a href=\"#\" id=\"fl-tabs--label-3\" data-index=\"3\" aria-selected=\"false\" aria-controls=\"fl-tabs--panel-3\" aria-expanded=\"false\" role=\"tab\" tabindex=\"0\">\t\t\t\tEstablecer relaciones\t\t\t\t<\/a>\n\t\t\t\t\t\t\t\t<a href=\"#\" id=\"fl-tabs--label-4\" data-index=\"4\" aria-selected=\"false\" aria-controls=\"fl-tabs--panel-4\" aria-expanded=\"false\" role=\"tab\" tabindex=\"0\">\t\t\t\tRefer to Programs &#038; Partners\t\t\t\t<\/a>\n\t\t\t\t\t\tEncuentro\n\t\t\t\t<img loading=\"lazy\" decoding=\"async\" src=\"https:\/\/phoenixrescuemission.louderstaging.com\/wp-content\/uploads\/2025\/02\/Group-2842.webp\" alt=\"Group 2842\" itemprop=\"image\" height=\"713\" width=\"1058\" title=\"Grupo 2842\" onerror=\"this.style.display='none'\" srcset=\"https:\/\/phoenixrescuemission.louderstaging.com\/wp-content\/uploads\/2025\/02\/Group-2842.webp 1058w, https:\/\/phoenixrescuemission.louderstaging.com\/wp-content\/uploads\/2025\/02\/Group-2842-300x202.webp 300w, https:\/\/phoenixrescuemission.louderstaging.com\/wp-content\/uploads\/2025\/02\/Group-2842-1024x690.webp 1024w, https:\/\/phoenixrescuemission.louderstaging.com\/wp-content\/uploads\/2025\/02\/Group-2842-768x518.webp 768w\" sizes=\"auto, (max-width: 1058px) 100vw, 1058px\" \/>\n\t\t<h3>\n\t\tEncuentro\n\t<\/h3>\n\t<p>Our Hope Coach vehicles hit the streets on Search and Rescue duty every day of the week. When they see someone in need, they&#8217;ll stop, introduce themselves, and ask how they can help.<\/p>\n\t\t\t\t\t\tEvaluar las necesidades\n\t\t\t\t<img loading=\"lazy\" decoding=\"async\" src=\"https:\/\/phoenixrescuemission.louderstaging.com\/wp-content\/uploads\/2025\/02\/Group-2842.webp\" alt=\"Group 2842\" itemprop=\"image\" height=\"713\" width=\"1058\" title=\"Grupo 2842\" onerror=\"this.style.display='none'\" srcset=\"https:\/\/phoenixrescuemission.louderstaging.com\/wp-content\/uploads\/2025\/02\/Group-2842.webp 1058w, https:\/\/phoenixrescuemission.louderstaging.com\/wp-content\/uploads\/2025\/02\/Group-2842-300x202.webp 300w, https:\/\/phoenixrescuemission.louderstaging.com\/wp-content\/uploads\/2025\/02\/Group-2842-1024x690.webp 1024w, https:\/\/phoenixrescuemission.louderstaging.com\/wp-content\/uploads\/2025\/02\/Group-2842-768x518.webp 768w\" sizes=\"auto, (max-width: 1058px) 100vw, 1058px\" \/>\n\t\t<h3>\n\t\tAssess Needs\u2028\n\t<\/h3>\n\t<p>After meeting immediate needs, we ask them if they are interested in getting housing, going to a recovery program, or working. From there, we&#8217;re able to offer them the specific help they need and want. <\/p>\n\t\t\t\t\t\tProporcionar recursos\n\t\t\t\t<img loading=\"lazy\" decoding=\"async\" src=\"https:\/\/phoenixrescuemission.louderstaging.com\/wp-content\/uploads\/2025\/02\/Group-2842.webp\" alt=\"Group 2842\" itemprop=\"image\" height=\"713\" width=\"1058\" title=\"Grupo 2842\" onerror=\"this.style.display='none'\" srcset=\"https:\/\/phoenixrescuemission.louderstaging.com\/wp-content\/uploads\/2025\/02\/Group-2842.webp 1058w, https:\/\/phoenixrescuemission.louderstaging.com\/wp-content\/uploads\/2025\/02\/Group-2842-300x202.webp 300w, https:\/\/phoenixrescuemission.louderstaging.com\/wp-content\/uploads\/2025\/02\/Group-2842-1024x690.webp 1024w, https:\/\/phoenixrescuemission.louderstaging.com\/wp-content\/uploads\/2025\/02\/Group-2842-768x518.webp 768w\" sizes=\"auto, (max-width: 1058px) 100vw, 1058px\" \/>\n\t\t<h3>\n\t\tProporcionar recursos\n\t<\/h3>\n\t<p> One of the first things our team does is to offer lifesaving water, Hope Totes with hygiene items, beanies, hats, and items that meet essentials needs and give us a connection point.<\/p>\n\t\t\t\t\t\tEstablecer relaciones\n\t\t\t\t<img loading=\"lazy\" decoding=\"async\" src=\"https:\/\/phoenixrescuemission.louderstaging.com\/wp-content\/uploads\/2025\/02\/Group-2842.webp\" alt=\"Group 2842\" itemprop=\"image\" height=\"713\" width=\"1058\" title=\"Grupo 2842\" onerror=\"this.style.display='none'\" srcset=\"https:\/\/phoenixrescuemission.louderstaging.com\/wp-content\/uploads\/2025\/02\/Group-2842.webp 1058w, https:\/\/phoenixrescuemission.louderstaging.com\/wp-content\/uploads\/2025\/02\/Group-2842-300x202.webp 300w, https:\/\/phoenixrescuemission.louderstaging.com\/wp-content\/uploads\/2025\/02\/Group-2842-1024x690.webp 1024w, https:\/\/phoenixrescuemission.louderstaging.com\/wp-content\/uploads\/2025\/02\/Group-2842-768x518.webp 768w\" sizes=\"auto, (max-width: 1058px) 100vw, 1058px\" \/>\n\t\t<h3>\n\t\tEstablecer relaciones\n\t<\/h3>\n\t<p>Our teams go return to the same areas, often helping the same people week after week so that they can make connections and show people we won&#8217;t give up on them.<\/p>\n\t\t\t\t\t\tRefer to Programs &#038; Partners\n\t\t\t\t<img loading=\"lazy\" decoding=\"async\" src=\"https:\/\/phoenixrescuemission.louderstaging.com\/wp-content\/uploads\/2025\/02\/Group-2842.webp\" alt=\"Group 2842\" itemprop=\"image\" height=\"713\" width=\"1058\" title=\"Grupo 2842\" onerror=\"this.style.display='none'\" srcset=\"https:\/\/phoenixrescuemission.louderstaging.com\/wp-content\/uploads\/2025\/02\/Group-2842.webp 1058w, https:\/\/phoenixrescuemission.louderstaging.com\/wp-content\/uploads\/2025\/02\/Group-2842-300x202.webp 300w, https:\/\/phoenixrescuemission.louderstaging.com\/wp-content\/uploads\/2025\/02\/Group-2842-1024x690.webp 1024w, https:\/\/phoenixrescuemission.louderstaging.com\/wp-content\/uploads\/2025\/02\/Group-2842-768x518.webp 768w\" sizes=\"auto, (max-width: 1058px) 100vw, 1058px\" \/>\n\t\t<h3>\n\t\tRefer to Programs and Partners\n\t<\/h3>\n\t<p>Our goal isn&#8217;t just to get people back to the Mission, it&#8217;s to save lives and help our neighbors become who God created them to be. If the Mission has the resources to help them do that, we offer them. But if another program or partner is a better fit, we connect people with those. Whatever they need most is what we offer!<\/p>\n\n\t\tLast year, we connected with 3,400 people distributing 4,230 Hope Totes and another 12,300 bottles of water.\n\t\n\t\t\t\t<img loading=\"lazy\" decoding=\"async\" src=\"https:\/\/phoenixrescuemission.louderstaging.com\/wp-content\/uploads\/2025\/02\/Group-2488.webp\" alt=\"Group 2488\" itemprop=\"image\" height=\"792\" width=\"779\" title=\"Grupo 2488\" onerror=\"this.style.display='none'\"  \/>\n\t\tObtener ayuda\n<h2>\n\t\t\u00bfNecesitas ayuda de un Hope Coach?\n\t<\/h2>\n\t<p>If you are on the streets and need help from one of the Mission&#8217;s Hope Coaches, please call us.<\/p>\n\t\t\t<a href=\"tel:6023463361\" target=\"_self\">\n\t\t\t\t\t\t\tPetici\u00f3n de ayuda\n\t\t\t\t\t<\/a>\n<h2>\n\t\tHope Coaches are Always Stocked with Hope Totes\n\t<\/h2>\n\t<p>Cada d\u00eda, nuestro equipo de Street Outreach reparte docenas o cientos de kits de higiene Hope Tote.<\/p>\n<p>A &#8220;Hope Tote&#8221; is a bag full of specially selected hygiene items that our neighbors on the streets need the most.<\/p>\n\t\t\t<a href=\"\/es\/hope-totes\/\" target=\"_self\">\n\t\t\t\t\t\t\tM\u00e1s informaci\u00f3n sobre Hope Totes\n\t\t\t\t\t<\/a>\n\t\t\t\t<img loading=\"lazy\" decoding=\"async\" src=\"https:\/\/phoenixrescuemission.louderstaging.com\/wp-content\/uploads\/2025\/02\/Group-2881.webp\" alt=\"Group 2881\" itemprop=\"image\" height=\"831\" width=\"839\" title=\"Grupo 2881\" onerror=\"this.style.display='none'\"  \/>\n<h2>\n\t\tEl hambre no entiende de razas, edades ni sexos\n\t<\/h2>\n\t<p>El amor de Dios tampoco<\/p>\n\t\t\t\t<img loading=\"lazy\" decoding=\"async\" src=\"https:\/\/phoenixrescuemission.louderstaging.com\/wp-content\/uploads\/2025\/02\/icon-food.png\" alt=\"icon-food\" itemprop=\"image\" height=\"216\" width=\"216\" title=\"icono-alimentos\" onerror=\"this.style.display='none'\"  \/>\n<h3>\n\t\tDonar alimentos\n\t<\/h3>\n\t<p>Hope for Hunger acepta donaciones de alimentos durante nuestro horario de atenci\u00f3n, de 8:00 am a mediod\u00eda, de lunes a viernes. No aceptamos alimentos caducados, caseros, o donaciones a granel grandes que no se pueden separar para su uso individual. No aceptamos alimentos previamente distribuidos por Hope for Hunger.<\/p>\n\t\t\t<a href=\"https:\/\/phoenixrescuemission.louderstaging.com\/es\/get-help\/\" target=\"_self\">\n\t\t\t\t\t\t\tM\u00e1s formas de ayudar\n\t\t\t\t\t<\/a>\n\t\t\t\t<img loading=\"lazy\" decoding=\"async\" src=\"https:\/\/phoenixrescuemission.louderstaging.com\/wp-content\/uploads\/2025\/02\/Group-2544.png\" alt=\"Group 2544\" itemprop=\"image\" height=\"216\" width=\"214\" title=\"Grupo 2544\" onerror=\"this.style.display='none'\"  \/>\n<h3>\n\t\tDonar econ\u00f3micamente\n\t<\/h3>\n\t<p>Haz un donativo para apoyar la labor continua de amar a nuestros vecinos hambrientos a trav\u00e9s del don del bien, que salva y da vida.<\/p>\n\t\t\t<a href=\"https:\/\/phoenixrescuemission.louderstaging.com\/es\/give\/\" target=\"_self\">\n\t\t\t\t\t\t\tDonar\n\t\t\t\t\t<\/a>\n\t\t\t\t<img loading=\"lazy\" decoding=\"async\" src=\"https:\/\/phoenixrescuemission.louderstaging.com\/wp-content\/uploads\/2025\/02\/Group-2473-1.webp\" alt=\"Group 2473\" itemprop=\"image\" height=\"739\" width=\"596\" title=\"Grupo 2473\" onerror=\"this.style.display='none'\"  \/>\n<h3>\n\t\tAdd a compelling testimonial title here about someone receiving help.\n\t<\/h3>\n\t\t\t<p>\"Lorem ipsum dolor sit amet, consectetur adipiscing elit. <strong>Sed velit risus, cursus vel nibh quis, tempor tristique dolor<\/strong>. Mauris vel tellus vel erat suscipit auctor. Proin euismod justo vel volutpat velit eros.&#8221;<\/p>\t\t\n\t\t\t\t\t\t\t\t\tVictoria\n\t\t\t\t\t\t\t\t\t\t\t\t\tHardworking Grandmother\n<h2>\n\t\tParticipa\n\t<\/h2>\n\t<p>La transformaci\u00f3n duradera pasa por amar al pr\u00f3jimo en lo que m\u00e1s necesita<\/p>\n\t\t\t\t<img loading=\"lazy\" decoding=\"async\" src=\"https:\/\/phoenixrescuemission.louderstaging.com\/wp-content\/uploads\/2025\/02\/Group-2543.png\" alt=\"Group 2543\" itemprop=\"image\" height=\"215\" width=\"214\" title=\"Grupo 2543\" onerror=\"this.style.display='none'\"  \/>\n<h3>\n\t\tDanos\n\t<\/h3>\n\t<p>Su apoyo trae esperanza a hombres, mujeres y ni\u00f1os, proporcionando las necesidades b\u00e1sicas, recursos que cambian la vida, y la atenci\u00f3n esencial centrada en Cristo son la recuperaci\u00f3n. <\/p>\n\t\t\t\t<img loading=\"lazy\" decoding=\"async\" src=\"https:\/\/phoenixrescuemission.louderstaging.com\/wp-content\/uploads\/2025\/02\/Group-2544.png\" alt=\"Group 2544\" itemprop=\"image\" height=\"216\" width=\"214\" title=\"Grupo 2544\" onerror=\"this.style.display='none'\"  \/>\n<h3>\n\t\tVoluntario\n\t<\/h3>\n\t<p>Establezca relaciones, comparta sus conocimientos y vea c\u00f3mo se transforman vidas. <\/p>\n\t\t\t\t<img loading=\"lazy\" decoding=\"async\" src=\"https:\/\/phoenixrescuemission.louderstaging.com\/wp-content\/uploads\/2025\/02\/Group-2545.png\" alt=\"Group 2545\" itemprop=\"image\" height=\"216\" width=\"214\" title=\"Grupo 2545\" onerror=\"this.style.display='none'\"  \/>\n<h3>\n\t\tCorre la voz\n\t<\/h3>\n\t<p>Encu\u00e9ntranos en Facebook e Instagram, donde puedes comentar las publicaciones y animar a m\u00e1s gente a amar a sus vecinos. <\/p>\n\t\t\t<a href=\"\/es\/get-involved\/\" target=\"_self\">\n\t\t\t\t\t\t\tM\u00e1s formas de ayudar\n\t\t\t\t\t<\/a>","protected":false},"excerpt":{"rendered":"<p>Street Outreach The People on the Streets Are Our Neighbors When people in need can&#8217;t get to us, we go to them. If you need help from one of the Mission&#8217;s Hope Coaches, call 602-346-3361. Love Your Neighbors Search and Rescue Right now, there are more than 9,000 men, women, and children experiencing homelessness across&hellip;<\/p>","protected":false},"author":7,"featured_media":0,"parent":0,"menu_order":9,"comment_status":"closed","ping_status":"closed","template":"","meta":{"_acf_changed":false,"footnotes":""},"class_list":["post-6680","page","type-page","status-publish","hentry"],"acf":[],"yoast_head":"<!-- This site is optimized with the Yoast SEO plugin v25.8 - https:\/\/yoast.com\/wordpress\/plugins\/seo\/ -->\n<title>Street Outreach - Phoenix Rescue Mission<\/title>\n<meta name=\"robots\" content=\"index, follow, max-snippet:-1, max-image-preview:large, max-video-preview:-1\" \/>\n<link rel=\"canonical\" href=\"https:\/\/phoenixrescuemission.louderstaging.com\/es\/street-outreach\/\" \/>\n<meta property=\"og:locale\" content=\"es_MX\" \/>\n<meta property=\"og:type\" content=\"article\" \/>\n<meta property=\"og:title\" content=\"Street Outreach - Phoenix Rescue Mission\" \/>\n<meta property=\"og:description\" content=\"Street Outreach The People on the Streets Are Our Neighbors When people in need can&#8217;t get to us, we go to them. If you need help from one of the Mission&#8217;s Hope Coaches, call 602-346-3361. Love Your Neighbors Search and Rescue Right now, there are more than 9,000 men, women, and children experiencing homelessness across&hellip;\" \/>\n<meta property=\"og:url\" content=\"https:\/\/phoenixrescuemission.louderstaging.com\/es\/street-outreach\/\" \/>\n<meta property=\"og:site_name\" content=\"Phoenix Rescue Mission\" \/>\n<meta property=\"article:modified_time\" content=\"2025-04-05T20:08:31+00:00\" \/>\n<meta property=\"og:image\" content=\"https:\/\/phoenixrescuemission.louderstaging.com\/wp-content\/uploads\/2025\/02\/bullet.png\" \/>\n<meta name=\"twitter:card\" content=\"summary_large_image\" \/>\n<meta name=\"twitter:label1\" content=\"Tiempo de lectura\" \/>\n\t<meta name=\"twitter:data1\" content=\"4 minutos\" \/>\n<script type=\"application\/ld+json\" class=\"yoast-schema-graph\">{\"@context\":\"https:\/\/schema.org\",\"@graph\":[{\"@type\":\"WebPage\",\"@id\":\"https:\/\/phoenixrescuemission.louderstaging.com\/street-outreach\/\",\"url\":\"https:\/\/phoenixrescuemission.louderstaging.com\/street-outreach\/\",\"name\":\"Street Outreach - Phoenix Rescue Mission\",\"isPartOf\":{\"@id\":\"https:\/\/phoenixrescuemission.louderstaging.com\/#website\"},\"primaryImageOfPage\":{\"@id\":\"https:\/\/phoenixrescuemission.louderstaging.com\/street-outreach\/#primaryimage\"},\"image\":{\"@id\":\"https:\/\/phoenixrescuemission.louderstaging.com\/street-outreach\/#primaryimage\"},\"thumbnailUrl\":\"https:\/\/phoenixrescuemission.louderstaging.com\/wp-content\/uploads\/2025\/02\/bullet.png\",\"datePublished\":\"2025-02-13T20:21:23+00:00\",\"dateModified\":\"2025-04-05T20:08:31+00:00\",\"breadcrumb\":{\"@id\":\"https:\/\/phoenixrescuemission.louderstaging.com\/street-outreach\/#breadcrumb\"},\"inLanguage\":\"es\",\"potentialAction\":[{\"@type\":\"ReadAction\",\"target\":[\"https:\/\/phoenixrescuemission.louderstaging.com\/street-outreach\/\"]}]},{\"@type\":\"ImageObject\",\"inLanguage\":\"es\",\"@id\":\"https:\/\/phoenixrescuemission.louderstaging.com\/street-outreach\/#primaryimage\",\"url\":\"https:\/\/phoenixrescuemission.louderstaging.com\/wp-content\/uploads\/2025\/02\/bullet.png\",\"contentUrl\":\"https:\/\/phoenixrescuemission.louderstaging.com\/wp-content\/uploads\/2025\/02\/bullet.png\"},{\"@type\":\"BreadcrumbList\",\"@id\":\"https:\/\/phoenixrescuemission.louderstaging.com\/street-outreach\/#breadcrumb\",\"itemListElement\":[{\"@type\":\"ListItem\",\"position\":1,\"name\":\"Home\",\"item\":\"https:\/\/phoenixrescuemission.louderstaging.com\/\"},{\"@type\":\"ListItem\",\"position\":2,\"name\":\"Street Outreach\"}]},{\"@type\":\"WebSite\",\"@id\":\"https:\/\/phoenixrescuemission.louderstaging.com\/#website\",\"url\":\"https:\/\/phoenixrescuemission.louderstaging.com\/\",\"name\":\"Phoenix Rescue Mission\",\"description\":\"\",\"potentialAction\":[{\"@type\":\"SearchAction\",\"target\":{\"@type\":\"EntryPoint\",\"urlTemplate\":\"https:\/\/phoenixrescuemission.louderstaging.com\/?s={search_term_string}\"},\"query-input\":{\"@type\":\"PropertyValueSpecification\",\"valueRequired\":true,\"valueName\":\"search_term_string\"}}],\"inLanguage\":\"es\"}]}<\/script>\n<!-- \/ Yoast SEO plugin. -->","yoast_head_json":{"title":"Street Outreach - Phoenix Rescue Mission","robots":{"index":"index","follow":"follow","max-snippet":"max-snippet:-1","max-image-preview":"max-image-preview:large","max-video-preview":"max-video-preview:-1"},"canonical":"https:\/\/phoenixrescuemission.louderstaging.com\/es\/street-outreach\/","og_locale":"es_MX","og_type":"article","og_title":"Street Outreach - Phoenix Rescue Mission","og_description":"Street Outreach The People on the Streets Are Our Neighbors When people in need can&#8217;t get to us, we go to them. If you need help from one of the Mission&#8217;s Hope Coaches, call 602-346-3361. Love Your Neighbors Search and Rescue Right now, there are more than 9,000 men, women, and children experiencing homelessness across&hellip;","og_url":"https:\/\/phoenixrescuemission.louderstaging.com\/es\/street-outreach\/","og_site_name":"Phoenix Rescue Mission","article_modified_time":"2025-04-05T20:08:31+00:00","og_image":[{"url":"https:\/\/phoenixrescuemission.louderstaging.com\/wp-content\/uploads\/2025\/02\/bullet.png","type":"","width":"","height":""}],"twitter_card":"summary_large_image","twitter_misc":{"Tiempo de lectura":"4 minutos"},"schema":{"@context":"https:\/\/schema.org","@graph":[{"@type":"WebPage","@id":"https:\/\/phoenixrescuemission.louderstaging.com\/street-outreach\/","url":"https:\/\/phoenixrescuemission.louderstaging.com\/street-outreach\/","name":"Street Outreach - Phoenix Rescue Mission","isPartOf":{"@id":"https:\/\/phoenixrescuemission.louderstaging.com\/#website"},"primaryImageOfPage":{"@id":"https:\/\/phoenixrescuemission.louderstaging.com\/street-outreach\/#primaryimage"},"image":{"@id":"https:\/\/phoenixrescuemission.louderstaging.com\/street-outreach\/#primaryimage"},"thumbnailUrl":"https:\/\/phoenixrescuemission.louderstaging.com\/wp-content\/uploads\/2025\/02\/bullet.png","datePublished":"2025-02-13T20:21:23+00:00","dateModified":"2025-04-05T20:08:31+00:00","breadcrumb":{"@id":"https:\/\/phoenixrescuemission.louderstaging.com\/street-outreach\/#breadcrumb"},"inLanguage":"es","potentialAction":[{"@type":"ReadAction","target":["https:\/\/phoenixrescuemission.louderstaging.com\/street-outreach\/"]}]},{"@type":"ImageObject","inLanguage":"es","@id":"https:\/\/phoenixrescuemission.louderstaging.com\/street-outreach\/#primaryimage","url":"https:\/\/phoenixrescuemission.louderstaging.com\/wp-content\/uploads\/2025\/02\/bullet.png","contentUrl":"https:\/\/phoenixrescuemission.louderstaging.com\/wp-content\/uploads\/2025\/02\/bullet.png"},{"@type":"BreadcrumbList","@id":"https:\/\/phoenixrescuemission.louderstaging.com\/street-outreach\/#breadcrumb","itemListElement":[{"@type":"ListItem","position":1,"name":"Home","item":"https:\/\/phoenixrescuemission.louderstaging.com\/"},{"@type":"ListItem","position":2,"name":"Street Outreach"}]},{"@type":"WebSite","@id":"https:\/\/phoenixrescuemission.louderstaging.com\/#website","url":"https:\/\/phoenixrescuemission.louderstaging.com\/","name":"Misi\u00f3n de Rescate de Phoenix","description":"","potentialAction":[{"@type":"SearchAction","target":{"@type":"EntryPoint","urlTemplate":"https:\/\/phoenixrescuemission.louderstaging.com\/?s={search_term_string}"},"query-input":{"@type":"PropertyValueSpecification","valueRequired":true,"valueName":"search_term_string"}}],"inLanguage":"es"}]}},"_links":{"self":[{"href":"https:\/\/phoenixrescuemission.louderstaging.com\/es\/wp-json\/wp\/v2\/pages\/6680","targetHints":{"allow":["GET"]}}],"collection":[{"href":"https:\/\/phoenixrescuemission.louderstaging.com\/es\/wp-json\/wp\/v2\/pages"}],"about":[{"href":"https:\/\/phoenixrescuemission.louderstaging.com\/es\/wp-json\/wp\/v2\/types\/page"}],"author":[{"embeddable":true,"href":"https:\/\/phoenixrescuemission.louderstaging.com\/es\/wp-json\/wp\/v2\/users\/7"}],"replies":[{"embeddable":true,"href":"https:\/\/phoenixrescuemission.louderstaging.com\/es\/wp-json\/wp\/v2\/comments?post=6680"}],"version-history":[{"count":13,"href":"https:\/\/phoenixrescuemission.louderstaging.com\/es\/wp-json\/wp\/v2\/pages\/6680\/revisions"}],"predecessor-version":[{"id":8562,"href":"https:\/\/phoenixrescuemission.louderstaging.com\/es\/wp-json\/wp\/v2\/pages\/6680\/revisions\/8562"}],"wp:attachment":[{"href":"https:\/\/phoenixrescuemission.louderstaging.com\/es\/wp-json\/wp\/v2\/media?parent=6680"}],"curies":[{"name":"wp","href":"https:\/\/api.w.org\/{rel}","templated":true}]}}