{"id":6679,"date":"2025-02-13T15:21:23","date_gmt":"2025-02-13T20:21:23","guid":{"rendered":"https:\/\/phoenixrescuemission.louderstaging.com\/food-assistance\/"},"modified":"2025-04-05T15:54:11","modified_gmt":"2025-04-05T19:54:11","slug":"food-assistance","status":"publish","type":"page","link":"https:\/\/phoenixrescuemission.louderstaging.com\/es\/food-assistance\/","title":{"rendered":"Asistencia alimentaria"},"content":{"rendered":"Esperanza contra el hambre\n<h1>\n\t\tJuntos transformamos el hambre en esperanza\n\t<\/h1>\n\t<p>Hope for Hunger Food Bank es una organizaci\u00f3n de Phoenix Rescue Mission dedicada a combatir el hambre y la pobreza.<\/p>\n\t\t\t<a href=\"https:\/\/phoenixrescuemission.louderstaging.com\/es\/get-help\/\" target=\"_self\">\n\t\t\t\t\t\t\tConseguir comida ahora\n\t\t\t\t\t<\/a>\n\t\tQu\u00e9 es Esperanza para el Hambre\n<h2>\n\t\tHealthy Meals &#8211; and Hope &#8211; for Our Neighbors in Need\n\t<\/h2>\n\t<p>The food bank is a true beacon of hope to the community &#8211; a place where caring volunteers come together as the hands and feet of Jesus &#8211; creating healthier, stronger futures and transformed lives.<\/p>\n\t\t\t\t<img decoding=\"async\" src=\"https:\/\/phoenixrescuemission.louderstaging.com\/wp-content\/uploads\/2025\/02\/bullet.png\" alt=\"bullet\" title=\"bala\" itemprop=\"image\"\/>\n\t\t\t<h3>Atiende a personas y familias necesitadas de ayuda alimentaria<\/h3>\t\t\t\n\t\t\t\t<p>Todos los d\u00edas, el banco de alimentos Hope for Hunger proporciona alimentos de emergencia junto con gesti\u00f3n de casos y asistencia laboral a unas 200 familias de Glendale y partes de Phoenix y Peoria.<\/p>\n\t\t\t\t<img decoding=\"async\" src=\"https:\/\/phoenixrescuemission.louderstaging.com\/wp-content\/uploads\/2025\/02\/bullet.png\" alt=\"bullet\" title=\"bala\" itemprop=\"image\"\/>\n\t\t\t<h3>Ofrece alimentos nutritivos y suministros esenciales<\/h3>\t\t\t\n\t\t\t\t<p>Bread, milk, produce, protein &#8211; we&#8217;ve got everything people need to not just survive but thrive in the Valley!<\/p>\n\t\t\t\t<img decoding=\"async\" src=\"https:\/\/phoenixrescuemission.louderstaging.com\/wp-content\/uploads\/2025\/02\/bullet.png\" alt=\"bullet\" title=\"bala\" itemprop=\"image\"\/>\n\t\t\t<h3>Nos centramos en la dignidad y el respeto<\/h3>\t\t\t\n\t\t\t\t<p>Los clientes tienen a su disposici\u00f3n un carrito de la compra y la posibilidad de elegir entre una gran variedad de productos, como si estuvieran en una tienda de comestibles.<\/p>\n\t\t\t\t<img loading=\"lazy\" decoding=\"async\" src=\"https:\/\/phoenixrescuemission.louderstaging.com\/wp-content\/uploads\/2025\/02\/Group-695.webp\" alt=\"Group 695\" itemprop=\"image\" height=\"737\" width=\"1004\" title=\"Grupo 695\" onerror=\"this.style.display='none'\"  \/>\n\t\t<!-- Comment to fix spacing issue\n\t-->\n\t\t0 in 6\n\t<!-- Comment to fix spacing issue\n\t-->\t\n\t<p>Los ni\u00f1os de Arizona pasan hambre.<\/p>\n\t\t\t\t<img loading=\"lazy\" decoding=\"async\" src=\"https:\/\/phoenixrescuemission.louderstaging.com\/wp-content\/uploads\/2025\/02\/Group-695-1.webp\" alt=\"Group 695-1\" itemprop=\"image\" height=\"736\" width=\"1003\" title=\"Grupo 695-1\" onerror=\"this.style.display='none'\"  \/>\n\t\t<!-- Comment to fix spacing issue\n\t-->\n\t\t0%\n\t<!-- Comment to fix spacing issue\n\t-->\t\n\t<p>Of Maricopa County Residents Don&#8217;t Always Know Where Their Next Meal is Coming From.<\/p>\n\t\t\t\t<img loading=\"lazy\" decoding=\"async\" src=\"https:\/\/phoenixrescuemission.louderstaging.com\/wp-content\/uploads\/2025\/02\/Group-695-2.webp\" alt=\"Group 695-2\" itemprop=\"image\" height=\"737\" width=\"1004\" title=\"Grupo 695-2\" onerror=\"this.style.display='none'\"  \/>\n\t\t<!-- Comment to fix spacing issue\n\t-->\n\t\t0\n\t<!-- Comment to fix spacing issue\n\t-->\t\n\t<p>Neighborhoods Across the County are Considered &#8220;Food Deserts&#8221;.<\/p>\n\t\tAqu\u00ed para ayudar\n<h2>\n\t\tHow to Receive Food Assistance\n\t<\/h2>\n\t<p>Come to the Food Bank during opening hours, get in line, sign in when it&#8217;s your turn, grab a basket or cart, and fill it up with the help of our volunteers. Each household is allowed 2 visits per month and must have at least three days in between visits. We offer weekly bags to those who currently do not have a home address.<\/p>\n<h3>\n\t\tLocation &#038; Hours\n\t<\/h3>\n\t<p>We&#8217;re located at 5605 N. 55th Avenue, Glendale, AZ 85301<\/p>\n<p>We&#8217;re open <strong>De lunes a viernes, de 8.00 a 12.00 horas<\/strong>\u00a0(por orden de llegada, se admiten personas sin cita previa con justificante de domicilio)<\/p>\n\t\t\t<a href=\"https:\/\/maps.app.goo.gl\/ZuvoRx2o5ADGMbhJ8\" target=\"_blank\" rel=\"noopener\">\n\t\t\t\t\t\t\tC\u00f3mo llegar\/Mapa\n\t\t\t\t\t<\/a>\n<h3>\n\t\tRequisitos\n\t<\/h3>\n\t<p>Para recibir asistencia, necesitamos un documento de identidad y una prueba de residencia (normalmente una factura de servicios p\u00fablicos u otro documento postal con su direcci\u00f3n).<\/p>\n<p>Estaremos sirviendo Glendale y Peoria direcciones s\u00f3lo<\/p>\n<h3>\n\t\tQu\u00e9 esperar\n\t<\/h3>\n\t<p>Col\u00f3quese en las 4 primeras filas del aparcamiento del autocine situado enfrente.<\/p>\n<p>Los carritos de comida se entregan por hogar (no por persona)<\/p>\n\t<p>Si tiene alguna pregunta, env\u00edenos un correo electr\u00f3nico a <a href=\"mailto:hfh@phxmission.org\" target=\"_blank\" rel=\"noopener\">hfh@phxmission.org<\/a><\/p>\n    <iframe src=\"https:\/\/www.google.com\/maps\/embed?pb=!1m18!1m12!1m3!1d3326.32144872648!2d-112.17977592271859!3d33.51902717336259!2m3!1f0!2f0!3f0!3m2!1i1024!2i768!4f13.1!3m3!1m2!1s0x872b6b3014bf12a9%3A0x9ea775a70b7daadb!2sHope%20For%20Hunger%20Food%20Bank%20%7C%20Phoenix%20Rescue%20Mission!5e0!3m2!1sen!2sus!4v1740176946354!5m2!1sen!2sus\" width=\"100%\" height=\"550\" allowfullscreen=\"\" loading=\"lazy\" referrerpolicy=\"no-referrer-when-downgrade\"><\/iframe>\n\t<p><strong>We&#8217;re located at 5605 N. 55th Avenue, Glendale, AZ 85301\u00a0 <a href=\"https:\/\/maps.app.goo.gl\/ZuvoRx2o5ADGMbhJ8\" target=\"_blank\" rel=\"noopener\">C\u00f3mo llegar<\/a><\/strong><\/p>\n\n\t\tLast year, we distributed over 224,000 meals, helping 12,724 families and individuals in the Valley. We couldn&#8217;t have done it without the help of our partners and volunteers!\n\t\n<h2>\n\t\tEl hambre no entiende de razas, edades ni sexos\n\t<\/h2>\n\t<p>El amor de Dios tampoco<\/p>\n\t\t\t\t<img loading=\"lazy\" decoding=\"async\" src=\"https:\/\/phoenixrescuemission.louderstaging.com\/wp-content\/uploads\/2025\/02\/icon-food.png\" alt=\"icon-food\" itemprop=\"image\" height=\"216\" width=\"216\" title=\"icono-alimentos\" onerror=\"this.style.display='none'\"  \/>\n<h3>\n\t\tDonar alimentos\n\t<\/h3>\n\t<p>Hope for Hunger acepta donaciones de alimentos durante nuestro horario de atenci\u00f3n, de 8:00 am a mediod\u00eda, de lunes a viernes. No aceptamos alimentos caducados, caseros, o donaciones a granel grandes que no se pueden separar para su uso individual. No aceptamos alimentos previamente distribuidos por Hope for Hunger.<\/p>\n\t\t\t<a href=\"\/es\/get-involved\/\" target=\"_self\">\n\t\t\t\t\t\t\tM\u00e1s formas de ayudar\n\t\t\t\t\t<\/a>\n\t\t\t\t<img loading=\"lazy\" decoding=\"async\" src=\"https:\/\/phoenixrescuemission.louderstaging.com\/wp-content\/uploads\/2025\/02\/Group-2544.png\" alt=\"Group 2544\" itemprop=\"image\" height=\"216\" width=\"214\" title=\"Grupo 2544\" onerror=\"this.style.display='none'\"  \/>\n<h3>\n\t\tDonar econ\u00f3micamente\n\t<\/h3>\n\t<p>Haz un donativo para apoyar la labor continua de amar a nuestros vecinos hambrientos a trav\u00e9s del don del bien, que salva y da vida.<\/p>\n\t\t\t<a href=\"\/es\/give\/\" target=\"_self\">\n\t\t\t\t\t\t\tHaz un regalo\n\t\t\t\t\t<\/a>\n\t\t\t\t<img loading=\"lazy\" decoding=\"async\" src=\"https:\/\/phoenixrescuemission.louderstaging.com\/wp-content\/uploads\/2025\/02\/Group-2473-1.webp\" alt=\"Group 2473\" itemprop=\"image\" height=\"739\" width=\"596\" title=\"Grupo 2473\" onerror=\"this.style.display='none'\"  \/>\n<h3>\n\t\tThe Power of Healthy Food is Undeniable\n\t<\/h3>\n\t\t\t<p>&#8220;I came here for food for me and my family, but I was also three days away from losing my home. We were missing meals and facing the streets. The Mission not only gave us food, they led us to help that allowed me to keep my home. Now <strong>S\u00e9 que el Se\u00f1or me gui\u00f3 hasta aqu\u00ed y cambi\u00f3 mi vida...<\/strong>. I just want to thank Phoenix Rescue Mission so much.&#8221;<\/p>\t\t\n\t\t\t\t\t\t\t\t\tVictoria\n\t\t\t\t\t\t\t\t\t\t\t\t\tHardworking Grandmother\n<h2>\n\t\tSpecial Thanks to Our Community Partners!\n\t<\/h2>\n\t<p>Adem\u00e1s de los donantes individuales, contamos con las generosas donaciones de nuestros socios corporativos, entre los que se incluyen:<\/p>\n                                                    <img decoding=\"async\" src=\"https:\/\/phoenixrescuemission.louderstaging.com\/wp-content\/uploads\/2025\/02\/logo-community-bridges.png\" alt=\"\"\/>\n                                                    <img decoding=\"async\" src=\"https:\/\/phoenixrescuemission.louderstaging.com\/wp-content\/uploads\/2025\/02\/logo-arizona-docs.png\" alt=\"\"\/>\n                                                    <img decoding=\"async\" src=\"https:\/\/phoenixrescuemission.louderstaging.com\/wp-content\/uploads\/2025\/02\/logo-home-depot.png\" alt=\"\"\/>\n                                                    <img decoding=\"async\" src=\"https:\/\/phoenixrescuemission.louderstaging.com\/wp-content\/uploads\/2025\/02\/logo-lifebridge.png\" alt=\"\"\/>\n                                                    <img decoding=\"async\" src=\"https:\/\/phoenixrescuemission.louderstaging.com\/wp-content\/uploads\/2025\/02\/logo-americorps.png\" alt=\"\"\/>\n\t\t\t<a href=\"\/es\/corporate-partnership\/\" target=\"_self\">\n\t\t\t\t\t\t\tH\u00e1gase socio\n\t\t\t\t\t<\/a>\n\t\t\t\t<img loading=\"lazy\" decoding=\"async\" src=\"https:\/\/phoenixrescuemission.louderstaging.com\/wp-content\/uploads\/2025\/02\/Group-2649-1.webp\" alt=\"Group 2649\" itemprop=\"image\" height=\"1030\" width=\"891\" title=\"Grupo 2649\" onerror=\"this.style.display='none'\"  \/>\n\t\tParticipe\n<h2>\n\t\tOportunidades de voluntariado\n\t<\/h2>\n\t<p> The food bank is 99% volunteer-driven. Come help pack food boxes, sort donations, or transport groceries to clients&#8217; cars. We&#8217;re pretty sure you&#8217;ll get even more out of it than you put in!<\/p>\n\t\t\t<a href=\"\/es\/volunteer\/\" target=\"_self\">\n\t\t\t\t\t\t\tOportunidades de voluntariado\n\t\t\t\t\t<\/a>\n<h2>\n\t\tParticipa\n\t<\/h2>\n\t<p>La transformaci\u00f3n duradera pasa por amar al pr\u00f3jimo en lo que m\u00e1s necesita<\/p>\n\t\t\t\t<img loading=\"lazy\" decoding=\"async\" src=\"https:\/\/phoenixrescuemission.louderstaging.com\/wp-content\/uploads\/2025\/02\/Group-2543.png\" alt=\"Group 2543\" itemprop=\"image\" height=\"215\" width=\"214\" title=\"Grupo 2543\" onerror=\"this.style.display='none'\"  \/>\n<h3>\n\t\tDanos\n\t<\/h3>\n\t<p>Su apoyo trae esperanza a hombres, mujeres y ni\u00f1os, proporcionando las necesidades b\u00e1sicas, recursos que cambian la vida, y la atenci\u00f3n esencial centrada en Cristo son la recuperaci\u00f3n. <\/p>\n\t\t\t\t<img loading=\"lazy\" decoding=\"async\" src=\"https:\/\/phoenixrescuemission.louderstaging.com\/wp-content\/uploads\/2025\/02\/Group-2544.png\" alt=\"Group 2544\" itemprop=\"image\" height=\"216\" width=\"214\" title=\"Grupo 2544\" onerror=\"this.style.display='none'\"  \/>\n<h3>\n\t\tVoluntario\n\t<\/h3>\n\t<p>Establezca relaciones, comparta sus conocimientos y vea c\u00f3mo se transforman vidas. <\/p>\n\t\t\t\t<img loading=\"lazy\" decoding=\"async\" src=\"https:\/\/phoenixrescuemission.louderstaging.com\/wp-content\/uploads\/2025\/02\/Group-2545.png\" alt=\"Group 2545\" itemprop=\"image\" height=\"216\" width=\"214\" title=\"Grupo 2545\" onerror=\"this.style.display='none'\"  \/>\n<h3>\n\t\tCorre la voz\n\t<\/h3>\n\t<p>Encu\u00e9ntranos en Facebook e Instagram, donde puedes comentar las publicaciones y animar a m\u00e1s gente a amar a sus vecinos. <\/p>\n\t\t\t<a href=\"\/es\/get-involved\/\" target=\"_self\">\n\t\t\t\t\t\t\tM\u00e1s formas de ayudar\n\t\t\t\t\t<\/a>","protected":false},"excerpt":{"rendered":"<p>Hope for Hunger Together, we are Turning Hunger into Hope Hope for Hunger Food Bank is an outreach of Phoenix Rescue Mission dedicated to addressing hunger and poverty. Get Food Now What is Hope for Hunger Healthy Meals &#8211; and Hope &#8211; for Our Neighbors in Need The food bank is a true beacon of&hellip;<\/p>","protected":false},"author":7,"featured_media":0,"parent":0,"menu_order":8,"comment_status":"closed","ping_status":"closed","template":"","meta":{"_acf_changed":false,"footnotes":""},"class_list":["post-6679","page","type-page","status-publish","hentry"],"acf":[],"yoast_head":"<!-- This site is optimized with the Yoast SEO plugin v25.8 - https:\/\/yoast.com\/wordpress\/plugins\/seo\/ -->\n<title>Food Assistance - Phoenix Rescue Mission<\/title>\n<meta name=\"robots\" content=\"index, follow, max-snippet:-1, max-image-preview:large, max-video-preview:-1\" \/>\n<link rel=\"canonical\" href=\"https:\/\/phoenixrescuemission.louderstaging.com\/es\/food-assistance\/\" \/>\n<meta property=\"og:locale\" content=\"es_MX\" \/>\n<meta property=\"og:type\" content=\"article\" \/>\n<meta property=\"og:title\" content=\"Food Assistance - Phoenix Rescue Mission\" \/>\n<meta property=\"og:description\" content=\"Hope for Hunger Together, we are Turning Hunger into Hope Hope for Hunger Food Bank is an outreach of Phoenix Rescue Mission dedicated to addressing hunger and poverty. Get Food Now What is Hope for Hunger Healthy Meals &#8211; and Hope &#8211; for Our Neighbors in Need The food bank is a true beacon of&hellip;\" \/>\n<meta property=\"og:url\" content=\"https:\/\/phoenixrescuemission.louderstaging.com\/es\/food-assistance\/\" \/>\n<meta property=\"og:site_name\" content=\"Phoenix Rescue Mission\" \/>\n<meta property=\"article:modified_time\" content=\"2025-04-05T19:54:11+00:00\" \/>\n<meta property=\"og:image\" content=\"https:\/\/phoenixrescuemission.louderstaging.com\/wp-content\/uploads\/2025\/02\/bullet.png\" \/>\n<meta name=\"twitter:card\" content=\"summary_large_image\" \/>\n<meta name=\"twitter:label1\" content=\"Tiempo de lectura\" \/>\n\t<meta name=\"twitter:data1\" content=\"4 minutos\" \/>\n<script type=\"application\/ld+json\" class=\"yoast-schema-graph\">{\"@context\":\"https:\/\/schema.org\",\"@graph\":[{\"@type\":\"WebPage\",\"@id\":\"https:\/\/phoenixrescuemission.louderstaging.com\/food-assistance\/\",\"url\":\"https:\/\/phoenixrescuemission.louderstaging.com\/food-assistance\/\",\"name\":\"Food Assistance - Phoenix Rescue Mission\",\"isPartOf\":{\"@id\":\"https:\/\/phoenixrescuemission.louderstaging.com\/#website\"},\"primaryImageOfPage\":{\"@id\":\"https:\/\/phoenixrescuemission.louderstaging.com\/food-assistance\/#primaryimage\"},\"image\":{\"@id\":\"https:\/\/phoenixrescuemission.louderstaging.com\/food-assistance\/#primaryimage\"},\"thumbnailUrl\":\"https:\/\/phoenixrescuemission.louderstaging.com\/wp-content\/uploads\/2025\/02\/bullet.png\",\"datePublished\":\"2025-02-13T20:21:23+00:00\",\"dateModified\":\"2025-04-05T19:54:11+00:00\",\"breadcrumb\":{\"@id\":\"https:\/\/phoenixrescuemission.louderstaging.com\/food-assistance\/#breadcrumb\"},\"inLanguage\":\"es\",\"potentialAction\":[{\"@type\":\"ReadAction\",\"target\":[\"https:\/\/phoenixrescuemission.louderstaging.com\/food-assistance\/\"]}]},{\"@type\":\"ImageObject\",\"inLanguage\":\"es\",\"@id\":\"https:\/\/phoenixrescuemission.louderstaging.com\/food-assistance\/#primaryimage\",\"url\":\"https:\/\/phoenixrescuemission.louderstaging.com\/wp-content\/uploads\/2025\/02\/bullet.png\",\"contentUrl\":\"https:\/\/phoenixrescuemission.louderstaging.com\/wp-content\/uploads\/2025\/02\/bullet.png\"},{\"@type\":\"BreadcrumbList\",\"@id\":\"https:\/\/phoenixrescuemission.louderstaging.com\/food-assistance\/#breadcrumb\",\"itemListElement\":[{\"@type\":\"ListItem\",\"position\":1,\"name\":\"Home\",\"item\":\"https:\/\/phoenixrescuemission.louderstaging.com\/\"},{\"@type\":\"ListItem\",\"position\":2,\"name\":\"Food Assistance\"}]},{\"@type\":\"WebSite\",\"@id\":\"https:\/\/phoenixrescuemission.louderstaging.com\/#website\",\"url\":\"https:\/\/phoenixrescuemission.louderstaging.com\/\",\"name\":\"Phoenix Rescue Mission\",\"description\":\"\",\"potentialAction\":[{\"@type\":\"SearchAction\",\"target\":{\"@type\":\"EntryPoint\",\"urlTemplate\":\"https:\/\/phoenixrescuemission.louderstaging.com\/?s={search_term_string}\"},\"query-input\":{\"@type\":\"PropertyValueSpecification\",\"valueRequired\":true,\"valueName\":\"search_term_string\"}}],\"inLanguage\":\"es\"}]}<\/script>\n<!-- \/ Yoast SEO plugin. -->","yoast_head_json":{"title":"Food Assistance - Phoenix Rescue Mission","robots":{"index":"index","follow":"follow","max-snippet":"max-snippet:-1","max-image-preview":"max-image-preview:large","max-video-preview":"max-video-preview:-1"},"canonical":"https:\/\/phoenixrescuemission.louderstaging.com\/es\/food-assistance\/","og_locale":"es_MX","og_type":"article","og_title":"Food Assistance - Phoenix Rescue Mission","og_description":"Hope for Hunger Together, we are Turning Hunger into Hope Hope for Hunger Food Bank is an outreach of Phoenix Rescue Mission dedicated to addressing hunger and poverty. Get Food Now What is Hope for Hunger Healthy Meals &#8211; and Hope &#8211; for Our Neighbors in Need The food bank is a true beacon of&hellip;","og_url":"https:\/\/phoenixrescuemission.louderstaging.com\/es\/food-assistance\/","og_site_name":"Phoenix Rescue Mission","article_modified_time":"2025-04-05T19:54:11+00:00","og_image":[{"url":"https:\/\/phoenixrescuemission.louderstaging.com\/wp-content\/uploads\/2025\/02\/bullet.png","type":"","width":"","height":""}],"twitter_card":"summary_large_image","twitter_misc":{"Tiempo de lectura":"4 minutos"},"schema":{"@context":"https:\/\/schema.org","@graph":[{"@type":"WebPage","@id":"https:\/\/phoenixrescuemission.louderstaging.com\/food-assistance\/","url":"https:\/\/phoenixrescuemission.louderstaging.com\/food-assistance\/","name":"Food Assistance - Phoenix Rescue Mission","isPartOf":{"@id":"https:\/\/phoenixrescuemission.louderstaging.com\/#website"},"primaryImageOfPage":{"@id":"https:\/\/phoenixrescuemission.louderstaging.com\/food-assistance\/#primaryimage"},"image":{"@id":"https:\/\/phoenixrescuemission.louderstaging.com\/food-assistance\/#primaryimage"},"thumbnailUrl":"https:\/\/phoenixrescuemission.louderstaging.com\/wp-content\/uploads\/2025\/02\/bullet.png","datePublished":"2025-02-13T20:21:23+00:00","dateModified":"2025-04-05T19:54:11+00:00","breadcrumb":{"@id":"https:\/\/phoenixrescuemission.louderstaging.com\/food-assistance\/#breadcrumb"},"inLanguage":"es","potentialAction":[{"@type":"ReadAction","target":["https:\/\/phoenixrescuemission.louderstaging.com\/food-assistance\/"]}]},{"@type":"ImageObject","inLanguage":"es","@id":"https:\/\/phoenixrescuemission.louderstaging.com\/food-assistance\/#primaryimage","url":"https:\/\/phoenixrescuemission.louderstaging.com\/wp-content\/uploads\/2025\/02\/bullet.png","contentUrl":"https:\/\/phoenixrescuemission.louderstaging.com\/wp-content\/uploads\/2025\/02\/bullet.png"},{"@type":"BreadcrumbList","@id":"https:\/\/phoenixrescuemission.louderstaging.com\/food-assistance\/#breadcrumb","itemListElement":[{"@type":"ListItem","position":1,"name":"Home","item":"https:\/\/phoenixrescuemission.louderstaging.com\/"},{"@type":"ListItem","position":2,"name":"Food Assistance"}]},{"@type":"WebSite","@id":"https:\/\/phoenixrescuemission.louderstaging.com\/#website","url":"https:\/\/phoenixrescuemission.louderstaging.com\/","name":"Misi\u00f3n de Rescate de Phoenix","description":"","potentialAction":[{"@type":"SearchAction","target":{"@type":"EntryPoint","urlTemplate":"https:\/\/phoenixrescuemission.louderstaging.com\/?s={search_term_string}"},"query-input":{"@type":"PropertyValueSpecification","valueRequired":true,"valueName":"search_term_string"}}],"inLanguage":"es"}]}},"_links":{"self":[{"href":"https:\/\/phoenixrescuemission.louderstaging.com\/es\/wp-json\/wp\/v2\/pages\/6679","targetHints":{"allow":["GET"]}}],"collection":[{"href":"https:\/\/phoenixrescuemission.louderstaging.com\/es\/wp-json\/wp\/v2\/pages"}],"about":[{"href":"https:\/\/phoenixrescuemission.louderstaging.com\/es\/wp-json\/wp\/v2\/types\/page"}],"author":[{"embeddable":true,"href":"https:\/\/phoenixrescuemission.louderstaging.com\/es\/wp-json\/wp\/v2\/users\/7"}],"replies":[{"embeddable":true,"href":"https:\/\/phoenixrescuemission.louderstaging.com\/es\/wp-json\/wp\/v2\/comments?post=6679"}],"version-history":[{"count":21,"href":"https:\/\/phoenixrescuemission.louderstaging.com\/es\/wp-json\/wp\/v2\/pages\/6679\/revisions"}],"predecessor-version":[{"id":8560,"href":"https:\/\/phoenixrescuemission.louderstaging.com\/es\/wp-json\/wp\/v2\/pages\/6679\/revisions\/8560"}],"wp:attachment":[{"href":"https:\/\/phoenixrescuemission.louderstaging.com\/es\/wp-json\/wp\/v2\/media?parent=6679"}],"curies":[{"name":"wp","href":"https:\/\/api.w.org\/{rel}","templated":true}]}}