{"id":6677,"date":"2025-02-13T15:21:23","date_gmt":"2025-02-13T20:21:23","guid":{"rendered":"https:\/\/phoenixrescuemission.louderstaging.com\/what-we-do\/"},"modified":"2025-04-16T14:20:37","modified_gmt":"2025-04-16T18:20:37","slug":"what-we-do","status":"publish","type":"page","link":"https:\/\/phoenixrescuemission.louderstaging.com\/es\/what-we-do\/","title":{"rendered":"Qu\u00e9 hacemos"},"content":{"rendered":"Qu\u00e9 hacemos\n<h1>\n\t\tPhoenix Rescue Mission is a Christian nonprofit organization that exists to share hope, healing and God&#8217;s Love with all who are hurting in the Valley.\n\t<\/h1>\n\t<p>Nuestra misi\u00f3n es ofrecer soluciones centradas en Cristo y transformadoras de vidas a personas que enfrentan hambre, falta de hogar, adicci\u00f3n y trauma.<\/p>\n<p>Esa misi\u00f3n se lleva a cabo a trav\u00e9s de una amplia variedad de programas que abordan necesidades inmediatas y a largo plazo. En conjunto, estos promueven nuestra visi\u00f3n dada por Dios: Amor, esperanza y transformaci\u00f3n para cada vecino en el Valle.<\/p>\n\t\t<a href=\"https:\/\/youtu.be\/KiQ4ByqLNwg\" data-fancybox>\n\t\t\t<img decoding=\"async\" src=\"https:\/\/phoenixrescuemission.louderstaging.com\/wp-content\/uploads\/2025\/03\/Screenshot-2025-03-24-at-1.45.36\u202fPM.png\" alt=\"\"\/>\n\t\t\t\tReproducir v\u00eddeo\n\t\t<\/a>\n\t\t\t\t<img loading=\"lazy\" decoding=\"async\" src=\"https:\/\/phoenixrescuemission.louderstaging.com\/wp-content\/uploads\/2025\/03\/Group-3157.png\" alt=\"Group 3157\" itemprop=\"image\" height=\"860\" width=\"1188\" title=\"Grupo 3157\" onerror=\"this.style.display='none'\"  \/>\n<h2>\n\t\tC\u00f3mo Servimos\n\t<\/h2>\n\t<p>The centerpiece of our ministry is a residential recovery program for men, women and women with children who need help overcoming one or more life-controlling crises. By addressing our guests&#8217; physical, emotional, financial and spiritual needs, they are well-prepared to lead positive, productive lives once they leave the Mission and become a contributor to our community.<\/p>\n\t\t\t\t<img loading=\"lazy\" decoding=\"async\" src=\"https:\/\/phoenixrescuemission.louderstaging.com\/wp-content\/uploads\/2025\/03\/icon-street-outreach.png\" alt=\"icon-street-outreach\" itemprop=\"image\" height=\"168\" width=\"168\" title=\"icono-extensi\u00f3n-callejera\" onerror=\"this.style.display='none'\"  \/>\n<h2>\n\t\tDivulgaci\u00f3n en la calle\n\t<\/h2>\n\t<p>The Mission&#8217;s team of case managers go throughout the Valley every day to meet people where they are and build relationships to help them get off the street.<\/p>\n\t\t\t<a href=\"\/es\/street-outreach\/\" target=\"_self\">\n\t\t\t\t\t\t\tM\u00e1s informaci\u00f3n\n\t\t\t\t\t<\/a>\n\t\t<!-- Comment to fix spacing issue\n\t-->\n\t\t0k\n\t<!-- Comment to fix spacing issue\n\t-->\t\n\t<p>Estad\u00edstica va aqu\u00ed<\/p>\n\t\t<!-- Comment to fix spacing issue\n\t-->\n\t\t0\n\t<!-- Comment to fix spacing issue\n\t-->\t\n\t<p>Estad\u00edstica va aqu\u00ed<\/p>\n\t\t\t\t<img loading=\"lazy\" decoding=\"async\" src=\"https:\/\/phoenixrescuemission.louderstaging.com\/wp-content\/uploads\/2025\/03\/Screenshot-2025-02-21-at-4.45.09\u202fPM-1.webp\" alt=\"Screenshot 2025-02-21 at 4.45.09\u202fPM 1\" itemprop=\"image\" height=\"998\" width=\"1038\" title=\"Captura de pantalla 2025-02-21 a las 16.45.09 1\" onerror=\"this.style.display='none'\"  \/>\n\t\t\t\t<img loading=\"lazy\" decoding=\"async\" src=\"https:\/\/phoenixrescuemission.louderstaging.com\/wp-content\/uploads\/2025\/03\/icon-food-assistance.png\" alt=\"icon-food-assistance\" itemprop=\"image\" height=\"168\" width=\"168\" title=\"icono-asistencia-alimentaria\" onerror=\"this.style.display='none'\"  \/>\n<h2>\n\t\tAsistencia alimentaria\n\t<\/h2>\n\t<p>Descubra c\u00f3mo la Misi\u00f3n hace frente a la crisis del hambre en el Valle mediante bancos de alimentos y despensas m\u00f3viles.<\/p>\n\t\t\t<a href=\"\/es\/food-assistance\/\" target=\"_self\">\n\t\t\t\t\t\t\tM\u00e1s informaci\u00f3n\n\t\t\t\t\t<\/a>\n\t\t<!-- Comment to fix spacing issue\n\t-->\n\t\t0k\n\t<!-- Comment to fix spacing issue\n\t-->\t\n\t<p>Estad\u00edstica va aqu\u00ed<\/p>\n\t\t<!-- Comment to fix spacing issue\n\t-->\n\t\t0\n\t<!-- Comment to fix spacing issue\n\t-->\t\n\t<p>Estad\u00edstica va aqu\u00ed<\/p>\n\t\t\t\t<img loading=\"lazy\" decoding=\"async\" src=\"https:\/\/phoenixrescuemission.louderstaging.com\/wp-content\/uploads\/2025\/02\/Group-2919.webp\" alt=\"Group 2919\" itemprop=\"image\" height=\"914\" width=\"1617\" title=\"Grupo 2919\" onerror=\"this.style.display='none'\"  \/>\n\t\t\t\t<img loading=\"lazy\" decoding=\"async\" src=\"https:\/\/phoenixrescuemission.louderstaging.com\/wp-content\/uploads\/2025\/03\/icon-residential-recovery.png\" alt=\"icon-residential-recovery\" itemprop=\"image\" height=\"168\" width=\"168\" title=\"icon-recuperacion-residencial\" onerror=\"this.style.display='none'\"  \/>\n<h2>\n\t\tRecuperaci\u00f3n residencial\n\t<\/h2>\n\t<p>The Transformations Program is the Mission&#8217;s year-long recovery program to help men and women break free from addiction. <\/p>\n\t\t\t<a href=\"\/es\/residential-recovery\/\" target=\"_self\">\n\t\t\t\t\t\t\tM\u00e1s informaci\u00f3n\n\t\t\t\t\t<\/a>\n\t\t<!-- Comment to fix spacing issue\n\t-->\n\t\t0k\n\t<!-- Comment to fix spacing issue\n\t-->\t\n\t<p>Estad\u00edstica va aqu\u00ed<\/p>\n\t\t<!-- Comment to fix spacing issue\n\t-->\n\t\t0\n\t<!-- Comment to fix spacing issue\n\t-->\t\n\t<p>Estad\u00edstica va aqu\u00ed<\/p>\n\t\t\t\t<img loading=\"lazy\" decoding=\"async\" src=\"https:\/\/phoenixrescuemission.louderstaging.com\/wp-content\/uploads\/2025\/03\/Screenshot-2025-02-20-at-10.26.36\u202fAM-3.webp\" alt=\"Screenshot 2025-02-20 at 10.26.36\u202fAM 3\" itemprop=\"image\" height=\"986\" width=\"964\" title=\"Captura de pantalla 2025-02-20 a las 10.26.36 3\" onerror=\"this.style.display='none'\"  \/>\n\t\t\t\t<img loading=\"lazy\" decoding=\"async\" src=\"https:\/\/phoenixrescuemission.louderstaging.com\/wp-content\/uploads\/2025\/03\/Group-2649.webp\" alt=\"Group 2649\" itemprop=\"image\" height=\"1363\" width=\"1375\" title=\"Grupo 2649\" onerror=\"this.style.display='none'\"  \/>\n\t\tObtener ayuda\n<h2>\n\t\tMa\u00f1ana Puede Ser Mejor Que Hoy\n\t<\/h2>\n\t<p>\u00bfListo para un cambio o para dar el siguiente paso? Haz clic en el bot\u00f3n de abajo para contactar a nuestro amable personal que estar\u00eda encantado de conocerte y ayudarte.<\/p>\n\t\t\t<a href=\"\/es\/get-help\/\" target=\"_self\">\n\t\t\t\t\t\t\tObtener ayuda\n\t\t\t\t\t<\/a>\n\t\t\u00danete a la Misi\u00f3n\n<h2>\n\t\t\u00a1\u00danete a la obra de rescate!\n\t<\/h2>\n\t<p>It&#8217;s hard to find work more satisfying than the ministry of rescue, of helping the homeless, hungry, and hurting find new life and transformation. It&#8217;s truly eternal work!<\/p>\n<p>Our hope for you is that you find working at the Mission not only enjoyable but also fulfilling as we walk in Christ&#8217;s footsteps, helping our brothers and sisters in need.<\/p>\n\t\t\t<a href=\"\/es\/give\/\" target=\"_self\">\n\t\t\t\t\t\t\tDonar ahora\n\t\t\t\t\t<\/a>\n\t\t\t<a href=\"\/es\/get-involved\/\" target=\"_self\">\n\t\t\t\t\t\t\tOtras formas de participar\n\t\t\t\t\t<\/a>\n\t\t\t\t<img loading=\"lazy\" decoding=\"async\" src=\"https:\/\/phoenixrescuemission.louderstaging.com\/wp-content\/uploads\/2025\/03\/Group-2488.webp\" alt=\"Group 2488\" itemprop=\"image\" height=\"1086\" width=\"1038\" title=\"Grupo 2488\" onerror=\"this.style.display='none'\"  \/>\n\t\tCon\u00f3cenos\n<h2>\n\t\tLearn More About Our Mission\n\t<\/h2>\n\t\t\t\t<img loading=\"lazy\" decoding=\"async\" src=\"https:\/\/phoenixrescuemission.louderstaging.com\/wp-content\/uploads\/2025\/02\/History.png\" alt=\"History\" itemprop=\"image\" height=\"150\" width=\"150\" title=\"Historia\" onerror=\"this.style.display='none'\"  \/>\n<h3>\n\t\tNuestra Historia\n\t<\/h3>\n\t<p>Aprende sobre c\u00f3mo comenz\u00f3 Phoenix Rescue Mission y d\u00f3nde estamos hoy.<\/p>\n\t\t\t<a href=\"\/es\/about\/\" target=\"_self\">\n\t\t\t\t\t\t\tHistoria\n\t\t\t\t\t<\/a>\n\t\t\t\t<img loading=\"lazy\" decoding=\"async\" src=\"https:\/\/phoenixrescuemission.louderstaging.com\/wp-content\/uploads\/2025\/02\/Team.png\" alt=\"Team\" itemprop=\"image\" height=\"150\" width=\"150\" title=\"Equipo\" onerror=\"this.style.display='none'\"  \/>\n<h3>\n\t\tEquipo PRM\n\t<\/h3>\n\t<p>Conoce a la Junta Directiva, Embajadores y Personal de Phoenix Rescue Mission.<\/p>\n\t\t\t<a href=\"\/es\/about\/\/team\/\" target=\"_self\">\n\t\t\t\t\t\t\tEquipo\n\t\t\t\t\t<\/a>\n\t\t\t\t<img loading=\"lazy\" decoding=\"async\" src=\"https:\/\/phoenixrescuemission.louderstaging.com\/wp-content\/uploads\/2025\/02\/Careers.png\" alt=\"Careers\" itemprop=\"image\" height=\"150\" width=\"150\" title=\"Carreras profesionales\" onerror=\"this.style.display='none'\"  \/>\n<h3>\n\t\tOportunidades de carrera\n\t<\/h3>\n\t<p>Mira c\u00f3mo puedes formar parte de nuestro equipo.<\/p>\n\t\t\t<a href=\"\/es\/about\/careers\/\" target=\"_self\">\n\t\t\t\t\t\t\tCarreras profesionales\n\t\t\t\t\t<\/a>","protected":false},"excerpt":{"rendered":"<p>What We Do Phoenix Rescue Mission is a Christian nonprofit organization that exists to share hope, healing and God&#8217;s Love with all who are hurting in the Valley. Our mission is to provide Christ-centered, life-transforming solutions to people facing hunger, homelessness, addiction and trauma. That mission proceeds through a wide variety of programs that address&hellip;<\/p>","protected":false},"author":7,"featured_media":0,"parent":0,"menu_order":6,"comment_status":"closed","ping_status":"closed","template":"","meta":{"_acf_changed":false,"footnotes":""},"class_list":["post-6677","page","type-page","status-publish","hentry"],"acf":[],"yoast_head":"<!-- This site is optimized with the Yoast SEO plugin v25.8 - https:\/\/yoast.com\/wordpress\/plugins\/seo\/ -->\n<title>What We Do - Phoenix Rescue Mission<\/title>\n<meta name=\"robots\" content=\"index, follow, max-snippet:-1, max-image-preview:large, max-video-preview:-1\" \/>\n<link rel=\"canonical\" href=\"https:\/\/phoenixrescuemission.louderstaging.com\/es\/what-we-do\/\" \/>\n<meta property=\"og:locale\" content=\"es_MX\" \/>\n<meta property=\"og:type\" content=\"article\" \/>\n<meta property=\"og:title\" content=\"What We Do - Phoenix Rescue Mission\" \/>\n<meta property=\"og:description\" content=\"What We Do Phoenix Rescue Mission is a Christian nonprofit organization that exists to share hope, healing and God&#8217;s Love with all who are hurting in the Valley. Our mission is to provide Christ-centered, life-transforming solutions to people facing hunger, homelessness, addiction and trauma. That mission proceeds through a wide variety of programs that address&hellip;\" \/>\n<meta property=\"og:url\" content=\"https:\/\/phoenixrescuemission.louderstaging.com\/es\/what-we-do\/\" \/>\n<meta property=\"og:site_name\" content=\"Phoenix Rescue Mission\" \/>\n<meta property=\"article:modified_time\" content=\"2025-04-16T18:20:37+00:00\" \/>\n<meta property=\"og:image\" content=\"https:\/\/phoenixrescuemission.louderstaging.com\/wp-content\/uploads\/2025\/03\/Group-3157.png\" \/>\n<meta name=\"twitter:card\" content=\"summary_large_image\" \/>\n<meta name=\"twitter:label1\" content=\"Tiempo de lectura\" \/>\n\t<meta name=\"twitter:data1\" content=\"2 minutos\" \/>\n<script type=\"application\/ld+json\" class=\"yoast-schema-graph\">{\"@context\":\"https:\/\/schema.org\",\"@graph\":[{\"@type\":\"WebPage\",\"@id\":\"https:\/\/phoenixrescuemission.louderstaging.com\/what-we-do\/\",\"url\":\"https:\/\/phoenixrescuemission.louderstaging.com\/what-we-do\/\",\"name\":\"What We Do - Phoenix Rescue Mission\",\"isPartOf\":{\"@id\":\"https:\/\/phoenixrescuemission.louderstaging.com\/#website\"},\"primaryImageOfPage\":{\"@id\":\"https:\/\/phoenixrescuemission.louderstaging.com\/what-we-do\/#primaryimage\"},\"image\":{\"@id\":\"https:\/\/phoenixrescuemission.louderstaging.com\/what-we-do\/#primaryimage\"},\"thumbnailUrl\":\"https:\/\/phoenixrescuemission.louderstaging.com\/wp-content\/uploads\/2025\/03\/Group-3157.png\",\"datePublished\":\"2025-02-13T20:21:23+00:00\",\"dateModified\":\"2025-04-16T18:20:37+00:00\",\"breadcrumb\":{\"@id\":\"https:\/\/phoenixrescuemission.louderstaging.com\/what-we-do\/#breadcrumb\"},\"inLanguage\":\"es\",\"potentialAction\":[{\"@type\":\"ReadAction\",\"target\":[\"https:\/\/phoenixrescuemission.louderstaging.com\/what-we-do\/\"]}]},{\"@type\":\"ImageObject\",\"inLanguage\":\"es\",\"@id\":\"https:\/\/phoenixrescuemission.louderstaging.com\/what-we-do\/#primaryimage\",\"url\":\"https:\/\/phoenixrescuemission.louderstaging.com\/wp-content\/uploads\/2025\/03\/Group-3157.png\",\"contentUrl\":\"https:\/\/phoenixrescuemission.louderstaging.com\/wp-content\/uploads\/2025\/03\/Group-3157.png\"},{\"@type\":\"BreadcrumbList\",\"@id\":\"https:\/\/phoenixrescuemission.louderstaging.com\/what-we-do\/#breadcrumb\",\"itemListElement\":[{\"@type\":\"ListItem\",\"position\":1,\"name\":\"Home\",\"item\":\"https:\/\/phoenixrescuemission.louderstaging.com\/\"},{\"@type\":\"ListItem\",\"position\":2,\"name\":\"What We Do\"}]},{\"@type\":\"WebSite\",\"@id\":\"https:\/\/phoenixrescuemission.louderstaging.com\/#website\",\"url\":\"https:\/\/phoenixrescuemission.louderstaging.com\/\",\"name\":\"Phoenix Rescue Mission\",\"description\":\"\",\"potentialAction\":[{\"@type\":\"SearchAction\",\"target\":{\"@type\":\"EntryPoint\",\"urlTemplate\":\"https:\/\/phoenixrescuemission.louderstaging.com\/?s={search_term_string}\"},\"query-input\":{\"@type\":\"PropertyValueSpecification\",\"valueRequired\":true,\"valueName\":\"search_term_string\"}}],\"inLanguage\":\"es\"}]}<\/script>\n<!-- \/ Yoast SEO plugin. -->","yoast_head_json":{"title":"What We Do - Phoenix Rescue Mission","robots":{"index":"index","follow":"follow","max-snippet":"max-snippet:-1","max-image-preview":"max-image-preview:large","max-video-preview":"max-video-preview:-1"},"canonical":"https:\/\/phoenixrescuemission.louderstaging.com\/es\/what-we-do\/","og_locale":"es_MX","og_type":"article","og_title":"What We Do - Phoenix Rescue Mission","og_description":"What We Do Phoenix Rescue Mission is a Christian nonprofit organization that exists to share hope, healing and God&#8217;s Love with all who are hurting in the Valley. Our mission is to provide Christ-centered, life-transforming solutions to people facing hunger, homelessness, addiction and trauma. That mission proceeds through a wide variety of programs that address&hellip;","og_url":"https:\/\/phoenixrescuemission.louderstaging.com\/es\/what-we-do\/","og_site_name":"Phoenix Rescue Mission","article_modified_time":"2025-04-16T18:20:37+00:00","og_image":[{"url":"https:\/\/phoenixrescuemission.louderstaging.com\/wp-content\/uploads\/2025\/03\/Group-3157.png","type":"","width":"","height":""}],"twitter_card":"summary_large_image","twitter_misc":{"Tiempo de lectura":"2 minutos"},"schema":{"@context":"https:\/\/schema.org","@graph":[{"@type":"WebPage","@id":"https:\/\/phoenixrescuemission.louderstaging.com\/what-we-do\/","url":"https:\/\/phoenixrescuemission.louderstaging.com\/what-we-do\/","name":"What We Do - Phoenix Rescue Mission","isPartOf":{"@id":"https:\/\/phoenixrescuemission.louderstaging.com\/#website"},"primaryImageOfPage":{"@id":"https:\/\/phoenixrescuemission.louderstaging.com\/what-we-do\/#primaryimage"},"image":{"@id":"https:\/\/phoenixrescuemission.louderstaging.com\/what-we-do\/#primaryimage"},"thumbnailUrl":"https:\/\/phoenixrescuemission.louderstaging.com\/wp-content\/uploads\/2025\/03\/Group-3157.png","datePublished":"2025-02-13T20:21:23+00:00","dateModified":"2025-04-16T18:20:37+00:00","breadcrumb":{"@id":"https:\/\/phoenixrescuemission.louderstaging.com\/what-we-do\/#breadcrumb"},"inLanguage":"es","potentialAction":[{"@type":"ReadAction","target":["https:\/\/phoenixrescuemission.louderstaging.com\/what-we-do\/"]}]},{"@type":"ImageObject","inLanguage":"es","@id":"https:\/\/phoenixrescuemission.louderstaging.com\/what-we-do\/#primaryimage","url":"https:\/\/phoenixrescuemission.louderstaging.com\/wp-content\/uploads\/2025\/03\/Group-3157.png","contentUrl":"https:\/\/phoenixrescuemission.louderstaging.com\/wp-content\/uploads\/2025\/03\/Group-3157.png"},{"@type":"BreadcrumbList","@id":"https:\/\/phoenixrescuemission.louderstaging.com\/what-we-do\/#breadcrumb","itemListElement":[{"@type":"ListItem","position":1,"name":"Home","item":"https:\/\/phoenixrescuemission.louderstaging.com\/"},{"@type":"ListItem","position":2,"name":"What We Do"}]},{"@type":"WebSite","@id":"https:\/\/phoenixrescuemission.louderstaging.com\/#website","url":"https:\/\/phoenixrescuemission.louderstaging.com\/","name":"Misi\u00f3n de Rescate de Phoenix","description":"","potentialAction":[{"@type":"SearchAction","target":{"@type":"EntryPoint","urlTemplate":"https:\/\/phoenixrescuemission.louderstaging.com\/?s={search_term_string}"},"query-input":{"@type":"PropertyValueSpecification","valueRequired":true,"valueName":"search_term_string"}}],"inLanguage":"es"}]}},"_links":{"self":[{"href":"https:\/\/phoenixrescuemission.louderstaging.com\/es\/wp-json\/wp\/v2\/pages\/6677","targetHints":{"allow":["GET"]}}],"collection":[{"href":"https:\/\/phoenixrescuemission.louderstaging.com\/es\/wp-json\/wp\/v2\/pages"}],"about":[{"href":"https:\/\/phoenixrescuemission.louderstaging.com\/es\/wp-json\/wp\/v2\/types\/page"}],"author":[{"embeddable":true,"href":"https:\/\/phoenixrescuemission.louderstaging.com\/es\/wp-json\/wp\/v2\/users\/7"}],"replies":[{"embeddable":true,"href":"https:\/\/phoenixrescuemission.louderstaging.com\/es\/wp-json\/wp\/v2\/comments?post=6677"}],"version-history":[{"count":14,"href":"https:\/\/phoenixrescuemission.louderstaging.com\/es\/wp-json\/wp\/v2\/pages\/6677\/revisions"}],"predecessor-version":[{"id":8787,"href":"https:\/\/phoenixrescuemission.louderstaging.com\/es\/wp-json\/wp\/v2\/pages\/6677\/revisions\/8787"}],"wp:attachment":[{"href":"https:\/\/phoenixrescuemission.louderstaging.com\/es\/wp-json\/wp\/v2\/media?parent=6677"}],"curies":[{"name":"wp","href":"https:\/\/api.w.org\/{rel}","templated":true}]}}