{"id":6676,"date":"2025-02-13T15:21:23","date_gmt":"2025-02-13T20:21:23","guid":{"rendered":"https:\/\/phoenixrescuemission.louderstaging.com\/about\/careers\/"},"modified":"2025-04-16T14:42:20","modified_gmt":"2025-04-16T18:42:20","slug":"careers","status":"publish","type":"page","link":"https:\/\/phoenixrescuemission.louderstaging.com\/es\/about\/careers\/","title":{"rendered":"Carreras profesionales"},"content":{"rendered":"Qui\u00e9nes somos\n<h1>\n\t\tCarreras profesionales\n\t<\/h1>\n<h2>\n\t\tCareers at the Mission: Jobs that Love Your Neighbors\n\t<\/h2>\n\t<p>It&#8217;s hard to find work more satisfying than the ministry of rescue, of helping the homeless, hungry, and hurting find new life and transformation. It&#8217;s truly eternal work!<\/p>\n<p>La Misi\u00f3n de Rescate de Phoenix ha estado sirviendo a aquellos en nuestra comunidad que luchan contra el hambre, la falta de vivienda, la adicci\u00f3n y el trauma desde 1952. Se espera que los empleados se comprometan con nuestra Declaraci\u00f3n de Fe y ayuden a la Misi\u00f3n a cumplir con su Declaraci\u00f3n de Misi\u00f3n, Declaraci\u00f3n de Visi\u00f3n y Valores.<\/p>\n<p>Our hope for you is that you find working at the Mission not only enjoyable but also fulfilling as we walk in Christ&#8217;s footsteps, helping our brothers and sisters in need. Come join us in our work of rescue!<\/p>\n\t\t\t\t<img loading=\"lazy\" decoding=\"async\" src=\"https:\/\/phoenixrescuemission.louderstaging.com\/wp-content\/uploads\/2025\/02\/Group-2881.webp\" alt=\"Group 2881\" itemprop=\"image\" height=\"831\" width=\"839\" title=\"Grupo 2881\" onerror=\"this.style.display='none'\"  \/>\n<h2>\n\t\tOur Values\n\t<\/h2>\n\t\t\t\t<img loading=\"lazy\" decoding=\"async\" src=\"https:\/\/phoenixrescuemission.louderstaging.com\/wp-content\/uploads\/2025\/02\/We-Follow-Jesus.png\" alt=\"We Follow Jesus\" itemprop=\"image\" height=\"150\" width=\"150\" title=\"Seguimos a Jes\u00fas\" onerror=\"this.style.display='none'\"  \/>\n<h3>\n\t\tSeguimos a Jes\u00fas\n\t<\/h3>\n\t<p>En Phoenix Rescue Mission, la gente da continuamente gloria y gracias a Dios. Vivimos nuestra fe pasando tiempo en la Palabra, compartiendo la Buena Nueva, orando unos con otros regularmente y adorando en comunidad. Servimos a nuestros vecinos necesitados como las manos y los pies de Jes\u00fas.<\/p>\n\t\t\t\t<img loading=\"lazy\" decoding=\"async\" src=\"https:\/\/phoenixrescuemission.louderstaging.com\/wp-content\/uploads\/2025\/04\/We-Go-the-Extra-Mile.png\" alt=\"We Go the Extra Mile\" itemprop=\"image\" height=\"150\" width=\"150\" title=\"Vamos m\u00e1s all\u00e1\" onerror=\"this.style.display='none'\"  \/>\n<h3>\n\t\tVamos m\u00e1s all\u00e1\n\t<\/h3>\n\t<p>La persona que tiene \u00e9xito en Phoenix Rescue Mission va m\u00e1s all\u00e1. Es proactiva, minuciosa y comprometida. Tomamos la iniciativa. \u00c9l o ella se comunica y colabora bien para que ellos y otros puedan tener \u00e9xito. Perseveramos a trav\u00e9s de retos y contratiempos por el bien de la misi\u00f3n.<\/p>\n\t\t\t\t<img loading=\"lazy\" decoding=\"async\" src=\"https:\/\/phoenixrescuemission.louderstaging.com\/wp-content\/uploads\/2025\/02\/We-Love-and-Respect-One-Another.png\" alt=\"We Love and Respect One Another\" itemprop=\"image\" height=\"150\" width=\"150\" title=\"Nos queremos y nos respetamos\" onerror=\"this.style.display='none'\"  \/>\n<h3>\n\t\tWe Love &#038; Respect One Another\n\t<\/h3>\n\t<p>Individuals at Phoenix Rescue Mission are committed to making time for relationships and are a blessing to others. We put people first and have a servant&#8217;s heart. We bravely and gently engage with each other when delivering or receiving difficult feedback. Whenever needed, we seek to restore relationships. We don&#8217;t just prioritize our own individual needs but also the needs of other people.<\/p>\n\t\t\t\t<img loading=\"lazy\" decoding=\"async\" src=\"https:\/\/phoenixrescuemission.louderstaging.com\/wp-content\/uploads\/2025\/02\/We-Steward-Everything-Wisely.png\" alt=\"We Steward Everything Wisely\" itemprop=\"image\" height=\"150\" width=\"150\" title=\"Administramos todo con sabidur\u00eda\" onerror=\"this.style.display='none'\"  \/>\n<h3>\n\t\tAdministramos todo con sabidur\u00eda\n\t<\/h3>\n\t<p>Las personas de la PMR creemos que todos nuestros recursos proceden del Se\u00f1or y deben ser valorados y cuidados. Ponemos a la Misi\u00f3n en condiciones de atender eficazmente las necesidades de nuestra comunidad ahora y en el futuro. Gastamos con prudencia, empleamos el tiempo con eficacia, invertimos en nuestro desarrollo personal y compartimos libremente nuestros conocimientos y experiencia.<\/p>\n<h2>\n\t\tWhat it&#8217;s like working at Phoenix Rescue Mission\n\t<\/h2>\n\t\t<a href=\"https:\/\/youtu.be\/93qwT8ANMA8\" data-fancybox>\n\t\t\t<img decoding=\"async\" src=\"https:\/\/phoenixrescuemission.louderstaging.com\/wp-content\/uploads\/2024\/07\/n0h5oqzinsu.jpg\" alt=\"\"\/>\n\t\t\t\tReproducir v\u00eddeo\n\t\t<\/a>\n\t\t\t\t<img loading=\"lazy\" decoding=\"async\" src=\"https:\/\/phoenixrescuemission.louderstaging.com\/wp-content\/uploads\/2025\/02\/Group-2473-2.webp\" alt=\"Group 2473\" itemprop=\"image\" height=\"1002\" width=\"1038\" title=\"Grupo 2473\" onerror=\"this.style.display='none'\"  \/>\n<h2>\n\t\tJob Portal\n\t<\/h2>\n\t<p>Utilice el siguiente enlace para obtener m\u00e1s informaci\u00f3n sobre los puestos y presentar su candidatura.<\/p>\n\t\t\t<a href=\"https:\/\/recruiting.paylocity.com\/recruiting\/jobs\/All\/8a4ebc91-ba4e-42f2-8abb-4a1068badc14\/Phoenix-Gospel-Mission-Inc%20_blank\" target=\"_blank\" rel=\"noopener\">\n\t\t\t\t\t\t\tM\u00e1s informaci\u00f3n\n\t\t\t\t\t<\/a>\n\t\t\t\t<p>&#8220;I love that I get to serve those who are homeless like I once was and share the good news to those hurting lost souls.&#8221;<\/p>\n\t\t\t\t\t\t\t\t\t\t\t\t\t\t\t\t\tSergio Armendariz\n\t\t\t\t\t\t\t\t\t\t\t\t\t\t\t\t\t\t\t\t\t\t\t\t\tLead Case Manager\n\t\t\t\t\t\t\t <!-- .louder_testimonial -->\n\t\t\t\t<p>&#8220;What I love most about working for PRM is being able to share Christ with others.&#8221;<\/p>\n\t\t\t\t\t\t\t\t\t\t\t\t\t\t\t\t\tBrian Farretta\n\t\t\t\t\t\t\t\t\t\t\t\t\t\t\t\t\t\t\t\t\t\t\t\t\tSteet Outreach Supervisor\n\t\t\t\t\t\t\t <!-- .louder_testimonial -->\n\t\t\t\t<p>&#8220;Success is about the difference you make in people&#8217;s lives. Working for the Mission, I know I am making a difference.&#8221;<\/p>\n\t\t\t\t\t\t\t\t\t\t\t\t\t\t\t\t\tYvette Moore\n\t\t\t\t\t\t\t\t\t\t\t\t\t\t\t\t\t\t\t\t\t\t\t\t\tVocational Development Coordinator\n\t\t\t\t\t\t\t <!-- .louder_testimonial -->\n\t<h2>\n\t\tPr\u00e1cticas\n\t<\/h2>\n\t<p>The Phoenix Rescue Mission offers internship opportunities to those seeking a Bachelor&#8217;s or Master&#8217;s degree in any counseling discipline. Master&#8217;s level internships place primary focus on individual and group counseling with men, women or children facing homelessness, addiction and trauma. Bachelor&#8217;s level interns work with the same populations, but assume a greater role in our case management department, helping clients obtain valuable resources and aiding in the resolve of non-clinical issues.<\/p>\n<p>Si est\u00e1 interesado, p\u00f3ngase en contacto con nosotros<\/p>\n<ul>\n<li>Una breve descripci\u00f3n de su inter\u00e9s<\/li>\n<li>A qu\u00e9 escuela asiste<\/li>\n<li>Qu\u00e9 titulaci\u00f3n est\u00e1 cursando<\/li>\n<li>Cu\u00e1ntas horas necesita para completar<\/li>\n<li>Cu\u00e1ntas horas necesita para completar<\/li>\n<li>Las horas de inicio y fin o la duraci\u00f3n de las pr\u00e1cticas<\/li>\n<li>Su disponibilidad semanal<\/li>\n<li>Un resumen<\/li>\n<\/ul>\n\t\t\t<a href=\"https:\/\/recruiting.paylocity.com\/Recruiting\/Jobs\/Details\/2654557\" target=\"_blank\" rel=\"noopener\">\n\t\t\t\t\t\t\tSolicitar ahora\n\t\t\t<\/a>\n\t\t<a href=\"https:\/\/youtu.be\/WMrpMbgXOCQ\" data-fancybox>\n\t\t\t<img decoding=\"async\" src=\"https:\/\/phoenixrescuemission.louderstaging.com\/wp-content\/uploads\/2025\/03\/Screenshot-2025-03-24-at-11.21.55\u202fAM.png\" alt=\"\"\/>\n\t\t\t\tReproducir v\u00eddeo\n\t\t<\/a>\n<h2>\n\t\tBeneficios\n\t<\/h2>\n\t<p>Ventajas para los miembros del equipo a tiempo completo:<\/p>\n<ul>\n<li>Generosas prestaciones sanitarias, odontol\u00f3gicas y oftalmol\u00f3gicas<\/li>\n<li>Programa de compensaci\u00f3n 401(k)<\/li>\n<li>S\u00f3lido programa de tiempo libre retribuido<\/li>\n<li>12 d\u00edas festivos pagados al a\u00f1o<\/li>\n<li>Una labor vital que transforma las ciudades a las que servimos<\/li>\n<li>Entorno atento y solidario<\/li>\n<\/ul>\n\t\t\t\t<img loading=\"lazy\" decoding=\"async\" src=\"https:\/\/phoenixrescuemission.louderstaging.com\/wp-content\/uploads\/2025\/02\/Group-695-5.webp\" alt=\"Group 695\" itemprop=\"image\" height=\"888\" width=\"970\" title=\"Grupo 695\" onerror=\"this.style.display='none'\"  \/>\n<h2>\n\t\tEqual Opportunity Employer\n\t<\/h2>\n\t<p>Phoenix Rescue Mission est\u00e1 dedicada a los principios de igualdad de oportunidades de empleo. Sujeto a la Constituci\u00f3n de los Estados Unidos, y todas las leyes estatales y federales aplicables, Phoenix Rescue Mission no discrimina en sus pr\u00e1cticas de empleo.<\/p>\n<p>La Misi\u00f3n tendr\u00e1 en cuenta las solicitudes de ajustes razonables presentadas por solicitantes o empleados con discapacidad. Esta pol\u00edtica se aplica a todas las \u00e1reas de empleo, incluyendo, pero no limitado a, reclutamiento, contrataci\u00f3n, formaci\u00f3n, promoci\u00f3n, compensaci\u00f3n, beneficios, transferencias u otros aspectos del empleo.<\/p>","protected":false},"excerpt":{"rendered":"<p>Who We Are Careers Careers at the Mission: Jobs that Love Your Neighbors It&#8217;s hard to find work more satisfying than the ministry of rescue, of helping the homeless, hungry, and hurting find new life and transformation. It&#8217;s truly eternal work! The Phoenix Rescue Mission has been serving those in our community who struggle with&hellip;<\/p>","protected":false},"author":7,"featured_media":0,"parent":689,"menu_order":5,"comment_status":"closed","ping_status":"closed","template":"","meta":{"_acf_changed":false,"footnotes":""},"class_list":["post-6676","page","type-page","status-publish","hentry"],"acf":[],"yoast_head":"<!-- This site is optimized with the Yoast SEO plugin v25.8 - https:\/\/yoast.com\/wordpress\/plugins\/seo\/ -->\n<title>Careers - Phoenix Rescue Mission<\/title>\n<meta name=\"robots\" content=\"index, follow, max-snippet:-1, max-image-preview:large, max-video-preview:-1\" \/>\n<link rel=\"canonical\" href=\"https:\/\/phoenixrescuemission.louderstaging.com\/es\/about\/careers\/\" \/>\n<meta property=\"og:locale\" content=\"es_MX\" \/>\n<meta property=\"og:type\" content=\"article\" \/>\n<meta property=\"og:title\" content=\"Careers - Phoenix Rescue Mission\" \/>\n<meta property=\"og:description\" content=\"Who We Are Careers Careers at the Mission: Jobs that Love Your Neighbors It&#8217;s hard to find work more satisfying than the ministry of rescue, of helping the homeless, hungry, and hurting find new life and transformation. It&#8217;s truly eternal work! The Phoenix Rescue Mission has been serving those in our community who struggle with&hellip;\" \/>\n<meta property=\"og:url\" content=\"https:\/\/phoenixrescuemission.louderstaging.com\/es\/about\/careers\/\" \/>\n<meta property=\"og:site_name\" content=\"Phoenix Rescue Mission\" \/>\n<meta property=\"article:modified_time\" content=\"2025-04-16T18:42:20+00:00\" \/>\n<meta property=\"og:image\" content=\"https:\/\/phoenixrescuemission.louderstaging.com\/wp-content\/uploads\/2025\/02\/Group-2881.webp\" \/>\n<meta name=\"twitter:card\" content=\"summary_large_image\" \/>\n<meta name=\"twitter:label1\" content=\"Tiempo de lectura\" \/>\n\t<meta name=\"twitter:data1\" content=\"4 minutos\" \/>\n<script type=\"application\/ld+json\" class=\"yoast-schema-graph\">{\"@context\":\"https:\/\/schema.org\",\"@graph\":[{\"@type\":\"WebPage\",\"@id\":\"https:\/\/phoenixrescuemission.louderstaging.com\/about\/careers\/\",\"url\":\"https:\/\/phoenixrescuemission.louderstaging.com\/about\/careers\/\",\"name\":\"Careers - Phoenix Rescue Mission\",\"isPartOf\":{\"@id\":\"https:\/\/phoenixrescuemission.louderstaging.com\/#website\"},\"primaryImageOfPage\":{\"@id\":\"https:\/\/phoenixrescuemission.louderstaging.com\/about\/careers\/#primaryimage\"},\"image\":{\"@id\":\"https:\/\/phoenixrescuemission.louderstaging.com\/about\/careers\/#primaryimage\"},\"thumbnailUrl\":\"https:\/\/phoenixrescuemission.louderstaging.com\/wp-content\/uploads\/2025\/02\/Group-2881.webp\",\"datePublished\":\"2025-02-13T20:21:23+00:00\",\"dateModified\":\"2025-04-16T18:42:20+00:00\",\"breadcrumb\":{\"@id\":\"https:\/\/phoenixrescuemission.louderstaging.com\/about\/careers\/#breadcrumb\"},\"inLanguage\":\"es\",\"potentialAction\":[{\"@type\":\"ReadAction\",\"target\":[\"https:\/\/phoenixrescuemission.louderstaging.com\/about\/careers\/\"]}]},{\"@type\":\"ImageObject\",\"inLanguage\":\"es\",\"@id\":\"https:\/\/phoenixrescuemission.louderstaging.com\/about\/careers\/#primaryimage\",\"url\":\"https:\/\/phoenixrescuemission.louderstaging.com\/wp-content\/uploads\/2025\/02\/Group-2881.webp\",\"contentUrl\":\"https:\/\/phoenixrescuemission.louderstaging.com\/wp-content\/uploads\/2025\/02\/Group-2881.webp\"},{\"@type\":\"BreadcrumbList\",\"@id\":\"https:\/\/phoenixrescuemission.louderstaging.com\/about\/careers\/#breadcrumb\",\"itemListElement\":[{\"@type\":\"ListItem\",\"position\":1,\"name\":\"Home\",\"item\":\"https:\/\/phoenixrescuemission.louderstaging.com\/\"},{\"@type\":\"ListItem\",\"position\":2,\"name\":\"About\",\"item\":\"https:\/\/phoenixrescuemission.louderstaging.com\/about\/\"},{\"@type\":\"ListItem\",\"position\":3,\"name\":\"Careers\"}]},{\"@type\":\"WebSite\",\"@id\":\"https:\/\/phoenixrescuemission.louderstaging.com\/#website\",\"url\":\"https:\/\/phoenixrescuemission.louderstaging.com\/\",\"name\":\"Phoenix Rescue Mission\",\"description\":\"\",\"potentialAction\":[{\"@type\":\"SearchAction\",\"target\":{\"@type\":\"EntryPoint\",\"urlTemplate\":\"https:\/\/phoenixrescuemission.louderstaging.com\/?s={search_term_string}\"},\"query-input\":{\"@type\":\"PropertyValueSpecification\",\"valueRequired\":true,\"valueName\":\"search_term_string\"}}],\"inLanguage\":\"es\"}]}<\/script>\n<!-- \/ Yoast SEO plugin. -->","yoast_head_json":{"title":"Careers - Phoenix Rescue Mission","robots":{"index":"index","follow":"follow","max-snippet":"max-snippet:-1","max-image-preview":"max-image-preview:large","max-video-preview":"max-video-preview:-1"},"canonical":"https:\/\/phoenixrescuemission.louderstaging.com\/es\/about\/careers\/","og_locale":"es_MX","og_type":"article","og_title":"Careers - Phoenix Rescue Mission","og_description":"Who We Are Careers Careers at the Mission: Jobs that Love Your Neighbors It&#8217;s hard to find work more satisfying than the ministry of rescue, of helping the homeless, hungry, and hurting find new life and transformation. It&#8217;s truly eternal work! The Phoenix Rescue Mission has been serving those in our community who struggle with&hellip;","og_url":"https:\/\/phoenixrescuemission.louderstaging.com\/es\/about\/careers\/","og_site_name":"Phoenix Rescue Mission","article_modified_time":"2025-04-16T18:42:20+00:00","og_image":[{"url":"https:\/\/phoenixrescuemission.louderstaging.com\/wp-content\/uploads\/2025\/02\/Group-2881.webp","type":"","width":"","height":""}],"twitter_card":"summary_large_image","twitter_misc":{"Tiempo de lectura":"4 minutos"},"schema":{"@context":"https:\/\/schema.org","@graph":[{"@type":"WebPage","@id":"https:\/\/phoenixrescuemission.louderstaging.com\/about\/careers\/","url":"https:\/\/phoenixrescuemission.louderstaging.com\/about\/careers\/","name":"Careers - Phoenix Rescue Mission","isPartOf":{"@id":"https:\/\/phoenixrescuemission.louderstaging.com\/#website"},"primaryImageOfPage":{"@id":"https:\/\/phoenixrescuemission.louderstaging.com\/about\/careers\/#primaryimage"},"image":{"@id":"https:\/\/phoenixrescuemission.louderstaging.com\/about\/careers\/#primaryimage"},"thumbnailUrl":"https:\/\/phoenixrescuemission.louderstaging.com\/wp-content\/uploads\/2025\/02\/Group-2881.webp","datePublished":"2025-02-13T20:21:23+00:00","dateModified":"2025-04-16T18:42:20+00:00","breadcrumb":{"@id":"https:\/\/phoenixrescuemission.louderstaging.com\/about\/careers\/#breadcrumb"},"inLanguage":"es","potentialAction":[{"@type":"ReadAction","target":["https:\/\/phoenixrescuemission.louderstaging.com\/about\/careers\/"]}]},{"@type":"ImageObject","inLanguage":"es","@id":"https:\/\/phoenixrescuemission.louderstaging.com\/about\/careers\/#primaryimage","url":"https:\/\/phoenixrescuemission.louderstaging.com\/wp-content\/uploads\/2025\/02\/Group-2881.webp","contentUrl":"https:\/\/phoenixrescuemission.louderstaging.com\/wp-content\/uploads\/2025\/02\/Group-2881.webp"},{"@type":"BreadcrumbList","@id":"https:\/\/phoenixrescuemission.louderstaging.com\/about\/careers\/#breadcrumb","itemListElement":[{"@type":"ListItem","position":1,"name":"Home","item":"https:\/\/phoenixrescuemission.louderstaging.com\/"},{"@type":"ListItem","position":2,"name":"About","item":"https:\/\/phoenixrescuemission.louderstaging.com\/about\/"},{"@type":"ListItem","position":3,"name":"Careers"}]},{"@type":"WebSite","@id":"https:\/\/phoenixrescuemission.louderstaging.com\/#website","url":"https:\/\/phoenixrescuemission.louderstaging.com\/","name":"Misi\u00f3n de Rescate de Phoenix","description":"","potentialAction":[{"@type":"SearchAction","target":{"@type":"EntryPoint","urlTemplate":"https:\/\/phoenixrescuemission.louderstaging.com\/?s={search_term_string}"},"query-input":{"@type":"PropertyValueSpecification","valueRequired":true,"valueName":"search_term_string"}}],"inLanguage":"es"}]}},"_links":{"self":[{"href":"https:\/\/phoenixrescuemission.louderstaging.com\/es\/wp-json\/wp\/v2\/pages\/6676","targetHints":{"allow":["GET"]}}],"collection":[{"href":"https:\/\/phoenixrescuemission.louderstaging.com\/es\/wp-json\/wp\/v2\/pages"}],"about":[{"href":"https:\/\/phoenixrescuemission.louderstaging.com\/es\/wp-json\/wp\/v2\/types\/page"}],"author":[{"embeddable":true,"href":"https:\/\/phoenixrescuemission.louderstaging.com\/es\/wp-json\/wp\/v2\/users\/7"}],"replies":[{"embeddable":true,"href":"https:\/\/phoenixrescuemission.louderstaging.com\/es\/wp-json\/wp\/v2\/comments?post=6676"}],"version-history":[{"count":8,"href":"https:\/\/phoenixrescuemission.louderstaging.com\/es\/wp-json\/wp\/v2\/pages\/6676\/revisions"}],"predecessor-version":[{"id":8807,"href":"https:\/\/phoenixrescuemission.louderstaging.com\/es\/wp-json\/wp\/v2\/pages\/6676\/revisions\/8807"}],"up":[{"embeddable":true,"href":"https:\/\/phoenixrescuemission.louderstaging.com\/es\/wp-json\/wp\/v2\/pages\/689"}],"wp:attachment":[{"href":"https:\/\/phoenixrescuemission.louderstaging.com\/es\/wp-json\/wp\/v2\/media?parent=6676"}],"curies":[{"name":"wp","href":"https:\/\/api.w.org\/{rel}","templated":true}]}}