{"id":6675,"date":"2025-02-13T15:21:23","date_gmt":"2025-02-13T20:21:23","guid":{"rendered":"https:\/\/phoenixrescuemission.louderstaging.com\/about\/impact-financials\/"},"modified":"2025-03-24T11:11:17","modified_gmt":"2025-03-24T15:11:17","slug":"impact","status":"publish","type":"page","link":"https:\/\/phoenixrescuemission.louderstaging.com\/es\/about\/impact\/","title":{"rendered":"Impacto y finanzas"},"content":{"rendered":"Qui\u00e9nes somos\n<h1>\n\t\tImpacto y finanzas\n\t<\/h1>\n<h2>\n\t\tAdministraci\u00f3n financiera\n\t<\/h2>\n\t<p>Phoenix Rescue Mission est\u00e1 comprometida con los m\u00e1s altos est\u00e1ndares de administraci\u00f3n financiera, responsabilidad y transparencia, y nuestras calificaciones reflejan esa dedicaci\u00f3n.<\/p>\n<p>Somos una organizaci\u00f3n ben\u00e9fica acreditada ante la <a href=\"https:\/\/www.bbb.org\/charity-reviews\/pacific-southwest\/phoenix-rescue-mission-in-phoenix-az-31335\" target=\"_blank\" rel=\"noopener\">Oficina de Buenas Pr\u00e1cticas Comerciales<\/a>El <a href=\"http:\/\/www.ecfa.org\/MemberProfile.aspx?ID=1623\" target=\"_blank\" rel=\"noopener\">Consejo Evang\u00e9lico para la Responsabilidad Financiera<\/a>Contamos con la certificaci\u00f3n Excellence in Giving y la certificaci\u00f3n Platinum de <a href=\"https:\/\/www.guidestar.org\/profile\/86-6057771\" target=\"_blank\" rel=\"noopener\">GuideStar<\/a>y somos una organizaci\u00f3n ben\u00e9fica de cuatro estrellas con <a href=\"https:\/\/www.charitynavigator.org\/ein\/866057771\" target=\"_blank\" rel=\"noopener\">Charity Navigator<\/a>. Tambi\u00e9n somos miembros de la <a href=\"https:\/\/www.citygatenetwork.org\/\" target=\"_blank\" rel=\"noopener\">Red Citygate<\/a>que nos hace responsables de la administraci\u00f3n y de otros aspectos vitales del ministerio.<\/p>\n<h2>\n\t\tFinanzas del ejercicio 2023\n\t<\/h2>\n\t<ul>\n<li><a href=\"\/wp-content\/uploads\/2025\/03\/Phoenix-Rescue-Mission-AUDITED-FS-06.30.23-FINAL.pdf\" target=\"_blank\" rel=\"noopener\">2023 Estados financieros auditados<\/a><\/li>\n<li><a href=\"\/wp-content\/uploads\/2025\/03\/990-PRM-2022-Public-Copy-Final.pdf\" target=\"_blank\" rel=\"noopener\">2023 IRS 990<\/a><\/li>\n<li><a href=\"\/wp-content\/uploads\/2025\/03\/PRM_2022AnnualReport_4-27-23_updated_bbb-1.pdf\" target=\"_blank\" rel=\"noopener\">Informe anual 2022<\/a><\/li>\n<li><a href=\"\/wp-content\/uploads\/2025\/03\/2023-Annual-Report.pdf\" target=\"_blank\" rel=\"noopener\">Informe anual 2023<\/a><\/li>\n<\/ul>\n<p>Phoenix Rescue Mission es una organizaci\u00f3n sin \u00e1nimo de lucro 501c3 financiada casi en su totalidad por particulares, iglesias, empresas, fundaciones y otras organizaciones.<\/p>","protected":false},"excerpt":{"rendered":"<p>Qui\u00e9nes somos Impacto y finanzas Administraci\u00f3n financiera Phoenix Rescue Mission est\u00e1 comprometida con los m\u00e1s altos est\u00e1ndares de administraci\u00f3n financiera, responsabilidad y transparencia, y nuestras calificaciones reflejan esa dedicaci\u00f3n. Somos una organizaci\u00f3n ben\u00e9fica acreditada por el Better Business Bureau, el Evangelical Council for Financial Accountability, estamos certificados por Excellence in Giving y certificados Platinum...<\/p>","protected":false},"author":7,"featured_media":0,"parent":689,"menu_order":4,"comment_status":"closed","ping_status":"closed","template":"","meta":{"_acf_changed":false,"footnotes":""},"class_list":["post-6675","page","type-page","status-publish","hentry"],"acf":[],"yoast_head":"<!-- This site is optimized with the Yoast SEO plugin v25.8 - https:\/\/yoast.com\/wordpress\/plugins\/seo\/ -->\n<title>Impact &amp; Financials - Phoenix Rescue Mission<\/title>\n<meta name=\"robots\" content=\"index, follow, max-snippet:-1, max-image-preview:large, max-video-preview:-1\" \/>\n<link rel=\"canonical\" href=\"https:\/\/phoenixrescuemission.louderstaging.com\/es\/about\/impact\/\" \/>\n<meta property=\"og:locale\" content=\"es_MX\" \/>\n<meta property=\"og:type\" content=\"article\" \/>\n<meta property=\"og:title\" content=\"Impact &amp; Financials - Phoenix Rescue Mission\" \/>\n<meta property=\"og:description\" content=\"Who We Are Impact and Financials Financial Stewardship Phoenix Rescue Mission is committed to the highest standards of financial stewardship, accountability and transparency, and our ratings reflect that dedication. We are an accredited charity with the Better Business Bureau, the Evangelical Council for Financial Accountability, we are certified by Excellence in Giving and certified Platinum&hellip;\" \/>\n<meta property=\"og:url\" content=\"https:\/\/phoenixrescuemission.louderstaging.com\/es\/about\/impact\/\" \/>\n<meta property=\"og:site_name\" content=\"Phoenix Rescue Mission\" \/>\n<meta property=\"article:modified_time\" content=\"2025-03-24T15:11:17+00:00\" \/>\n<meta name=\"twitter:card\" content=\"summary_large_image\" \/>\n<meta name=\"twitter:label1\" content=\"Tiempo de lectura\" \/>\n\t<meta name=\"twitter:data1\" content=\"1 minuto\" \/>\n<script type=\"application\/ld+json\" class=\"yoast-schema-graph\">{\"@context\":\"https:\/\/schema.org\",\"@graph\":[{\"@type\":\"WebPage\",\"@id\":\"https:\/\/phoenixrescuemission.louderstaging.com\/about\/impact\/\",\"url\":\"https:\/\/phoenixrescuemission.louderstaging.com\/about\/impact\/\",\"name\":\"Impact & Financials - Phoenix Rescue Mission\",\"isPartOf\":{\"@id\":\"https:\/\/phoenixrescuemission.louderstaging.com\/#website\"},\"datePublished\":\"2025-02-13T20:21:23+00:00\",\"dateModified\":\"2025-03-24T15:11:17+00:00\",\"breadcrumb\":{\"@id\":\"https:\/\/phoenixrescuemission.louderstaging.com\/about\/impact\/#breadcrumb\"},\"inLanguage\":\"es\",\"potentialAction\":[{\"@type\":\"ReadAction\",\"target\":[\"https:\/\/phoenixrescuemission.louderstaging.com\/about\/impact\/\"]}]},{\"@type\":\"BreadcrumbList\",\"@id\":\"https:\/\/phoenixrescuemission.louderstaging.com\/about\/impact\/#breadcrumb\",\"itemListElement\":[{\"@type\":\"ListItem\",\"position\":1,\"name\":\"Home\",\"item\":\"https:\/\/phoenixrescuemission.louderstaging.com\/\"},{\"@type\":\"ListItem\",\"position\":2,\"name\":\"About\",\"item\":\"https:\/\/phoenixrescuemission.louderstaging.com\/about\/\"},{\"@type\":\"ListItem\",\"position\":3,\"name\":\"Impact &#038; Financials\"}]},{\"@type\":\"WebSite\",\"@id\":\"https:\/\/phoenixrescuemission.louderstaging.com\/#website\",\"url\":\"https:\/\/phoenixrescuemission.louderstaging.com\/\",\"name\":\"Phoenix Rescue Mission\",\"description\":\"\",\"potentialAction\":[{\"@type\":\"SearchAction\",\"target\":{\"@type\":\"EntryPoint\",\"urlTemplate\":\"https:\/\/phoenixrescuemission.louderstaging.com\/?s={search_term_string}\"},\"query-input\":{\"@type\":\"PropertyValueSpecification\",\"valueRequired\":true,\"valueName\":\"search_term_string\"}}],\"inLanguage\":\"es\"}]}<\/script>\n<!-- \/ Yoast SEO plugin. -->","yoast_head_json":{"title":"Impact & Financials - Phoenix Rescue Mission","robots":{"index":"index","follow":"follow","max-snippet":"max-snippet:-1","max-image-preview":"max-image-preview:large","max-video-preview":"max-video-preview:-1"},"canonical":"https:\/\/phoenixrescuemission.louderstaging.com\/es\/about\/impact\/","og_locale":"es_MX","og_type":"article","og_title":"Impact & Financials - Phoenix Rescue Mission","og_description":"Who We Are Impact and Financials Financial Stewardship Phoenix Rescue Mission is committed to the highest standards of financial stewardship, accountability and transparency, and our ratings reflect that dedication. We are an accredited charity with the Better Business Bureau, the Evangelical Council for Financial Accountability, we are certified by Excellence in Giving and certified Platinum&hellip;","og_url":"https:\/\/phoenixrescuemission.louderstaging.com\/es\/about\/impact\/","og_site_name":"Phoenix Rescue Mission","article_modified_time":"2025-03-24T15:11:17+00:00","twitter_card":"summary_large_image","twitter_misc":{"Tiempo de lectura":"1 minuto"},"schema":{"@context":"https:\/\/schema.org","@graph":[{"@type":"WebPage","@id":"https:\/\/phoenixrescuemission.louderstaging.com\/about\/impact\/","url":"https:\/\/phoenixrescuemission.louderstaging.com\/about\/impact\/","name":"Impact & Financials - Phoenix Rescue Mission","isPartOf":{"@id":"https:\/\/phoenixrescuemission.louderstaging.com\/#website"},"datePublished":"2025-02-13T20:21:23+00:00","dateModified":"2025-03-24T15:11:17+00:00","breadcrumb":{"@id":"https:\/\/phoenixrescuemission.louderstaging.com\/about\/impact\/#breadcrumb"},"inLanguage":"es","potentialAction":[{"@type":"ReadAction","target":["https:\/\/phoenixrescuemission.louderstaging.com\/about\/impact\/"]}]},{"@type":"BreadcrumbList","@id":"https:\/\/phoenixrescuemission.louderstaging.com\/about\/impact\/#breadcrumb","itemListElement":[{"@type":"ListItem","position":1,"name":"Home","item":"https:\/\/phoenixrescuemission.louderstaging.com\/"},{"@type":"ListItem","position":2,"name":"About","item":"https:\/\/phoenixrescuemission.louderstaging.com\/about\/"},{"@type":"ListItem","position":3,"name":"Impact &#038; Financials"}]},{"@type":"WebSite","@id":"https:\/\/phoenixrescuemission.louderstaging.com\/#website","url":"https:\/\/phoenixrescuemission.louderstaging.com\/","name":"Misi\u00f3n de Rescate de Phoenix","description":"","potentialAction":[{"@type":"SearchAction","target":{"@type":"EntryPoint","urlTemplate":"https:\/\/phoenixrescuemission.louderstaging.com\/?s={search_term_string}"},"query-input":{"@type":"PropertyValueSpecification","valueRequired":true,"valueName":"search_term_string"}}],"inLanguage":"es"}]}},"_links":{"self":[{"href":"https:\/\/phoenixrescuemission.louderstaging.com\/es\/wp-json\/wp\/v2\/pages\/6675","targetHints":{"allow":["GET"]}}],"collection":[{"href":"https:\/\/phoenixrescuemission.louderstaging.com\/es\/wp-json\/wp\/v2\/pages"}],"about":[{"href":"https:\/\/phoenixrescuemission.louderstaging.com\/es\/wp-json\/wp\/v2\/types\/page"}],"author":[{"embeddable":true,"href":"https:\/\/phoenixrescuemission.louderstaging.com\/es\/wp-json\/wp\/v2\/users\/7"}],"replies":[{"embeddable":true,"href":"https:\/\/phoenixrescuemission.louderstaging.com\/es\/wp-json\/wp\/v2\/comments?post=6675"}],"version-history":[{"count":3,"href":"https:\/\/phoenixrescuemission.louderstaging.com\/es\/wp-json\/wp\/v2\/pages\/6675\/revisions"}],"predecessor-version":[{"id":8282,"href":"https:\/\/phoenixrescuemission.louderstaging.com\/es\/wp-json\/wp\/v2\/pages\/6675\/revisions\/8282"}],"up":[{"embeddable":true,"href":"https:\/\/phoenixrescuemission.louderstaging.com\/es\/wp-json\/wp\/v2\/pages\/689"}],"wp:attachment":[{"href":"https:\/\/phoenixrescuemission.louderstaging.com\/es\/wp-json\/wp\/v2\/media?parent=6675"}],"curies":[{"name":"wp","href":"https:\/\/api.w.org\/{rel}","templated":true}]}}