{"id":6674,"date":"2025-02-13T15:21:23","date_gmt":"2025-02-13T20:21:23","guid":{"rendered":"https:\/\/phoenixrescuemission.louderstaging.com\/about\/team\/"},"modified":"2025-04-05T16:34:12","modified_gmt":"2025-04-05T20:34:12","slug":"team","status":"publish","type":"page","link":"https:\/\/phoenixrescuemission.louderstaging.com\/es\/about\/team\/","title":{"rendered":"Equipo"},"content":{"rendered":"Qui\u00e9nes somos\n<h1>\n\t\tConoce a nuestro equipo\n\t<\/h1>\n\t<p>El personal y la Junta de la Misi\u00f3n de Rescate de Phoenix se siente honrado de asociarse con usted en el amor a nuestros vecinos en todo el Valle.<\/p>\n\n\t\t\t\t\t\t\t\t\t\t\t\t\t\t\t<img decoding=\"async\" src=\"https:\/\/phoenixrescuemission.louderstaging.com\/wp-content\/uploads\/2025\/03\/Ken-Brissa-.jpeg\" alt=\"\"\/>\n\t\t\t\t\t\t<h3>Ken Brissa<\/h3>\n\t\t\t\t\t\t\t\t\t\t\t\t\t\t\t<img decoding=\"async\" src=\"https:\/\/phoenixrescuemission.louderstaging.com\/wp-content\/uploads\/2025\/03\/Amanda-Hines-.jpeg\" alt=\"\"\/>\n\t\t\t\t\t\t<h3>Amanda Hines<\/h3>\n\t\t\t\t\t\t\t\t\t\t\t\t\t\t\t<img decoding=\"async\" src=\"https:\/\/phoenixrescuemission.louderstaging.com\/wp-content\/uploads\/2025\/03\/TaMella-Pierce-.jpeg\" alt=\"\"\/>\n\t\t\t\t\t\t<h3>Ta&#8217;Mella Pierce<\/h3>\n\t\t\t\t\t\t\t\t\t\t\t\t\t\t\t<img decoding=\"async\" src=\"https:\/\/phoenixrescuemission.louderstaging.com\/wp-content\/uploads\/2025\/03\/Jeremy-Woodard-.jpeg\" alt=\"\"\/>\n\t\t\t\t\t\t<h3>Jeremy Woodard<\/h3>\n\t\t\t\t\t\t\t\t\t\t\t\t\t\t\t<img decoding=\"async\" src=\"https:\/\/phoenixrescuemission.louderstaging.com\/wp-content\/uploads\/2025\/03\/Sean-Little-.jpeg\" alt=\"\"\/>\n\t\t\t\t\t\t<h3>Sean Little<\/h3>\n\t\t\t\t\t\t\t\t\t\t\t\t\t\t\t<img decoding=\"async\" src=\"https:\/\/phoenixrescuemission.louderstaging.com\/wp-content\/uploads\/2025\/03\/Jesse-Dallariva-.jpeg\" alt=\"\"\/>\n\t\t\t\t\t\t<h3>Jesse Dallariva<\/h3>\n\t\t\t\t\t\t\t\t\t\t\t\t\t\t\t<img decoding=\"async\" src=\"https:\/\/phoenixrescuemission.louderstaging.com\/wp-content\/uploads\/2025\/03\/Rob-Snead-.jpeg\" alt=\"\"\/>\n\t\t\t\t\t\t<h3>Rob Snead<\/h3>\n\t\t\t\t\t\t\t\t\t\t\t\t\t\t\t<img decoding=\"async\" src=\"https:\/\/phoenixrescuemission.louderstaging.com\/wp-content\/uploads\/2025\/03\/Mary-Kostrivas.jpeg\" alt=\"\"\/>\n\t\t\t\t\t\t<h3>Mary Kostrivas<\/h3>\n\t\t\t\t\t\t\t\t\t\t\t\t\t\t\t<img decoding=\"async\" src=\"https:\/\/phoenixrescuemission.louderstaging.com\/wp-content\/uploads\/2025\/03\/Mary-OHanlon.jpeg\" alt=\"\"\/>\n\t\t\t\t\t\t<h3>Mary O&#8217;Hanlon<\/h3>\n\t\t\t\t\t\t\t\t\t\t\t\t\t\t\t<img decoding=\"async\" src=\"https:\/\/phoenixrescuemission.louderstaging.com\/wp-content\/uploads\/2025\/03\/Kathy-Murphy-.jpeg\" alt=\"\"\/>\n\t\t\t\t\t\t<h3>Kathy Murphy<\/h3>\n\t\t\t\t\t\t\t\t\t\t\t\t\t\t\t<img decoding=\"async\" src=\"https:\/\/phoenixrescuemission.louderstaging.com\/wp-content\/uploads\/2025\/03\/Ted-Guy.jpeg\" alt=\"\"\/>\n\t\t\t\t\t\t<h3>Ted Guy<\/h3>\n\t\t\t\t\t\t\t\t\t\t\t\t\t\t\t<img decoding=\"async\" src=\"https:\/\/phoenixrescuemission.louderstaging.com\/wp-content\/uploads\/2025\/03\/Cindy-Anderson.jpeg\" alt=\"\"\/>\n\t\t\t\t\t\t<h3>Cindy Anderson<\/h3>\n\t\t\t\t\t\t\t\t\t\t\t\t\t\t\t<img decoding=\"async\" src=\"https:\/\/phoenixrescuemission.louderstaging.com\/wp-content\/uploads\/2025\/03\/Matt-Brinkman.jpeg\" alt=\"\"\/>\n\t\t\t\t\t\t<h3>Matthew Brinkman<\/h3>\n\t\t\t\t\t\t\t\t\t\t\t\t\t\t\t<img decoding=\"async\" src=\"https:\/\/phoenixrescuemission.louderstaging.com\/wp-content\/uploads\/2025\/03\/Kay-Ekstrom.jpeg\" alt=\"\"\/>\n\t\t\t\t\t\t<h3>Kay Ekstrom<\/h3>\n\t\t\t\t\t\t\t\t\t\t\t\t\t\t\t<img decoding=\"async\" src=\"https:\/\/phoenixrescuemission.louderstaging.com\/wp-content\/uploads\/2025\/03\/Steve-Fernandez.jpeg\" alt=\"\"\/>\n\t\t\t\t\t\t<h3>Steve Fern\u00e1ndez<\/h3>\n\t\t\t\t\t\t\t\t\t\t\t\t\t\t\t<img decoding=\"async\" src=\"https:\/\/phoenixrescuemission.louderstaging.com\/wp-content\/uploads\/2025\/03\/Amanda-Houghton-.jpeg\" alt=\"\"\/>\n\t\t\t\t\t\t<h3>Amanda Houghton<\/h3>\n\t\t\t\t\t\t\t\t\t\t\t\t\t\t\t<img decoding=\"async\" src=\"https:\/\/phoenixrescuemission.louderstaging.com\/wp-content\/uploads\/2025\/03\/Carl-Johnson-.webp\" alt=\"\"\/>\n\t\t\t\t\t\t<h3>Carl Johnson<\/h3>\n\t\t\t\t\t\t\t\t\t\t\t\t\t\t\t<img decoding=\"async\" src=\"https:\/\/phoenixrescuemission.louderstaging.com\/wp-content\/uploads\/2025\/03\/Tony-Muller.jpeg\" alt=\"\"\/>\n\t\t\t\t\t\t<h3>Tony Muller<\/h3>\n\t\t\t\t\t\t\t\t\t\t\t\t\t\t\t<img decoding=\"async\" src=\"https:\/\/phoenixrescuemission.louderstaging.com\/wp-content\/uploads\/2025\/03\/Jon-Phillips.png\" alt=\"\"\/>\n\t\t\t\t\t\t<h3>Jon Phillips<\/h3>\n\t\t\t\t\t\t\t\t\t\t\t\t\t\t\t<img decoding=\"async\" src=\"https:\/\/phoenixrescuemission.louderstaging.com\/wp-content\/uploads\/2025\/03\/Amilyn_Pierce.jpeg\" alt=\"\"\/>\n\t\t\t\t\t\t<h3>Amilyn Pierce<\/h3>\n\t\t\t\t\t\t\t\t\t\t\t\t\t\t\t<img decoding=\"async\" src=\"https:\/\/phoenixrescuemission.louderstaging.com\/wp-content\/uploads\/2025\/03\/PaulReichert-.jpeg\" alt=\"\"\/>\n\t\t\t\t\t\t<h3>Paul Reichert<\/h3>\n\t\t\t\t\t\t\t\t\t\t\t\t\t\t\t<img decoding=\"async\" src=\"https:\/\/phoenixrescuemission.louderstaging.com\/wp-content\/uploads\/2025\/03\/Paul-Senseman.jpeg\" alt=\"\"\/>\n\t\t\t\t\t\t<h3>Paul Senseman<\/h3>\n\t\t\t\t\t\t\t\t\t\t\t\t\t\t\t<img decoding=\"async\" src=\"https:\/\/phoenixrescuemission.louderstaging.com\/wp-content\/uploads\/2025\/03\/Nathaniel-Spatz-.webp\" alt=\"\"\/>\n\t\t\t\t\t\t<h3>Nathaniel Spatz<\/h3>\n\t\t\t\t\t\t\t\t\t\t\t\t\t\t\t<img decoding=\"async\" src=\"https:\/\/phoenixrescuemission.louderstaging.com\/wp-content\/uploads\/2025\/03\/Jim-Watkins.jpeg\" alt=\"\"\/>\n\t\t\t\t\t\t<h3>Jim Watkins<\/h3>\n\t\t\t\t\t\t\t\t\t\t\t\t\t\t\t<img decoding=\"async\" src=\"https:\/\/phoenixrescuemission.louderstaging.com\/wp-content\/uploads\/2025\/03\/Terell-Welch.jpeg\" alt=\"\"\/>\n\t\t\t\t\t\t<h3>Terell Welch<\/h3>\n<h2>\n\t\tEmbajadores\n\t<\/h2>\n\t\t\t\t\t\t<h3>Phyllis Barbee<\/h3>\n\t\t\t\t\t\t<h3>Kevin Biesty<\/h3>\n\t\t\t\t\t\t<h3>Ron Eriksson<\/h3>\n\t\t\t\t\t\t<h3>Steve Fedyski<\/h3>\n\t\t\t\t\t\t<h3>Jody Humber<\/h3>\n\t\t\t\t\t\t<h3>David Kotter<\/h3>\n\t\t\t\t\t\t<h3>Dennis Pickering<\/h3>\n\t\t\t\t\t\t<h3>Sue Dale<\/h3>\n\t\t\t\t\t\t<h3>Emily Talpas<\/h3>\n\t\t\t\t\t\t<h3>Neville Verster<\/h3>\n\t\t\t\t\t\t<h3>Hannah Woodruff<\/h3>\n\t\t\t\t\t\t<h3>Billy Bell<\/h3>\n\t\t\t\t\t\t<h3>Judi Butterworth<\/h3>\n\t\t\t\t\t\t<h3>Steve Eriksson<\/h3>\n\t\t\t\t\t\t<h3>Casidy Ferneding<\/h3>\n\t\t\t\t\t\t<h3>Michael Hunter<\/h3>\n\t\t\t\t\t\t<h3>Mike Kuzara<\/h3>\n\t\t\t\t\t\t<h3>Brad Richardson<\/h3>\n\t\t\t\t\t\t<h3>Chris Schoenleb II<\/h3>\n\t\t\t\t\t\t<h3>Mike Terlizzi<\/h3>\n\t\t\t\t\t\t<h3>Bill Warner<\/h3>\n\t\t\t\t\t\t<h3>Kim Yeatts<\/h3>\n\t\t\t\t\t\t<h3>Lori Bell<\/h3>\n\t\t\t\t\t\t<h3>Marcia Christensen<\/h3>\n\t\t\t\t\t\t<h3>Tracy Fedyski<\/h3>\n\t\t\t\t\t\t<h3>Laurie Ficarra<\/h3>\n\t\t\t\t\t\t<h3>Donna Kent<\/h3>\n\t\t\t\t\t\t<h3>Dudley Merkel<\/h3>\n\t\t\t\t\t\t<h3>Dr. David Sanderson<\/h3>\n\t\t\t\t\t\t<h3>Steve Shinn<\/h3>\n\t\t\t\t\t\t<h3>Steve Trussell<\/h3>\n\t\t\t\t\t\t<h3>Boaz Witbeck<\/h3>\n<h2>\n\t\tParticipa\n\t<\/h2>\n\t<p>La transformaci\u00f3n duradera pasa por amar al pr\u00f3jimo en lo que m\u00e1s necesita<\/p>\n\t\t\t\t<img loading=\"lazy\" decoding=\"async\" src=\"https:\/\/phoenixrescuemission.louderstaging.com\/wp-content\/uploads\/2025\/02\/Group-2543.png\" alt=\"Group 2543\" itemprop=\"image\" height=\"215\" width=\"214\" title=\"Grupo 2543\" onerror=\"this.style.display='none'\"  \/>\n<h3>\n\t\tDanos\n\t<\/h3>\n\t<p>Su apoyo trae esperanza a hombres, mujeres y ni\u00f1os, proporcionando las necesidades b\u00e1sicas, recursos que cambian la vida, y la atenci\u00f3n esencial centrada en Cristo son la recuperaci\u00f3n. <\/p>\n\t\t\t\t<img loading=\"lazy\" decoding=\"async\" src=\"https:\/\/phoenixrescuemission.louderstaging.com\/wp-content\/uploads\/2025\/02\/Group-2544.png\" alt=\"Group 2544\" itemprop=\"image\" height=\"216\" width=\"214\" title=\"Grupo 2544\" onerror=\"this.style.display='none'\"  \/>\n<h3>\n\t\tVoluntario\n\t<\/h3>\n\t<p>Establezca relaciones, comparta sus conocimientos y vea c\u00f3mo se transforman vidas. <\/p>\n\t\t\t\t<img loading=\"lazy\" decoding=\"async\" src=\"https:\/\/phoenixrescuemission.louderstaging.com\/wp-content\/uploads\/2025\/02\/Group-2545.png\" alt=\"Group 2545\" itemprop=\"image\" height=\"216\" width=\"214\" title=\"Grupo 2545\" onerror=\"this.style.display='none'\"  \/>\n<h3>\n\t\tCorre la voz\n\t<\/h3>\n\t<p>Encu\u00e9ntranos en Facebook e Instagram, donde puedes comentar las publicaciones y animar a m\u00e1s gente a amar a sus vecinos. <\/p>\n\t\t\t<a href=\"\/es\/get-involved\/\" target=\"_self\">\n\t\t\t\t\t\t\tM\u00e1s formas de ayudar\n\t\t\t\t\t<\/a>","protected":false},"excerpt":{"rendered":"<p>Who We Are Meet Our Team The staff and Board of the Phoenix Rescue Mission is honored to partner with you in loving our neighbors across the Valley. Ken Brissa Amanda Hines Ta&#8217;Mella Pierce Jeremy Woodard Sean Little Jesse Dallariva Rob Snead Mary Kostrivas Mary O&#8217;Hanlon Kathy Murphy Ted Guy Cindy Anderson Matthew Brinkman Kay&hellip;<\/p>","protected":false},"author":7,"featured_media":0,"parent":689,"menu_order":3,"comment_status":"closed","ping_status":"closed","template":"","meta":{"_acf_changed":false,"footnotes":""},"class_list":["post-6674","page","type-page","status-publish","hentry"],"acf":[],"yoast_head":"<!-- This site is optimized with the Yoast SEO plugin v25.8 - https:\/\/yoast.com\/wordpress\/plugins\/seo\/ -->\n<title>Team - Phoenix Rescue Mission<\/title>\n<meta name=\"robots\" content=\"index, follow, max-snippet:-1, max-image-preview:large, max-video-preview:-1\" \/>\n<link rel=\"canonical\" href=\"https:\/\/phoenixrescuemission.louderstaging.com\/es\/about\/team\/\" \/>\n<meta property=\"og:locale\" content=\"es_MX\" \/>\n<meta property=\"og:type\" content=\"article\" \/>\n<meta property=\"og:title\" content=\"Team - Phoenix Rescue Mission\" \/>\n<meta property=\"og:description\" content=\"Who We Are Meet Our Team The staff and Board of the Phoenix Rescue Mission is honored to partner with you in loving our neighbors across the Valley. Ken Brissa Amanda Hines Ta&#8217;Mella Pierce Jeremy Woodard Sean Little Jesse Dallariva Rob Snead Mary Kostrivas Mary O&#8217;Hanlon Kathy Murphy Ted Guy Cindy Anderson Matthew Brinkman Kay&hellip;\" \/>\n<meta property=\"og:url\" content=\"https:\/\/phoenixrescuemission.louderstaging.com\/es\/about\/team\/\" \/>\n<meta property=\"og:site_name\" content=\"Phoenix Rescue Mission\" \/>\n<meta property=\"article:modified_time\" content=\"2025-04-05T20:34:12+00:00\" \/>\n<meta property=\"og:image\" content=\"https:\/\/phoenixrescuemission.louderstaging.com\/wp-content\/uploads\/2025\/03\/Ken-Brissa-.jpeg\" \/>\n<meta name=\"twitter:card\" content=\"summary_large_image\" \/>\n<meta name=\"twitter:label1\" content=\"Tiempo de lectura\" \/>\n\t<meta name=\"twitter:data1\" content=\"1 minuto\" \/>\n<script type=\"application\/ld+json\" class=\"yoast-schema-graph\">{\"@context\":\"https:\/\/schema.org\",\"@graph\":[{\"@type\":\"WebPage\",\"@id\":\"https:\/\/phoenixrescuemission.louderstaging.com\/about\/team\/\",\"url\":\"https:\/\/phoenixrescuemission.louderstaging.com\/about\/team\/\",\"name\":\"Team - Phoenix Rescue Mission\",\"isPartOf\":{\"@id\":\"https:\/\/phoenixrescuemission.louderstaging.com\/#website\"},\"primaryImageOfPage\":{\"@id\":\"https:\/\/phoenixrescuemission.louderstaging.com\/about\/team\/#primaryimage\"},\"image\":{\"@id\":\"https:\/\/phoenixrescuemission.louderstaging.com\/about\/team\/#primaryimage\"},\"thumbnailUrl\":\"https:\/\/phoenixrescuemission.louderstaging.com\/wp-content\/uploads\/2025\/03\/Ken-Brissa-.jpeg\",\"datePublished\":\"2025-02-13T20:21:23+00:00\",\"dateModified\":\"2025-04-05T20:34:12+00:00\",\"breadcrumb\":{\"@id\":\"https:\/\/phoenixrescuemission.louderstaging.com\/about\/team\/#breadcrumb\"},\"inLanguage\":\"es\",\"potentialAction\":[{\"@type\":\"ReadAction\",\"target\":[\"https:\/\/phoenixrescuemission.louderstaging.com\/about\/team\/\"]}]},{\"@type\":\"ImageObject\",\"inLanguage\":\"es\",\"@id\":\"https:\/\/phoenixrescuemission.louderstaging.com\/about\/team\/#primaryimage\",\"url\":\"https:\/\/phoenixrescuemission.louderstaging.com\/wp-content\/uploads\/2025\/03\/Ken-Brissa-.jpeg\",\"contentUrl\":\"https:\/\/phoenixrescuemission.louderstaging.com\/wp-content\/uploads\/2025\/03\/Ken-Brissa-.jpeg\"},{\"@type\":\"BreadcrumbList\",\"@id\":\"https:\/\/phoenixrescuemission.louderstaging.com\/about\/team\/#breadcrumb\",\"itemListElement\":[{\"@type\":\"ListItem\",\"position\":1,\"name\":\"Home\",\"item\":\"https:\/\/phoenixrescuemission.louderstaging.com\/\"},{\"@type\":\"ListItem\",\"position\":2,\"name\":\"About\",\"item\":\"https:\/\/phoenixrescuemission.louderstaging.com\/about\/\"},{\"@type\":\"ListItem\",\"position\":3,\"name\":\"Team\"}]},{\"@type\":\"WebSite\",\"@id\":\"https:\/\/phoenixrescuemission.louderstaging.com\/#website\",\"url\":\"https:\/\/phoenixrescuemission.louderstaging.com\/\",\"name\":\"Phoenix Rescue Mission\",\"description\":\"\",\"potentialAction\":[{\"@type\":\"SearchAction\",\"target\":{\"@type\":\"EntryPoint\",\"urlTemplate\":\"https:\/\/phoenixrescuemission.louderstaging.com\/?s={search_term_string}\"},\"query-input\":{\"@type\":\"PropertyValueSpecification\",\"valueRequired\":true,\"valueName\":\"search_term_string\"}}],\"inLanguage\":\"es\"}]}<\/script>\n<!-- \/ Yoast SEO plugin. -->","yoast_head_json":{"title":"Team - Phoenix Rescue Mission","robots":{"index":"index","follow":"follow","max-snippet":"max-snippet:-1","max-image-preview":"max-image-preview:large","max-video-preview":"max-video-preview:-1"},"canonical":"https:\/\/phoenixrescuemission.louderstaging.com\/es\/about\/team\/","og_locale":"es_MX","og_type":"article","og_title":"Team - Phoenix Rescue Mission","og_description":"Who We Are Meet Our Team The staff and Board of the Phoenix Rescue Mission is honored to partner with you in loving our neighbors across the Valley. Ken Brissa Amanda Hines Ta&#8217;Mella Pierce Jeremy Woodard Sean Little Jesse Dallariva Rob Snead Mary Kostrivas Mary O&#8217;Hanlon Kathy Murphy Ted Guy Cindy Anderson Matthew Brinkman Kay&hellip;","og_url":"https:\/\/phoenixrescuemission.louderstaging.com\/es\/about\/team\/","og_site_name":"Phoenix Rescue Mission","article_modified_time":"2025-04-05T20:34:12+00:00","og_image":[{"url":"https:\/\/phoenixrescuemission.louderstaging.com\/wp-content\/uploads\/2025\/03\/Ken-Brissa-.jpeg","type":"","width":"","height":""}],"twitter_card":"summary_large_image","twitter_misc":{"Tiempo de lectura":"1 minuto"},"schema":{"@context":"https:\/\/schema.org","@graph":[{"@type":"WebPage","@id":"https:\/\/phoenixrescuemission.louderstaging.com\/about\/team\/","url":"https:\/\/phoenixrescuemission.louderstaging.com\/about\/team\/","name":"Team - Phoenix Rescue Mission","isPartOf":{"@id":"https:\/\/phoenixrescuemission.louderstaging.com\/#website"},"primaryImageOfPage":{"@id":"https:\/\/phoenixrescuemission.louderstaging.com\/about\/team\/#primaryimage"},"image":{"@id":"https:\/\/phoenixrescuemission.louderstaging.com\/about\/team\/#primaryimage"},"thumbnailUrl":"https:\/\/phoenixrescuemission.louderstaging.com\/wp-content\/uploads\/2025\/03\/Ken-Brissa-.jpeg","datePublished":"2025-02-13T20:21:23+00:00","dateModified":"2025-04-05T20:34:12+00:00","breadcrumb":{"@id":"https:\/\/phoenixrescuemission.louderstaging.com\/about\/team\/#breadcrumb"},"inLanguage":"es","potentialAction":[{"@type":"ReadAction","target":["https:\/\/phoenixrescuemission.louderstaging.com\/about\/team\/"]}]},{"@type":"ImageObject","inLanguage":"es","@id":"https:\/\/phoenixrescuemission.louderstaging.com\/about\/team\/#primaryimage","url":"https:\/\/phoenixrescuemission.louderstaging.com\/wp-content\/uploads\/2025\/03\/Ken-Brissa-.jpeg","contentUrl":"https:\/\/phoenixrescuemission.louderstaging.com\/wp-content\/uploads\/2025\/03\/Ken-Brissa-.jpeg"},{"@type":"BreadcrumbList","@id":"https:\/\/phoenixrescuemission.louderstaging.com\/about\/team\/#breadcrumb","itemListElement":[{"@type":"ListItem","position":1,"name":"Home","item":"https:\/\/phoenixrescuemission.louderstaging.com\/"},{"@type":"ListItem","position":2,"name":"About","item":"https:\/\/phoenixrescuemission.louderstaging.com\/about\/"},{"@type":"ListItem","position":3,"name":"Team"}]},{"@type":"WebSite","@id":"https:\/\/phoenixrescuemission.louderstaging.com\/#website","url":"https:\/\/phoenixrescuemission.louderstaging.com\/","name":"Misi\u00f3n de Rescate de Phoenix","description":"","potentialAction":[{"@type":"SearchAction","target":{"@type":"EntryPoint","urlTemplate":"https:\/\/phoenixrescuemission.louderstaging.com\/?s={search_term_string}"},"query-input":{"@type":"PropertyValueSpecification","valueRequired":true,"valueName":"search_term_string"}}],"inLanguage":"es"}]}},"_links":{"self":[{"href":"https:\/\/phoenixrescuemission.louderstaging.com\/es\/wp-json\/wp\/v2\/pages\/6674","targetHints":{"allow":["GET"]}}],"collection":[{"href":"https:\/\/phoenixrescuemission.louderstaging.com\/es\/wp-json\/wp\/v2\/pages"}],"about":[{"href":"https:\/\/phoenixrescuemission.louderstaging.com\/es\/wp-json\/wp\/v2\/types\/page"}],"author":[{"embeddable":true,"href":"https:\/\/phoenixrescuemission.louderstaging.com\/es\/wp-json\/wp\/v2\/users\/7"}],"replies":[{"embeddable":true,"href":"https:\/\/phoenixrescuemission.louderstaging.com\/es\/wp-json\/wp\/v2\/comments?post=6674"}],"version-history":[{"count":17,"href":"https:\/\/phoenixrescuemission.louderstaging.com\/es\/wp-json\/wp\/v2\/pages\/6674\/revisions"}],"predecessor-version":[{"id":8579,"href":"https:\/\/phoenixrescuemission.louderstaging.com\/es\/wp-json\/wp\/v2\/pages\/6674\/revisions\/8579"}],"up":[{"embeddable":true,"href":"https:\/\/phoenixrescuemission.louderstaging.com\/es\/wp-json\/wp\/v2\/pages\/689"}],"wp:attachment":[{"href":"https:\/\/phoenixrescuemission.louderstaging.com\/es\/wp-json\/wp\/v2\/media?parent=6674"}],"curies":[{"name":"wp","href":"https:\/\/api.w.org\/{rel}","templated":true}]}}