{"id":5,"date":"2017-05-24T17:12:39","date_gmt":"2017-05-24T17:12:39","guid":{"rendered":"http:\/\/ctframework.wpengine.com\/?page_id=5"},"modified":"2025-04-30T16:41:03","modified_gmt":"2025-04-30T20:41:03","slug":"home","status":"publish","type":"page","link":"https:\/\/phoenixrescuemission.louderstaging.com\/es\/","title":{"rendered":"Home"},"content":{"rendered":"Bienvenido a Phoenix Rescue Mission\n<h1>\n\t\tYour Partner in Saving and Transforming Lives\n\t<\/h1>\n\t<p>Nadie hace lo que hacemos, c\u00f3mo lo hacemos, en la escala que lo hacemos, con el amor que lo hacemos.<\/p>\n<h2>\n\t\tAma a tu pr\u00f3jimo\n\t<\/h2>\n\t<p>Rescatar a la gente de las calles y del calor.<\/p>\n\t\t\t<a href=\"\/es\/give\/\" target=\"_self\">\n\t\t\t\t\t\t\tDonar\n\t\t\t\t\t<\/a>\n\t\t\t\t<img loading=\"lazy\" decoding=\"async\" src=\"https:\/\/phoenixrescuemission.louderstaging.com\/wp-content\/uploads\/2025\/02\/Group-676.webp\" alt=\"Group 676\" itemprop=\"image\" height=\"917\" width=\"1025\" title=\"Grupo 676\" onerror=\"this.style.display='none'\"  \/>\n\t\t\t\t<img loading=\"lazy\" decoding=\"async\" src=\"https:\/\/phoenixrescuemission.louderstaging.com\/wp-content\/uploads\/2025\/02\/Group-2473.webp\" alt=\"Group 2473\" itemprop=\"image\" height=\"665\" width=\"779\" title=\"Grupo 2473\" onerror=\"this.style.display='none'\"  \/>\n\t\tPuedes amar a tu pr\u00f3jimo\n<h2>\n\t\tPeople are Hurting\n\t<\/h2>\n\t<p>Puedes ayudar a hombres, mujeres y ni\u00f1os del Valle a vivir vidas transformadas.<\/p>\n\t\t<!-- Comment to fix spacing issue\n\t-->\n\t\t0K\n\t<!-- Comment to fix spacing issue\n\t-->\t\n\t<p>Personas sin hogar cada noche en el condado de Maricopa<\/p>\n\t\t<!-- Comment to fix spacing issue\n\t-->\n\t\t0K\n\t<!-- Comment to fix spacing issue\n\t-->\t\n\t<p>Hombres y mujeres mueren cada a\u00f1o por sobredosis de f\u00e1rmacos<\/p>\n\t\t<!-- Comment to fix spacing issue\n\t-->\n\t\t0K\n\t<!-- Comment to fix spacing issue\n\t-->\t\n\t<p>Ni\u00f1os y familias pasan hambre cada d\u00eda<\/p>\n\t\tAmor. Esperanza. Transformaci\u00f3n.\n<h2>\n\t\tAyuda inmediata, completa y duradera\n\t<\/h2>\n\t<p>Phoenix Rescue Mission proporciona soluciones inmediatas e integrales, centradas en Cristo, para nuestros vecinos atrapados en ciclos de hambre, falta de vivienda, adicci\u00f3n y pobreza.<\/p>\n                    <a title=\"Calle&lt;br&gt;Outreach&rdquo; href=&rdquo;\/street-outreach\/&rdquo; target=&rdquo;_self&rdquo;  &gt;\t\t\t\t&lt;img decoding=\"async\" src=\"https:\/\/phoenixrescuemission.louderstaging.com\/wp-content\/uploads\/2025\/02\/Group-2400-2.webp\" alt=\"\"\/>\n\t\t\t<h3>Calle<br \/>Divulgaci\u00f3n<\/h3>\n\t\t\t\t\t<p>Contamos con m\u00e1s de 50 gestores de casos que trabajan con personas sin hogar en la calle 7 d\u00edas a la semana.<\/p>\n\t\t\t\t <!-- .loud_hover_box_content_inner -->\n\t\t\t <!-- .loud_hover_box_content_wrap -->\n\t\t <!-- .loud_hover_box_content_container -->\n\t <!-- .loud_hover_box_content -->\n\t\t\t\t\t<\/a> <!-- .loud_hover_box_link -->\n     <!-- .loud_hover_box -->\n                    <a title=\"Alimentaci&oacute;n&lt;br&gt;Assistance&rdquo; href=&rdquo;\/food-assistance\/&rdquo; target=&rdquo;_self&rdquo;  &gt;\t\t\t\t&lt;img decoding=\"async\" src=\"https:\/\/phoenixrescuemission.louderstaging.com\/wp-content\/uploads\/2025\/02\/Group-2400.webp\" alt=\"\"\/>\n\t\t\t<h3>Alimentaci\u00f3n<br \/>Asistencia<\/h3>\n\t\t\t\t\t<p>Nuestro banco de alimentos Hope for Hunger proporciona alimentos de emergencia, gesti\u00f3n de casos y asistencia laboral a unas 200 familias cada d\u00eda.<\/p>\n\t\t\t\t <!-- .loud_hover_box_content_inner -->\n\t\t\t <!-- .loud_hover_box_content_wrap -->\n\t\t <!-- .loud_hover_box_content_container -->\n\t <!-- .loud_hover_box_content -->\n\t\t\t\t\t<\/a> <!-- .loud_hover_box_link -->\n     <!-- .loud_hover_box -->\n                    <a title=\"Residencial&lt;br&gt;Recovery&rdquo; href=&rdquo;\/residential-recovery\/&rdquo; target=&rdquo;_self&rdquo;  &gt;\t\t\t\t&lt;img decoding=\"async\" src=\"https:\/\/phoenixrescuemission.louderstaging.com\/wp-content\/uploads\/2025\/02\/Group-2400-1.webp\" alt=\"\"\/>\n\t\t\t<h3>Residencial<br \/>Recuperaci\u00f3n<\/h3>\n\t\t\t\t\t<p>The largest Christ-centered addiction recovery center around, we&#8217;re equipped to serve 360 men and 150 women (or women with children under 12) at any given time.<\/p>\n\t\t\t\t <!-- .loud_hover_box_content_inner -->\n\t\t\t <!-- .loud_hover_box_content_wrap -->\n\t\t <!-- .loud_hover_box_content_container -->\n\t <!-- .loud_hover_box_content -->\n\t\t\t\t\t<\/a> <!-- .loud_hover_box_link -->\n     <!-- .loud_hover_box -->\n    <h3>\n\t\tParticipa\n\t<\/h3>\n\t<p>Hay muchas formas de colaborar con la Misi\u00f3n y amar al pr\u00f3jimo.<\/p>\n\t\t\t\t<img loading=\"lazy\" decoding=\"async\" src=\"https:\/\/phoenixrescuemission.louderstaging.com\/wp-content\/uploads\/2025\/02\/icon-clothes.png\" alt=\"icon-clothes\" itemprop=\"image\" height=\"216\" width=\"216\" title=\"icono-ropa\" onerror=\"this.style.display='none'\"  \/>\n<h3>\n\t\tDanos\n\t<\/h3>\n\t<p>Su apoyo trae esperanza a hombres, mujeres y ni\u00f1os, proporcionando las necesidades b\u00e1sicas, recursos que cambian la vida, y la atenci\u00f3n esencial centrada en Cristo son la recuperaci\u00f3n. <\/p>\n\t\t\t\t<img loading=\"lazy\" decoding=\"async\" src=\"https:\/\/phoenixrescuemission.louderstaging.com\/wp-content\/uploads\/2025\/02\/icon-help.png\" alt=\"icon-help\" itemprop=\"image\" height=\"216\" width=\"216\" title=\"icono-ayuda\" onerror=\"this.style.display='none'\"  \/>\n<h3>\n\t\tVoluntario\n\t<\/h3>\n\t<p>Establezca relaciones, comparta sus conocimientos y vea c\u00f3mo se transforman vidas.<\/p>\n\t\t\t\t<img loading=\"lazy\" decoding=\"async\" src=\"https:\/\/phoenixrescuemission.louderstaging.com\/wp-content\/uploads\/2025\/02\/icon-food.png\" alt=\"icon-food\" itemprop=\"image\" height=\"216\" width=\"216\" title=\"icono-alimentos\" onerror=\"this.style.display='none'\"  \/>\n<h3>\n\t\tCorre la voz\n\t<\/h3>\n\t<p>Encu\u00e9ntranos en Facebook e Instagram, donde puedes comentar las publicaciones y animar a m\u00e1s gente a amar a sus vecinos.<\/p>\n\t\t\t<a href=\"\/es\/give\/\" target=\"_self\">\n\t\t\t\t\t\t\tDonar\n\t\t\t\t\t<\/a>\n\t\t\t<a href=\"\/es\/tour\/\" target=\"_self\">\n\t\t\t\t\t\t\tVea nuestro modelo en acci\u00f3n\n\t\t\t\t\t<\/a>\n\t\tSu impacto aqu\u00ed\n<h2>\n\t\tVidas cambiadas gracias a su impacto\n\t<\/h2>\n\t\t<!-- Comment to fix spacing issue\n\t-->\n\t\t0M+\n\t<!-- Comment to fix spacing issue\n\t-->\t\n\t<p>Placerat at curae scelerisque vel interdum imper diet natoque.<\/p>\n\t\t<!-- Comment to fix spacing issue\n\t-->\n\t\t0\n\t<!-- Comment to fix spacing issue\n\t-->\t\n\t<p>Placerat at curae scelerisque vel interdum imper diet natoque.<\/p>\n\t\t<!-- Comment to fix spacing issue\n\t-->\n\t\t0\n\t<!-- Comment to fix spacing issue\n\t-->\t\n\t<p>Placerat at curae scelerisque vel interdum imper diet natoque.<\/p>\n\t\tEsto es lo que puede hacer el amor\n<h2>\n\t\tTransformaciones posibles gracias a ti\n\t<\/h2>\n\t\t\t<a href=\"\/es\/stories\/\" target=\"_self\">\n\t\t\t\t\t\t\tVer todas las historias\n\t\t\t\t\t<\/a>\n\t\t\t\t\t<a href=\"https:\/\/phoenixrescuemission.louderstaging.com\/es\/stories\/gabe\/\">\n\t\t\t\t\t\t<img decoding=\"async\" src=\"https:\/\/phoenixrescuemission.louderstaging.com\/wp-content\/uploads\/2025\/04\/Gabe-1.png\" alt=\"\"\/>\n\t\t\t\t\t\t\t<h3>La historia de Gabe<\/h3>\n\t\t\t\t\t<\/a>\n\t\t\t\t\t<a href=\"https:\/\/phoenixrescuemission.louderstaging.com\/es\/stories\/freddy-stacy\/\">\n\t\t\t\t\t\t<img decoding=\"async\" src=\"https:\/\/phoenixrescuemission.louderstaging.com\/wp-content\/uploads\/2025\/04\/Freddy-and-Stacy-1.png\" alt=\"\"\/>\n\t\t\t\t\t\t\t<h3>La historia de Freddy y Stacy<\/h3>\n\t\t\t\t\t<\/a>\n\t\t\t\t\t<a href=\"https:\/\/phoenixrescuemission.louderstaging.com\/es\/stories\/zunique\/\">\n\t\t\t\t\t\t<img decoding=\"async\" src=\"https:\/\/phoenixrescuemission.louderstaging.com\/wp-content\/uploads\/2025\/04\/Zunique-1.png\" alt=\"\"\/>\n\t\t\t\t\t\t\t<h3>La historia de Zunique<\/h3>\n\t\t\t\t\t<\/a>\n\t\t\t\t\t<a href=\"https:\/\/phoenixrescuemission.louderstaging.com\/es\/stories\/corrine\/\">\n\t\t\t\t\t\t<img decoding=\"async\" src=\"https:\/\/phoenixrescuemission.louderstaging.com\/wp-content\/uploads\/2025\/04\/Corrine-1.png\" alt=\"\"\/>\n\t\t\t\t\t\t\t<h3>La historia de Corrine<\/h3>\n\t\t\t\t\t<\/a>\n\t\t\t\t\t<a href=\"https:\/\/phoenixrescuemission.louderstaging.com\/es\/stories\/nathalye\/\">\n\t\t\t\t\t\t<img decoding=\"async\" src=\"https:\/\/phoenixrescuemission.louderstaging.com\/wp-content\/uploads\/2025\/04\/Nathalye-1.png\" alt=\"\"\/>\n\t\t\t\t\t\t\t<h3>La historia de Nathalye<\/h3>\n\t\t\t\t\t<\/a>\n\t\t\t\t\t<a href=\"https:\/\/phoenixrescuemission.louderstaging.com\/es\/stories\/pete\/\">\n\t\t\t\t\t\t<img decoding=\"async\" src=\"https:\/\/phoenixrescuemission.louderstaging.com\/wp-content\/uploads\/2025\/04\/Pete-1.png\" alt=\"\"\/>\n\t\t\t\t\t\t\t<h3>La historia de Pete<\/h3>\n\t\t\t\t\t<\/a>\n\t\t\t\t\t<a href=\"https:\/\/phoenixrescuemission.louderstaging.com\/es\/stories\/jennifer\/\">\n\t\t\t\t\t\t<img decoding=\"async\" src=\"https:\/\/phoenixrescuemission.louderstaging.com\/wp-content\/uploads\/2025\/04\/Jennifer-1.png\" alt=\"\"\/>\n\t\t\t\t\t\t\t<h3>La historia de Jennifer<\/h3>\n\t\t\t\t\t<\/a>\n\t\t\t\t\t<a href=\"https:\/\/phoenixrescuemission.louderstaging.com\/es\/stories\/billy\/\">\n\t\t\t\t\t\t<img decoding=\"async\" src=\"https:\/\/phoenixrescuemission.louderstaging.com\/wp-content\/uploads\/2025\/04\/Billy-1.png\" alt=\"\"\/>\n\t\t\t\t\t\t\t<h3>La historia de Billy<\/h3>\n\t\t\t\t\t<\/a>\n\t\t\t\t\t<a href=\"https:\/\/phoenixrescuemission.louderstaging.com\/es\/stories\/yvonne\/\">\n\t\t\t\t\t\t<img decoding=\"async\" src=\"https:\/\/phoenixrescuemission.louderstaging.com\/wp-content\/uploads\/2025\/02\/story-3.webp\" alt=\"\"\/>\n\t\t\t\t\t\t\t<h3>La historia de Yvonne<\/h3>\n\t\t\t\t\t<\/a>\n\t\t\t\t\t<a href=\"https:\/\/phoenixrescuemission.louderstaging.com\/es\/stories\/robert-leon\/\">\n\t\t\t\t\t\t<img decoding=\"async\" src=\"https:\/\/phoenixrescuemission.louderstaging.com\/wp-content\/uploads\/2025\/04\/Robert-Leon-1.png\" alt=\"\"\/>\n\t\t\t\t\t\t\t<h3>La historia de Robert Leon<\/h3>\n\t\t\t\t\t<\/a>\n\t\t\t\t\t<a href=\"https:\/\/phoenixrescuemission.louderstaging.com\/es\/stories\/manette\/\">\n\t\t\t\t\t\t<img decoding=\"async\" src=\"https:\/\/phoenixrescuemission.louderstaging.com\/wp-content\/uploads\/2025\/04\/Manette-1.png\" alt=\"\"\/>\n\t\t\t\t\t\t\t<h3>La historia de Manette<\/h3>\n\t\t\t\t\t<\/a>\n\t\t\t\t\t<a href=\"https:\/\/phoenixrescuemission.louderstaging.com\/es\/stories\/roy\/\">\n\t\t\t\t\t\t<img decoding=\"async\" src=\"https:\/\/phoenixrescuemission.louderstaging.com\/wp-content\/uploads\/2025\/04\/Roy-2-1.png\" alt=\"\"\/>\n\t\t\t\t\t\t\t<h3>La historia de Roy<\/h3>\n\t\t\t\t\t<\/a>\n\t\t\t\t\t<a href=\"https:\/\/phoenixrescuemission.louderstaging.com\/es\/stories\/zaneta\/\">\n\t\t\t\t\t\t<img decoding=\"async\" src=\"https:\/\/phoenixrescuemission.louderstaging.com\/wp-content\/uploads\/2025\/04\/Zaneta-1.png\" alt=\"\"\/>\n\t\t\t\t\t\t\t<h3>La historia de Zaneta<\/h3>\n\t\t\t\t\t<\/a>\n\t\t\t\t<img loading=\"lazy\" decoding=\"async\" src=\"https:\/\/phoenixrescuemission.louderstaging.com\/wp-content\/uploads\/2025\/02\/Group-2486.webp\" alt=\"Group 2486\" itemprop=\"image\" height=\"900\" width=\"1038\" title=\"Grupo 2486\" onerror=\"this.style.display='none'\"  \/>\n\t\tConvi\u00e9rtase en Sustentador\n<h2>\n\t\tMake the Biggest Difference\n\t<\/h2>\n\t<p>H\u00e1gase socio mensual<\/p>\n<p>As a monthly partner, you&#8217;ll make it possible for our hurting neighbors to experience life-transforming love, 365 days a year. Here are three reasons why:<\/p>\n<ol>\n<li>Un apoyo constante proporciona una base firme que nos permite ajustarnos cuando es necesario para satisfacer las necesidades inmediatas a medida que surgen.<\/li>\n<li>Monthly gifts allow us to always be stocked with supplies so that we can help people as they need it &#8211; before it&#8217;s too late.<\/li>\n<li>El apoyo sostenido ofrece la mejor oportunidad de administrar cada $1 de la manera m\u00e1s eficaz posible.<\/li>\n<\/ol>\n\t\t\t<a href=\"\/es\/give-monthly\/\" target=\"_self\">\n\t\t\t\t\t\t\tDonaci\u00f3n mensual\n\t\t\t\t\t<\/a>\n\t\t\t<a href=\"\/es\/about\/\" target=\"_self\">\n\t\t\t\t\t\t\tM\u00e1s informaci\u00f3n\n\t\t\t\t\t<\/a>\n<h2>\n\t\tParticipa\n\t<\/h2>\n\t<p>La transformaci\u00f3n duradera pasa por amar al pr\u00f3jimo en lo que m\u00e1s necesita<\/p>\n\t\t\t\t<img loading=\"lazy\" decoding=\"async\" src=\"https:\/\/phoenixrescuemission.louderstaging.com\/wp-content\/uploads\/2025\/02\/Give.png\" alt=\"Give\" itemprop=\"image\" height=\"150\" width=\"150\" title=\"Danos\" onerror=\"this.style.display='none'\"  \/>\n<h3>\n\t\tDanos\n\t<\/h3>\n\t<p>Su apoyo trae esperanza a hombres, mujeres y ni\u00f1os, proporcionando las necesidades b\u00e1sicas, recursos que cambian la vida, y la atenci\u00f3n esencial centrada en Cristo son la recuperaci\u00f3n. <\/p>\n\t\t\t\t<img loading=\"lazy\" decoding=\"async\" src=\"https:\/\/phoenixrescuemission.louderstaging.com\/wp-content\/uploads\/2025\/02\/Volunteer.png\" alt=\"Volunteer\" itemprop=\"image\" height=\"150\" width=\"150\" title=\"Voluntario\" onerror=\"this.style.display='none'\"  \/>\n<h3>\n\t\tVoluntario\n\t<\/h3>\n\t<p>Establezca relaciones, comparta sus conocimientos y vea c\u00f3mo se transforman vidas. <\/p>\n\t\t\t\t<img loading=\"lazy\" decoding=\"async\" src=\"https:\/\/phoenixrescuemission.louderstaging.com\/wp-content\/uploads\/2025\/02\/Spread-the-word.png\" alt=\"Spread the word\" itemprop=\"image\" height=\"150\" width=\"150\" title=\"Corre la voz\" onerror=\"this.style.display='none'\"  \/>\n<h3>\n\t\tCorre la voz\n\t<\/h3>\n\t<p>Encu\u00e9ntranos en Facebook e Instagram, donde puedes comentar las publicaciones y animar a m\u00e1s gente a amar a sus vecinos. <\/p>\n\t\t\t<a href=\"\/es\/get-involved\/\" target=\"_self\">\n\t\t\t\t\t\t\tM\u00e1s formas de ayudar\n\t\t\t\t\t<\/a>","protected":false},"excerpt":{"rendered":"<p>Welcome to Phoenix Rescue Mission! Your Partner in Saving and Transforming Lives No one does what we do, how we do, on the scale we do, with the love we do. Love Your Neighbor! Rescue people from the streets and the heat. Donate You Can Love Your Neighbor People are Hurting You can help men,&hellip;<\/p>","protected":false},"author":7,"featured_media":0,"parent":0,"menu_order":0,"comment_status":"closed","ping_status":"closed","template":"","meta":{"_acf_changed":false,"footnotes":""},"class_list":["post-5","page","type-page","status-publish","hentry"],"acf":[],"yoast_head":"<!-- This site is optimized with the Yoast SEO plugin v25.8 - https:\/\/yoast.com\/wordpress\/plugins\/seo\/ -->\n<title>Phoenix Rescue Mission<\/title>\n<meta name=\"robots\" content=\"index, follow, max-snippet:-1, max-image-preview:large, max-video-preview:-1\" \/>\n<link rel=\"canonical\" href=\"https:\/\/phoenixrescuemission.louderstaging.com\/es\/\" \/>\n<meta property=\"og:locale\" content=\"es_MX\" \/>\n<meta property=\"og:type\" content=\"article\" \/>\n<meta property=\"og:title\" content=\"Phoenix Rescue Mission\" \/>\n<meta property=\"og:description\" content=\"Welcome to Phoenix Rescue Mission! Your Partner in Saving and Transforming Lives No one does what we do, how we do, on the scale we do, with the love we do. Love Your Neighbor! Rescue people from the streets and the heat. Donate You Can Love Your Neighbor People are Hurting You can help men,&hellip;\" \/>\n<meta property=\"og:url\" content=\"https:\/\/phoenixrescuemission.louderstaging.com\/es\/\" \/>\n<meta property=\"og:site_name\" content=\"Phoenix Rescue Mission\" \/>\n<meta property=\"article:modified_time\" content=\"2025-04-30T20:41:03+00:00\" \/>\n<meta property=\"og:image\" content=\"https:\/\/phoenixrescuemission.louderstaging.com\/wp-content\/uploads\/2025\/03\/social-share.png\" \/>\n\t<meta property=\"og:image:width\" content=\"1600\" \/>\n\t<meta property=\"og:image:height\" content=\"840\" \/>\n\t<meta property=\"og:image:type\" content=\"image\/png\" \/>\n<meta name=\"twitter:card\" content=\"summary_large_image\" \/>\n<meta name=\"twitter:image\" content=\"https:\/\/phoenixrescuemission.louderstaging.com\/wp-content\/uploads\/2025\/03\/social-share.png\" \/>\n<meta name=\"twitter:label1\" content=\"Tiempo de lectura\" \/>\n\t<meta name=\"twitter:data1\" content=\"6 minutos\" \/>\n<script type=\"application\/ld+json\" class=\"yoast-schema-graph\">{\"@context\":\"https:\/\/schema.org\",\"@graph\":[{\"@type\":\"WebPage\",\"@id\":\"https:\/\/phoenixrescuemission.louderstaging.com\/\",\"url\":\"https:\/\/phoenixrescuemission.louderstaging.com\/\",\"name\":\"Phoenix Rescue Mission\",\"isPartOf\":{\"@id\":\"https:\/\/phoenixrescuemission.louderstaging.com\/#website\"},\"primaryImageOfPage\":{\"@id\":\"https:\/\/phoenixrescuemission.louderstaging.com\/#primaryimage\"},\"image\":{\"@id\":\"https:\/\/phoenixrescuemission.louderstaging.com\/#primaryimage\"},\"thumbnailUrl\":\"https:\/\/phoenixrescuemission.louderstaging.com\/wp-content\/uploads\/2025\/02\/Group-676.webp\",\"datePublished\":\"2017-05-24T17:12:39+00:00\",\"dateModified\":\"2025-04-30T20:41:03+00:00\",\"breadcrumb\":{\"@id\":\"https:\/\/phoenixrescuemission.louderstaging.com\/#breadcrumb\"},\"inLanguage\":\"es\",\"potentialAction\":[{\"@type\":\"ReadAction\",\"target\":[\"https:\/\/phoenixrescuemission.louderstaging.com\/\"]}]},{\"@type\":\"ImageObject\",\"inLanguage\":\"es\",\"@id\":\"https:\/\/phoenixrescuemission.louderstaging.com\/#primaryimage\",\"url\":\"https:\/\/phoenixrescuemission.louderstaging.com\/wp-content\/uploads\/2025\/02\/Group-676.webp\",\"contentUrl\":\"https:\/\/phoenixrescuemission.louderstaging.com\/wp-content\/uploads\/2025\/02\/Group-676.webp\"},{\"@type\":\"BreadcrumbList\",\"@id\":\"https:\/\/phoenixrescuemission.louderstaging.com\/#breadcrumb\",\"itemListElement\":[{\"@type\":\"ListItem\",\"position\":1,\"name\":\"Home\",\"item\":\"https:\/\/phoenixrescuemission.louderstaging.com\/\"},{\"@type\":\"ListItem\",\"position\":2,\"name\":\"Home\"}]},{\"@type\":\"WebSite\",\"@id\":\"https:\/\/phoenixrescuemission.louderstaging.com\/#website\",\"url\":\"https:\/\/phoenixrescuemission.louderstaging.com\/\",\"name\":\"Phoenix Rescue Mission\",\"description\":\"\",\"potentialAction\":[{\"@type\":\"SearchAction\",\"target\":{\"@type\":\"EntryPoint\",\"urlTemplate\":\"https:\/\/phoenixrescuemission.louderstaging.com\/?s={search_term_string}\"},\"query-input\":{\"@type\":\"PropertyValueSpecification\",\"valueRequired\":true,\"valueName\":\"search_term_string\"}}],\"inLanguage\":\"es\"}]}<\/script>\n<!-- \/ Yoast SEO plugin. -->","yoast_head_json":{"title":"Misi\u00f3n de Rescate de Phoenix","robots":{"index":"index","follow":"follow","max-snippet":"max-snippet:-1","max-image-preview":"max-image-preview:large","max-video-preview":"max-video-preview:-1"},"canonical":"https:\/\/phoenixrescuemission.louderstaging.com\/es\/","og_locale":"es_MX","og_type":"article","og_title":"Phoenix Rescue Mission","og_description":"Welcome to Phoenix Rescue Mission! Your Partner in Saving and Transforming Lives No one does what we do, how we do, on the scale we do, with the love we do. Love Your Neighbor! Rescue people from the streets and the heat. Donate You Can Love Your Neighbor People are Hurting You can help men,&hellip;","og_url":"https:\/\/phoenixrescuemission.louderstaging.com\/es\/","og_site_name":"Phoenix Rescue Mission","article_modified_time":"2025-04-30T20:41:03+00:00","og_image":[{"width":1600,"height":840,"url":"https:\/\/phoenixrescuemission.louderstaging.com\/wp-content\/uploads\/2025\/03\/social-share.png","type":"image\/png"}],"twitter_card":"summary_large_image","twitter_image":"https:\/\/phoenixrescuemission.louderstaging.com\/wp-content\/uploads\/2025\/03\/social-share.png","twitter_misc":{"Tiempo de lectura":"6 minutos"},"schema":{"@context":"https:\/\/schema.org","@graph":[{"@type":"WebPage","@id":"https:\/\/phoenixrescuemission.louderstaging.com\/","url":"https:\/\/phoenixrescuemission.louderstaging.com\/","name":"Misi\u00f3n de Rescate de Phoenix","isPartOf":{"@id":"https:\/\/phoenixrescuemission.louderstaging.com\/#website"},"primaryImageOfPage":{"@id":"https:\/\/phoenixrescuemission.louderstaging.com\/#primaryimage"},"image":{"@id":"https:\/\/phoenixrescuemission.louderstaging.com\/#primaryimage"},"thumbnailUrl":"https:\/\/phoenixrescuemission.louderstaging.com\/wp-content\/uploads\/2025\/02\/Group-676.webp","datePublished":"2017-05-24T17:12:39+00:00","dateModified":"2025-04-30T20:41:03+00:00","breadcrumb":{"@id":"https:\/\/phoenixrescuemission.louderstaging.com\/#breadcrumb"},"inLanguage":"es","potentialAction":[{"@type":"ReadAction","target":["https:\/\/phoenixrescuemission.louderstaging.com\/"]}]},{"@type":"ImageObject","inLanguage":"es","@id":"https:\/\/phoenixrescuemission.louderstaging.com\/#primaryimage","url":"https:\/\/phoenixrescuemission.louderstaging.com\/wp-content\/uploads\/2025\/02\/Group-676.webp","contentUrl":"https:\/\/phoenixrescuemission.louderstaging.com\/wp-content\/uploads\/2025\/02\/Group-676.webp"},{"@type":"BreadcrumbList","@id":"https:\/\/phoenixrescuemission.louderstaging.com\/#breadcrumb","itemListElement":[{"@type":"ListItem","position":1,"name":"Home","item":"https:\/\/phoenixrescuemission.louderstaging.com\/"},{"@type":"ListItem","position":2,"name":"Home"}]},{"@type":"WebSite","@id":"https:\/\/phoenixrescuemission.louderstaging.com\/#website","url":"https:\/\/phoenixrescuemission.louderstaging.com\/","name":"Misi\u00f3n de Rescate de Phoenix","description":"","potentialAction":[{"@type":"SearchAction","target":{"@type":"EntryPoint","urlTemplate":"https:\/\/phoenixrescuemission.louderstaging.com\/?s={search_term_string}"},"query-input":{"@type":"PropertyValueSpecification","valueRequired":true,"valueName":"search_term_string"}}],"inLanguage":"es"}]}},"_links":{"self":[{"href":"https:\/\/phoenixrescuemission.louderstaging.com\/es\/wp-json\/wp\/v2\/pages\/5","targetHints":{"allow":["GET"]}}],"collection":[{"href":"https:\/\/phoenixrescuemission.louderstaging.com\/es\/wp-json\/wp\/v2\/pages"}],"about":[{"href":"https:\/\/phoenixrescuemission.louderstaging.com\/es\/wp-json\/wp\/v2\/types\/page"}],"author":[{"embeddable":true,"href":"https:\/\/phoenixrescuemission.louderstaging.com\/es\/wp-json\/wp\/v2\/users\/7"}],"replies":[{"embeddable":true,"href":"https:\/\/phoenixrescuemission.louderstaging.com\/es\/wp-json\/wp\/v2\/comments?post=5"}],"version-history":[{"count":21,"href":"https:\/\/phoenixrescuemission.louderstaging.com\/es\/wp-json\/wp\/v2\/pages\/5\/revisions"}],"predecessor-version":[{"id":8936,"href":"https:\/\/phoenixrescuemission.louderstaging.com\/es\/wp-json\/wp\/v2\/pages\/5\/revisions\/8936"}],"wp:attachment":[{"href":"https:\/\/phoenixrescuemission.louderstaging.com\/es\/wp-json\/wp\/v2\/media?parent=5"}],"curies":[{"name":"wp","href":"https:\/\/api.w.org\/{rel}","templated":true}]}}